{"id":684,"date":"2025-03-05T11:57:40","date_gmt":"2025-03-05T11:57:40","guid":{"rendered":"https:\/\/www.comsa98.com\/serveis\/"},"modified":"2025-03-07T10:41:03","modified_gmt":"2025-03-07T10:41:03","slug":"serveis","status":"publish","type":"page","link":"https:\/\/www.comsa98.com\/ca\/serveis\/","title":{"rendered":"Serveis"},"content":{"rendered":"<p>[et_pb_section fb_built=&#8221;1&#8243; _builder_version=&#8221;4.27.4&#8243; _module_preset=&#8221;default&#8221; background_image=&#8221;https:\/\/www.comsa98.com\/wp-content\/uploads\/2025\/03\/fondo_slide_0.png&#8221; custom_padding=&#8221;0px||0px||false|false&#8221; global_colors_info=&#8221;{}&#8221;][et_pb_row _builder_version=&#8221;4.27.4&#8243; _module_preset=&#8221;default&#8221; background_image=&#8221;https:\/\/www.comsa98.com\/wp-content\/uploads\/2025\/03\/slide_servicios.png&#8221; min_height=&#8221;345px&#8221; custom_margin=&#8221;0px||0px||false|false&#8221; custom_padding=&#8221;150px||60px||false|false&#8221; animation_style=&#8221;fade&#8221; global_colors_info=&#8221;{}&#8221;][et_pb_column type=&#8221;4_4&#8243; _builder_version=&#8221;4.27.4&#8243; _module_preset=&#8221;default&#8221; background_enable_image=&#8221;off&#8221; global_colors_info=&#8221;{}&#8221;][\/et_pb_column][\/et_pb_row][\/et_pb_section][et_pb_section fb_built=&#8221;1&#8243; _builder_version=&#8221;4.27.4&#8243; _module_preset=&#8221;default&#8221; global_colors_info=&#8221;{}&#8221;][et_pb_row admin_label=&#8221;Fila&#8221; _builder_version=&#8221;4.27.4&#8243; _module_preset=&#8221;default&#8221; global_module=&#8221;154&#8243; global_colors_info=&#8221;{}&#8221;][et_pb_column type=&#8221;4_4&#8243; _builder_version=&#8221;4.27.4&#8243; _module_preset=&#8221;default&#8221; global_colors_info=&#8221;{}&#8221;][et_pb_post_title meta=&#8221;off&#8221; featured_image=&#8221;off&#8221; _builder_version=&#8221;4.27.4&#8243; _module_preset=&#8221;default&#8221; border_width_bottom=&#8221;1px&#8221; border_color_bottom=&#8221;#e5e5e5&#8243; global_colors_info=&#8221;{}&#8221;][\/et_pb_post_title][\/et_pb_column][\/et_pb_row][et_pb_row column_structure=&#8221;1_2,1_2&#8243; use_custom_gutter=&#8221;on&#8221; gutter_width=&#8221;2&#8243; make_equal=&#8221;on&#8221; _builder_version=&#8221;4.27.4&#8243; _module_preset=&#8221;default&#8221; global_colors_info=&#8221;{}&#8221;][et_pb_column type=&#8221;1_2&#8243; _builder_version=&#8221;4.27.4&#8243; _module_preset=&#8221;default&#8221; background_color=&#8221;#F9F9F9&#8243; custom_padding=&#8221;30px|30px|30px|30px|false|false&#8221; global_colors_info=&#8221;{}&#8221;][et_pb_heading title=&#8221;Assessorament prevenda&#8221; _builder_version=&#8221;4.27.4&#8243; _module_preset=&#8221;default&#8221; title_text_color=&#8221;#EC6E00&#8243; global_colors_info=&#8221;{}&#8221;][\/et_pb_heading][et_pb_text _builder_version=&#8221;4.27.4&#8243; _module_preset=&#8221;default&#8221; global_colors_info=&#8221;{}&#8221;]<\/p>\n<p>Centralitzem el suport prevenda a trav\u00e9s del nostre equip de professionals, certificats t\u00e8cnica i comercialment en totes les nostres marques, aix\u00ed podem oferir un centre \u00fanic per a la resoluci\u00f3 de consultes de qualsevol producte, mercat i tecnologia.<\/p>\n<p>[\/et_pb_text][et_pb_button button_url=&#8221;mailto:preventa@comsa98.es&#8221; button_text=&#8221;preventa@comsa98.es&#8221; _builder_version=&#8221;4.27.4&#8243; _module_preset=&#8221;default&#8221; global_colors_info=&#8221;{}&#8221;][\/et_pb_button][\/et_pb_column][et_pb_column type=&#8221;1_2&#8243; _builder_version=&#8221;4.27.4&#8243; _module_preset=&#8221;default&#8221; background_color=&#8221;#F9F9F9&#8243; custom_padding=&#8221;30px|30px|30px|30px|false|false&#8221; global_colors_info=&#8221;{}&#8221;][et_pb_heading title=&#8221;Assessorament postvenda&#8221; _builder_version=&#8221;4.27.4&#8243; _module_preset=&#8221;default&#8221; title_text_color=&#8221;#EC6E00&#8243; global_colors_info=&#8221;{}&#8221;][\/et_pb_heading][et_pb_text _builder_version=&#8221;4.27.4&#8243; _module_preset=&#8221;default&#8221; global_colors_info=&#8221;{}&#8221;]<\/p>\n<p>Dispossem d\u2019un suport t\u00e8cnic de primer nivell, certificat en totes les marques, a mes a mes d\u2019un call center t\u00e8cnic i comercial, que resoldr\u00e0 les incid\u00e8ncies, dubtes&#8230;.. que es poden produir despr\u00e9s de tancar una operaci\u00f3.<\/p>\n<p>[\/et_pb_text][et_pb_button button_url=&#8221;mailto:sat@comsa98.es&#8221; button_text=&#8221;sat@comsa98.es&#8221; _builder_version=&#8221;4.27.4&#8243; _module_preset=&#8221;default&#8221; global_colors_info=&#8221;{}&#8221;][\/et_pb_button][\/et_pb_column][\/et_pb_row][et_pb_row column_structure=&#8221;1_2,1_2&#8243; use_custom_gutter=&#8221;on&#8221; gutter_width=&#8221;2&#8243; make_equal=&#8221;on&#8221; _builder_version=&#8221;4.27.4&#8243; _module_preset=&#8221;default&#8221; global_colors_info=&#8221;{}&#8221;][et_pb_column type=&#8221;1_2&#8243; _builder_version=&#8221;4.27.4&#8243; _module_preset=&#8221;default&#8221; background_color=&#8221;#F9F9F9&#8243; custom_padding=&#8221;30px|30px|30px|30px|false|false&#8221; global_colors_info=&#8221;{}&#8221;][et_pb_heading title=&#8221;Soluci\u00f3 clau en m\u00e0&#8221; _builder_version=&#8221;4.27.4&#8243; _module_preset=&#8221;default&#8221; title_text_color=&#8221;#EC6E00&#8243; global_colors_info=&#8221;{}&#8221;][\/et_pb_heading][et_pb_text _builder_version=&#8221;4.27.4&#8243; _module_preset=&#8221;default&#8221; global_colors_info=&#8221;{}&#8221;]<\/p>\n<p>Li entreguem el seu projecte totalment acabat i preparat per a ser operatiu des del primer moment, un projecte en el que col\u00b7laboren professionals de diferents \u00e0rees per donar una soluci\u00f3 personalitzada i adaptada a les necessitats reals dels nostres clients. Una soluci\u00f3 flexible que permet fer els pagaments en c\u00f2modes quotes i treure el m\u00e0xim.<\/p>\n<p>[\/et_pb_text][et_pb_button button_url=&#8221;mailto:comercial@comsa98.com&#8221; button_text=&#8221;comercial@comsa98.com&#8221; _builder_version=&#8221;4.27.4&#8243; _module_preset=&#8221;default&#8221; global_colors_info=&#8221;{}&#8221;][\/et_pb_button][\/et_pb_column][et_pb_column type=&#8221;1_2&#8243; _builder_version=&#8221;4.27.4&#8243; _module_preset=&#8221;default&#8221; background_color=&#8221;#F9F9F9&#8243; custom_padding=&#8221;30px|30px|30px|30px|false|false&#8221; global_colors_info=&#8221;{}&#8221;][et_pb_heading title=&#8221;Formaci\u00f3&#8221; _builder_version=&#8221;4.27.4&#8243; _module_preset=&#8221;default&#8221; title_text_color=&#8221;#EC6E00&#8243; global_colors_info=&#8221;{}&#8221;][\/et_pb_heading][et_pb_text _builder_version=&#8221;4.27.4&#8243; _module_preset=&#8221;default&#8221; global_colors_info=&#8221;{}&#8221;]<\/p>\n<p>Recolzem amb formaci\u00f3 t\u00e8cnica i comercial els diferents perfils de les persones que integren les plantilles dels nostres clients per donar valor afegit al producte instal\u00b7lat a la seva empresa, donant aquesta per els diferents canals,In situ, videoconfer\u00e8ncia, on line, sempre a mida de les seves necessitats per poder compaginar amb la seva jornada laboral.<\/p>\n<p>[\/et_pb_text][et_pb_button button_url=&#8221;mailto:comercial@comsa98.com&#8221; button_text=&#8221;comercial@comsa98.com&#8221; _builder_version=&#8221;4.27.4&#8243; _module_preset=&#8221;default&#8221; global_colors_info=&#8221;{}&#8221;][\/et_pb_button][\/et_pb_column][\/et_pb_row][et_pb_row column_structure=&#8221;1_2,1_2&#8243; use_custom_gutter=&#8221;on&#8221; gutter_width=&#8221;2&#8243; make_equal=&#8221;on&#8221; _builder_version=&#8221;4.27.4&#8243; _module_preset=&#8221;default&#8221; global_colors_info=&#8221;{}&#8221;][et_pb_column type=&#8221;1_2&#8243; _builder_version=&#8221;4.27.4&#8243; _module_preset=&#8221;default&#8221; background_color=&#8221;#F9F9F9&#8243; custom_padding=&#8221;30px|30px|30px|30px|false|false&#8221; global_colors_info=&#8221;{}&#8221;][et_pb_heading title=&#8221;Manteniment integral&#8221; _builder_version=&#8221;4.27.4&#8243; _module_preset=&#8221;default&#8221; title_text_color=&#8221;#EC6E00&#8243; global_colors_info=&#8221;{}&#8221;][\/et_pb_heading][et_pb_text _builder_version=&#8221;4.27.4&#8243; _module_preset=&#8221;default&#8221; global_colors_info=&#8221;{}&#8221;]<\/p>\n<p>El nostre objectiu \u00e9s garantir i coordinar totes les necessitats tant d\u2019instal\u00b7laci\u00f3 com de manteniment i integraci\u00f3 de les diferents tecnologies i \u00e0rees, com comunicacions, electr\u00f2nica de xarxa, seguretat, audiovisuals, aportant totes les millores i avantatges d\u2019un gran integrador.<\/p>\n<p>[\/et_pb_text][et_pb_button button_url=&#8221;mailto:sat@comsa98.es&#8221; button_text=&#8221;sat@comsa98.es&#8221; _builder_version=&#8221;4.27.4&#8243; _module_preset=&#8221;default&#8221; global_colors_info=&#8221;{}&#8221;][\/et_pb_button][\/et_pb_column][et_pb_column type=&#8221;1_2&#8243; _builder_version=&#8221;4.27.4&#8243; _module_preset=&#8221;default&#8221; background_color=&#8221;#EC6E00&#8243; custom_padding=&#8221;30px|30px|30px|30px|false|false&#8221; global_colors_info=&#8221;{}&#8221;][et_pb_text _builder_version=&#8221;4.27.4&#8243; _module_preset=&#8221;default&#8221; text_text_color=&#8221;#F9F9F9&#8243; text_font_size=&#8221;26px&#8221; text_line_height=&#8221;1.4em&#8221; link_option_url=&#8221;https:\/\/www.comsa98.com\/ca\/contacte\/&#8221; hover_enabled=&#8221;0&#8243; global_colors_info=&#8221;{}&#8221; sticky_enabled=&#8221;0&#8243;]<\/p>\n<p><strong>QUALSEVOL ALTRA CONSULTA<\/strong><br \/>CONTACTA AMB NOSALTRES<\/p>\n<p>[\/et_pb_text][\/et_pb_column][\/et_pb_row][\/et_pb_section]<\/p>\n","protected":false},"excerpt":{"rendered":"<p>Centralitzem el suport prevenda a trav\u00e9s del nostre equip de professionals, certificats t\u00e8cnica i comercialment en totes les nostres marques, aix\u00ed podem oferir un centre \u00fanic per a la resoluci\u00f3 de consultes de qualsevol producte, mercat i tecnologia.Dispossem d\u2019un suport t\u00e8cnic de primer nivell, certificat en totes les marques, a mes a mes d\u2019un call [&hellip;]<\/p>\n","protected":false},"author":1,"featured_media":0,"parent":0,"menu_order":0,"comment_status":"closed","ping_status":"closed","template":"","meta":{"_acf_changed":false,"_et_pb_use_builder":"on","_et_pb_old_content":"","_et_gb_content_width":"","_monsterinsights_skip_tracking":false,"_monsterinsights_sitenote_active":false,"_monsterinsights_sitenote_note":"","_monsterinsights_sitenote_category":0,"footnotes":""},"class_list":["post-684","page","type-page","status-publish","hentry"],"acf":[],"yoast_head":"<!-- This site is optimized with the Yoast SEO plugin v27.3 - https:\/\/yoast.com\/product\/yoast-seo-wordpress\/ -->\n<title>Serveis - Comsa98<\/title>\n<meta name=\"robots\" content=\"index, follow, max-snippet:-1, max-image-preview:large, max-video-preview:-1\" \/>\n<link rel=\"canonical\" href=\"https:\/\/www.comsa98.com\/ca\/serveis\/\" \/>\n<meta property=\"og:locale\" content=\"ca_ES\" \/>\n<meta property=\"og:type\" content=\"article\" \/>\n<meta property=\"og:title\" content=\"Serveis - Comsa98\" \/>\n<meta property=\"og:description\" content=\"Centralitzem el suport prevenda a trav\u00e9s del nostre equip de professionals, certificats t\u00e8cnica i comercialment en totes les nostres marques, aix\u00ed podem oferir un centre \u00fanic per a la resoluci\u00f3 de consultes de qualsevol producte, mercat i tecnologia.Dispossem d\u2019un suport t\u00e8cnic de primer nivell, certificat en totes les marques, a mes a mes d\u2019un call [&hellip;]\" \/>\n<meta property=\"og:url\" content=\"https:\/\/www.comsa98.com\/ca\/serveis\/\" \/>\n<meta property=\"og:site_name\" content=\"Comsa98\" \/>\n<meta property=\"article:modified_time\" content=\"2025-03-07T10:41:03+00:00\" \/>\n<meta name=\"twitter:card\" content=\"summary_large_image\" \/>\n<meta name=\"twitter:label1\" content=\"Temps estimat de lectura\" \/>\n\t<meta name=\"twitter:data1\" content=\"5 minuts\" \/>\n<script type=\"application\/ld+json\" class=\"yoast-schema-graph\">{\"@context\":\"https:\\\/\\\/schema.org\",\"@graph\":[{\"@type\":\"WebPage\",\"@id\":\"https:\\\/\\\/www.comsa98.com\\\/ca\\\/serveis\\\/\",\"url\":\"https:\\\/\\\/www.comsa98.com\\\/ca\\\/serveis\\\/\",\"name\":\"Serveis - Comsa98\",\"isPartOf\":{\"@id\":\"https:\\\/\\\/www.comsa98.com\\\/ca\\\/#website\"},\"datePublished\":\"2025-03-05T11:57:40+00:00\",\"dateModified\":\"2025-03-07T10:41:03+00:00\",\"breadcrumb\":{\"@id\":\"https:\\\/\\\/www.comsa98.com\\\/ca\\\/serveis\\\/#breadcrumb\"},\"inLanguage\":\"ca\",\"potentialAction\":[{\"@type\":\"ReadAction\",\"target\":[\"https:\\\/\\\/www.comsa98.com\\\/ca\\\/serveis\\\/\"]}]},{\"@type\":\"BreadcrumbList\",\"@id\":\"https:\\\/\\\/www.comsa98.com\\\/ca\\\/serveis\\\/#breadcrumb\",\"itemListElement\":[{\"@type\":\"ListItem\",\"position\":1,\"name\":\"Portada\",\"item\":\"https:\\\/\\\/www.comsa98.com\\\/ca\\\/\"},{\"@type\":\"ListItem\",\"position\":2,\"name\":\"Serveis\"}]},{\"@type\":\"WebSite\",\"@id\":\"https:\\\/\\\/www.comsa98.com\\\/ca\\\/#website\",\"url\":\"https:\\\/\\\/www.comsa98.com\\\/ca\\\/\",\"name\":\"Comsa98\",\"description\":\"\",\"potentialAction\":[{\"@type\":\"SearchAction\",\"target\":{\"@type\":\"EntryPoint\",\"urlTemplate\":\"https:\\\/\\\/www.comsa98.com\\\/ca\\\/?s={search_term_string}\"},\"query-input\":{\"@type\":\"PropertyValueSpecification\",\"valueRequired\":true,\"valueName\":\"search_term_string\"}}],\"inLanguage\":\"ca\"}]}<\/script>\n<!-- \/ Yoast SEO plugin. -->","yoast_head_json":{"title":"Serveis - Comsa98","robots":{"index":"index","follow":"follow","max-snippet":"max-snippet:-1","max-image-preview":"max-image-preview:large","max-video-preview":"max-video-preview:-1"},"canonical":"https:\/\/www.comsa98.com\/ca\/serveis\/","og_locale":"ca_ES","og_type":"article","og_title":"Serveis - Comsa98","og_description":"Centralitzem el suport prevenda a trav\u00e9s del nostre equip de professionals, certificats t\u00e8cnica i comercialment en totes les nostres marques, aix\u00ed podem oferir un centre \u00fanic per a la resoluci\u00f3 de consultes de qualsevol producte, mercat i tecnologia.Dispossem d\u2019un suport t\u00e8cnic de primer nivell, certificat en totes les marques, a mes a mes d\u2019un call [&hellip;]","og_url":"https:\/\/www.comsa98.com\/ca\/serveis\/","og_site_name":"Comsa98","article_modified_time":"2025-03-07T10:41:03+00:00","twitter_card":"summary_large_image","twitter_misc":{"Temps estimat de lectura":"5 minuts"},"schema":{"@context":"https:\/\/schema.org","@graph":[{"@type":"WebPage","@id":"https:\/\/www.comsa98.com\/ca\/serveis\/","url":"https:\/\/www.comsa98.com\/ca\/serveis\/","name":"Serveis - Comsa98","isPartOf":{"@id":"https:\/\/www.comsa98.com\/ca\/#website"},"datePublished":"2025-03-05T11:57:40+00:00","dateModified":"2025-03-07T10:41:03+00:00","breadcrumb":{"@id":"https:\/\/www.comsa98.com\/ca\/serveis\/#breadcrumb"},"inLanguage":"ca","potentialAction":[{"@type":"ReadAction","target":["https:\/\/www.comsa98.com\/ca\/serveis\/"]}]},{"@type":"BreadcrumbList","@id":"https:\/\/www.comsa98.com\/ca\/serveis\/#breadcrumb","itemListElement":[{"@type":"ListItem","position":1,"name":"Portada","item":"https:\/\/www.comsa98.com\/ca\/"},{"@type":"ListItem","position":2,"name":"Serveis"}]},{"@type":"WebSite","@id":"https:\/\/www.comsa98.com\/ca\/#website","url":"https:\/\/www.comsa98.com\/ca\/","name":"Comsa98","description":"","potentialAction":[{"@type":"SearchAction","target":{"@type":"EntryPoint","urlTemplate":"https:\/\/www.comsa98.com\/ca\/?s={search_term_string}"},"query-input":{"@type":"PropertyValueSpecification","valueRequired":true,"valueName":"search_term_string"}}],"inLanguage":"ca"}]}},"_links":{"self":[{"href":"https:\/\/www.comsa98.com\/ca\/wp-json\/wp\/v2\/pages\/684","targetHints":{"allow":["GET"]}}],"collection":[{"href":"https:\/\/www.comsa98.com\/ca\/wp-json\/wp\/v2\/pages"}],"about":[{"href":"https:\/\/www.comsa98.com\/ca\/wp-json\/wp\/v2\/types\/page"}],"author":[{"embeddable":true,"href":"https:\/\/www.comsa98.com\/ca\/wp-json\/wp\/v2\/users\/1"}],"replies":[{"embeddable":true,"href":"https:\/\/www.comsa98.com\/ca\/wp-json\/wp\/v2\/comments?post=684"}],"version-history":[{"count":7,"href":"https:\/\/www.comsa98.com\/ca\/wp-json\/wp\/v2\/pages\/684\/revisions"}],"predecessor-version":[{"id":756,"href":"https:\/\/www.comsa98.com\/ca\/wp-json\/wp\/v2\/pages\/684\/revisions\/756"}],"wp:attachment":[{"href":"https:\/\/www.comsa98.com\/ca\/wp-json\/wp\/v2\/media?parent=684"}],"curies":[{"name":"wp","href":"https:\/\/api.w.org\/{rel}","templated":true}]}}