{"id":693,"date":"2025-03-06T09:51:21","date_gmt":"2025-03-06T08:51:21","guid":{"rendered":"https:\/\/www.comsa98.com\/fabricants\/"},"modified":"2025-09-03T08:50:53","modified_gmt":"2025-09-03T06:50:53","slug":"fabricants","status":"publish","type":"page","link":"https:\/\/www.comsa98.com\/ca\/fabricants\/","title":{"rendered":"Fabricants"},"content":{"rendered":"<p>[et_pb_section fb_built=&#8221;1&#8243; _builder_version=&#8221;4.27.4&#8243; _module_preset=&#8221;default&#8221; global_colors_info=&#8221;{}&#8221;][et_pb_row admin_label=&#8221;Fila&#8221; _builder_version=&#8221;4.27.4&#8243; _module_preset=&#8221;default&#8221; global_module=&#8221;154&#8243; global_colors_info=&#8221;{}&#8221;][et_pb_column type=&#8221;4_4&#8243; _builder_version=&#8221;4.27.4&#8243; _module_preset=&#8221;default&#8221; global_colors_info=&#8221;{}&#8221;][et_pb_post_title meta=&#8221;off&#8221; featured_image=&#8221;off&#8221; _builder_version=&#8221;4.27.4&#8243; _module_preset=&#8221;default&#8221; border_width_bottom=&#8221;1px&#8221; border_color_bottom=&#8221;#e5e5e5&#8243; global_colors_info=&#8221;{}&#8221;][\/et_pb_post_title][\/et_pb_column][\/et_pb_row][et_pb_row _builder_version=&#8221;4.27.4&#8243; _module_preset=&#8221;default&#8221; global_colors_info=&#8221;{}&#8221;][et_pb_column type=&#8221;4_4&#8243; _builder_version=&#8221;4.27.4&#8243; _module_preset=&#8221;default&#8221; global_colors_info=&#8221;{}&#8221;][et_pb_text _builder_version=&#8221;4.27.4&#8243; _module_preset=&#8221;default&#8221; global_colors_info=&#8221;{}&#8221;]<\/p>\n<p>&#8220;Oferir\u00a0<strong>solucions fiables<\/strong>\u00a0i adaptades a cada projecte en el\u00a0<strong>sector de les telecomunicacions<\/strong>\u00a0requereix treballar amb alts est\u00e0ndards de qualitat. A COMSA98 treballem amb els millors i m\u00e9s experimentats fabricants per tal d&#8217;aconseguir l&#8217;efici\u00e8ncia, qualitat, exig\u00e8ncia i personalitzaci\u00f3 necess\u00e0ria per assolir els objectius marcats.<\/p>\n<p><\/p>\n<p><strong>Els millors fabricants per a les millors solucions en COMSA98:<\/strong><\/p>\n<p>[\/et_pb_text][\/et_pb_column][\/et_pb_row][et_pb_row column_structure=&#8221;1_2,1_2&#8243; make_equal=&#8221;on&#8221; _builder_version=&#8221;4.27.4&#8243; _module_preset=&#8221;default&#8221; background_color=&#8221;#F9F9F9&#8243; custom_padding=&#8221;30px||30px||false|false&#8221; global_module=&#8221;185&#8243; saved_tabs=&#8221;all&#8221; global_colors_info=&#8221;{}&#8221;][et_pb_column type=&#8221;1_2&#8243; _builder_version=&#8221;4.27.4&#8243; _module_preset=&#8221;default&#8221; custom_css_main_element=&#8221;margin:auto;&#8221; global_colors_info=&#8221;{}&#8221;][et_pb_image src=&#8221;https:\/\/www.comsa98.com\/wp-content\/uploads\/2025\/03\/alcatel-lucent_enterpise.png&#8221; title_text=&#8221;alcatel-lucent_enterpise&#8221; align=&#8221;center&#8221; _builder_version=&#8221;4.27.4&#8243; _module_preset=&#8221;default&#8221; width=&#8221;60%&#8221; global_colors_info=&#8221;{}&#8221;][\/et_pb_image][\/et_pb_column][et_pb_column type=&#8221;1_2&#8243; _builder_version=&#8221;4.27.4&#8243; _module_preset=&#8221;default&#8221; custom_padding=&#8221;|30px||30px|false|false&#8221; global_colors_info=&#8221;{}&#8221;][et_pb_text _builder_version=&#8221;4.27.4&#8243; _module_preset=&#8221;default&#8221; global_colors_info=&#8221;{}&#8221;]<\/p>\n<p>Alcatel-Lucent Enterprise proporciona solucions personalitzades de comunicacions, col\u00b7laboraci\u00f3, xarxes intel\u00b7ligents i cloud per a PIMES i grans empreses.<\/p>\n<p>[\/et_pb_text][et_pb_button button_url=&#8221;https:\/\/www.comsa98.com\/ca\/alcatel-lucent-enterprise\/&#8221; button_text=&#8221;Solucions Alcatel-Lucent Enterprise que t&#8217;ofereix Comsa98&#8243; _builder_version=&#8221;4.27.4&#8243; _module_preset=&#8221;default&#8221; background_layout=&#8221;dark&#8221; global_colors_info=&#8221;{}&#8221;][\/et_pb_button][\/et_pb_column][\/et_pb_row][et_pb_row column_structure=&#8221;1_2,1_2&#8243; make_equal=&#8221;on&#8221; _builder_version=&#8221;4.27.4&#8243; _module_preset=&#8221;default&#8221; background_color=&#8221;#F9F9F9&#8243; custom_padding=&#8221;30px||30px||false|false&#8221; global_module=&#8221;186&#8243; saved_tabs=&#8221;all&#8221; global_colors_info=&#8221;{}&#8221;][et_pb_column type=&#8221;1_2&#8243; _builder_version=&#8221;4.27.4&#8243; _module_preset=&#8221;default&#8221; custom_css_main_element=&#8221;margin:auto;&#8221; global_colors_info=&#8221;{}&#8221;][et_pb_image src=&#8221;https:\/\/www.comsa98.com\/wp-content\/uploads\/2025\/09\/innovaphone-logo.webp&#8221; title_text=&#8221;Innovaphone&#8221; align=&#8221;center&#8221; _builder_version=&#8221;4.27.4&#8243; _module_preset=&#8221;default&#8221; width=&#8221;60%&#8221; hover_enabled=&#8221;0&#8243; global_colors_info=&#8221;{}&#8221; alt=&#8221;Innovaphone&#8221; sticky_enabled=&#8221;0&#8243;][\/et_pb_image][\/et_pb_column][et_pb_column type=&#8221;1_2&#8243; _builder_version=&#8221;4.27.4&#8243; _module_preset=&#8221;default&#8221; custom_padding=&#8221;|30px||30px|false|false&#8221; global_colors_info=&#8221;{}&#8221;][et_pb_text _builder_version=&#8221;4.27.4&#8243; _module_preset=&#8221;default&#8221; global_colors_info=&#8221;{}&#8221;]<\/p>\n<p>Startup innovadora, pioners de\u00a0VoIP, empresa tecnol\u00f2gica alemana, especialistes en UCC, mitjana empresa d&#8217;alta tecnologia: son nom\u00e9s algunes de les definicions i\u00a0fites que definenixen\u00a0la traject\u00f2ria de l&#8217;empresa innovaphone AG.<\/p>\n<p>[\/et_pb_text][et_pb_button button_url=&#8221;https:\/\/www.comsa98.com\/ca\/innovaphone\/&#8221; button_text=&#8221;Coneix les solucions Innovaphone que t&#8217;ofereix Comsa98&#8243; _builder_version=&#8221;4.27.4&#8243; _module_preset=&#8221;default&#8221; background_layout=&#8221;dark&#8221; global_colors_info=&#8221;{}&#8221;][\/et_pb_button][\/et_pb_column][\/et_pb_row][\/et_pb_section][et_pb_section fb_built=&#8221;1&#8243; _builder_version=&#8221;4.27.4&#8243; _module_preset=&#8221;default&#8221; custom_padding=&#8221;||0px|||&#8221; global_colors_info=&#8221;{}&#8221;][et_pb_row column_structure=&#8221;1_6,1_6,1_6,1_6,1_6,1_6&#8243; use_custom_gutter=&#8221;on&#8221; gutter_width=&#8221;2&#8243; _builder_version=&#8221;4.27.4&#8243; _module_preset=&#8221;default&#8221; custom_padding=&#8221;0px||||false|false&#8221; global_colors_info=&#8221;{}&#8221;][et_pb_column type=&#8221;1_6&#8243; _builder_version=&#8221;4.27.4&#8243; _module_preset=&#8221;default&#8221; global_colors_info=&#8221;{}&#8221;][et_pb_button button_text=&#8221;qualsevol&#8221; button_alignment=&#8221;center&#8221; module_class=&#8221;df-button&#8221; _builder_version=&#8221;4.27.4&#8243; _module_preset=&#8221;default&#8221; custom_button=&#8221;on&#8221; button_text_color=&#8221;#EC6E00&#8243; button_bg_color=&#8221;#F9F9F9&#8243; button_border_width=&#8221;2px&#8221; button_border_color=&#8221;#EC6E00&#8243; custom_css_main_element=&#8221;width:100%;&#8221; global_colors_info=&#8221;{}&#8221;][\/et_pb_button][\/et_pb_column][et_pb_column type=&#8221;1_6&#8243; _builder_version=&#8221;4.27.4&#8243; _module_preset=&#8221;default&#8221; global_colors_info=&#8221;{}&#8221;][et_pb_button button_text=&#8221;comunicacions&#8221; button_alignment=&#8221;center&#8221; module_class=&#8221;df-button dfc-comunicaciones&#8221; _builder_version=&#8221;4.27.4&#8243; _module_preset=&#8221;default&#8221; custom_css_main_element=&#8221;width:100%;&#8221; global_colors_info=&#8221;{}&#8221;][\/et_pb_button][\/et_pb_column][et_pb_column type=&#8221;1_6&#8243; _builder_version=&#8221;4.27.4&#8243; _module_preset=&#8221;default&#8221; global_colors_info=&#8221;{}&#8221;][et_pb_button button_text=&#8221;inform\u00e1tica&#8221; button_alignment=&#8221;center&#8221; module_class=&#8221;df-button dfc-informatica&#8221; _builder_version=&#8221;4.27.4&#8243; _module_preset=&#8221;default&#8221; custom_css_main_element=&#8221;width:100%;&#8221; global_colors_info=&#8221;{}&#8221;][\/et_pb_button][\/et_pb_column][et_pb_column type=&#8221;1_6&#8243; _builder_version=&#8221;4.27.4&#8243; _module_preset=&#8221;default&#8221; global_colors_info=&#8221;{}&#8221;][et_pb_button button_text=&#8221;audiovisuals&#8221; button_alignment=&#8221;center&#8221; module_class=&#8221;df-button dfc-audiovisuales&#8221; _builder_version=&#8221;4.27.4&#8243; _module_preset=&#8221;default&#8221; custom_css_main_element=&#8221;width:100%;&#8221; global_colors_info=&#8221;{}&#8221;][\/et_pb_button][\/et_pb_column][et_pb_column type=&#8221;1_6&#8243; _builder_version=&#8221;4.27.4&#8243; _module_preset=&#8221;default&#8221; global_colors_info=&#8221;{}&#8221;][et_pb_button button_text=&#8221;networking&#8221; button_alignment=&#8221;center&#8221; module_class=&#8221;df-button dfc-networking&#8221; _builder_version=&#8221;4.27.4&#8243; _module_preset=&#8221;default&#8221; custom_css_main_element=&#8221;width:100%;&#8221; global_colors_info=&#8221;{}&#8221;][\/et_pb_button][\/et_pb_column][et_pb_column type=&#8221;1_6&#8243; _builder_version=&#8221;4.27.4&#8243; _module_preset=&#8221;default&#8221; global_colors_info=&#8221;{}&#8221;][et_pb_button button_text=&#8221;seguretat&#8221; button_alignment=&#8221;center&#8221; module_class=&#8221;df-button dfc-seguridad&#8221; _builder_version=&#8221;4.27.4&#8243; _module_preset=&#8221;default&#8221; custom_css_main_element=&#8221;width:100%;&#8221; global_colors_info=&#8221;{}&#8221;][\/et_pb_button][\/et_pb_column][\/et_pb_row][\/et_pb_section][et_pb_section fb_built=&#8221;1&#8243; module_class=&#8221;df-area df-post&#8221; _builder_version=&#8221;4.27.4&#8243; _module_preset=&#8221;default&#8221; custom_padding=&#8221;0px|||||&#8221; global_colors_info=&#8221;{}&#8221;][et_pb_row _builder_version=&#8221;4.27.4&#8243; _module_preset=&#8221;default&#8221; global_colors_info=&#8221;{}&#8221;][et_pb_column type=&#8221;4_4&#8243; _builder_version=&#8221;4.27.4&#8243; _module_preset=&#8221;default&#8221; global_colors_info=&#8221;{}&#8221;][et_pb_blog post_type=&#8221;fabricante&#8221; posts_number=&#8221;99999&#8243; show_author=&#8221;off&#8221; show_date=&#8221;off&#8221; show_categories=&#8221;off&#8221; show_excerpt=&#8221;off&#8221; show_pagination=&#8221;off&#8221; module_class=&#8221;fabricantes-grid&#8221; _builder_version=&#8221;4.27.4&#8243; _module_preset=&#8221;default&#8221; global_colors_info=&#8221;{}&#8221;][\/et_pb_blog][\/et_pb_column][\/et_pb_row][\/et_pb_section]<\/p>\n","protected":false},"excerpt":{"rendered":"<p>&#8220;Oferir\u00a0solucions fiables\u00a0i adaptades a cada projecte en el\u00a0sector de les telecomunicacions\u00a0requereix treballar amb alts est\u00e0ndards de qualitat. A COMSA98 treballem amb els millors i m\u00e9s experimentats fabricants per tal d&#8217;aconseguir l&#8217;efici\u00e8ncia, qualitat, exig\u00e8ncia i personalitzaci\u00f3 necess\u00e0ria per assolir els objectius marcats.Els millors fabricants per a les millors solucions en COMSA98:Alcatel-Lucent Enterprise proporciona solucions personalitzades de [&hellip;]<\/p>\n","protected":false},"author":1,"featured_media":0,"parent":0,"menu_order":0,"comment_status":"closed","ping_status":"closed","template":"","meta":{"_acf_changed":false,"_et_pb_use_builder":"on","_et_pb_old_content":"","_et_gb_content_width":"","_monsterinsights_skip_tracking":false,"_monsterinsights_sitenote_active":false,"_monsterinsights_sitenote_note":"","_monsterinsights_sitenote_category":0,"footnotes":""},"class_list":["post-693","page","type-page","status-publish","hentry"],"acf":[],"yoast_head":"<!-- This site is optimized with the Yoast SEO plugin v27.3 - https:\/\/yoast.com\/product\/yoast-seo-wordpress\/ -->\n<title>Fabricants - Comsa98<\/title>\n<meta name=\"robots\" content=\"index, follow, max-snippet:-1, max-image-preview:large, max-video-preview:-1\" \/>\n<link rel=\"canonical\" href=\"https:\/\/www.comsa98.com\/ca\/fabricants\/\" \/>\n<meta property=\"og:locale\" content=\"ca_ES\" \/>\n<meta property=\"og:type\" content=\"article\" \/>\n<meta property=\"og:title\" content=\"Fabricants - Comsa98\" \/>\n<meta property=\"og:description\" content=\"&quot;Oferir\u00a0solucions fiables\u00a0i adaptades a cada projecte en el\u00a0sector de les telecomunicacions\u00a0requereix treballar amb alts est\u00e0ndards de qualitat. A COMSA98 treballem amb els millors i m\u00e9s experimentats fabricants per tal d&#039;aconseguir l&#039;efici\u00e8ncia, qualitat, exig\u00e8ncia i personalitzaci\u00f3 necess\u00e0ria per assolir els objectius marcats.Els millors fabricants per a les millors solucions en COMSA98:Alcatel-Lucent Enterprise proporciona solucions personalitzades de [&hellip;]\" \/>\n<meta property=\"og:url\" content=\"https:\/\/www.comsa98.com\/ca\/fabricants\/\" \/>\n<meta property=\"og:site_name\" content=\"Comsa98\" \/>\n<meta property=\"article:modified_time\" content=\"2025-09-03T06:50:53+00:00\" \/>\n<meta name=\"twitter:card\" content=\"summary_large_image\" \/>\n<meta name=\"twitter:label1\" content=\"Temps estimat de lectura\" \/>\n\t<meta name=\"twitter:data1\" content=\"18 minuts\" \/>\n<script type=\"application\/ld+json\" class=\"yoast-schema-graph\">{\"@context\":\"https:\\\/\\\/schema.org\",\"@graph\":[{\"@type\":\"WebPage\",\"@id\":\"https:\\\/\\\/www.comsa98.com\\\/ca\\\/fabricants\\\/\",\"url\":\"https:\\\/\\\/www.comsa98.com\\\/ca\\\/fabricants\\\/\",\"name\":\"Fabricants - Comsa98\",\"isPartOf\":{\"@id\":\"https:\\\/\\\/www.comsa98.com\\\/ca\\\/#website\"},\"datePublished\":\"2025-03-06T08:51:21+00:00\",\"dateModified\":\"2025-09-03T06:50:53+00:00\",\"breadcrumb\":{\"@id\":\"https:\\\/\\\/www.comsa98.com\\\/ca\\\/fabricants\\\/#breadcrumb\"},\"inLanguage\":\"ca\",\"potentialAction\":[{\"@type\":\"ReadAction\",\"target\":[\"https:\\\/\\\/www.comsa98.com\\\/ca\\\/fabricants\\\/\"]}]},{\"@type\":\"BreadcrumbList\",\"@id\":\"https:\\\/\\\/www.comsa98.com\\\/ca\\\/fabricants\\\/#breadcrumb\",\"itemListElement\":[{\"@type\":\"ListItem\",\"position\":1,\"name\":\"Portada\",\"item\":\"https:\\\/\\\/www.comsa98.com\\\/ca\\\/\"},{\"@type\":\"ListItem\",\"position\":2,\"name\":\"Fabricants\"}]},{\"@type\":\"WebSite\",\"@id\":\"https:\\\/\\\/www.comsa98.com\\\/ca\\\/#website\",\"url\":\"https:\\\/\\\/www.comsa98.com\\\/ca\\\/\",\"name\":\"Comsa98\",\"description\":\"\",\"potentialAction\":[{\"@type\":\"SearchAction\",\"target\":{\"@type\":\"EntryPoint\",\"urlTemplate\":\"https:\\\/\\\/www.comsa98.com\\\/ca\\\/?s={search_term_string}\"},\"query-input\":{\"@type\":\"PropertyValueSpecification\",\"valueRequired\":true,\"valueName\":\"search_term_string\"}}],\"inLanguage\":\"ca\"}]}<\/script>\n<!-- \/ Yoast SEO plugin. -->","yoast_head_json":{"title":"Fabricants - Comsa98","robots":{"index":"index","follow":"follow","max-snippet":"max-snippet:-1","max-image-preview":"max-image-preview:large","max-video-preview":"max-video-preview:-1"},"canonical":"https:\/\/www.comsa98.com\/ca\/fabricants\/","og_locale":"ca_ES","og_type":"article","og_title":"Fabricants - Comsa98","og_description":"\"Oferir\u00a0solucions fiables\u00a0i adaptades a cada projecte en el\u00a0sector de les telecomunicacions\u00a0requereix treballar amb alts est\u00e0ndards de qualitat. A COMSA98 treballem amb els millors i m\u00e9s experimentats fabricants per tal d'aconseguir l'efici\u00e8ncia, qualitat, exig\u00e8ncia i personalitzaci\u00f3 necess\u00e0ria per assolir els objectius marcats.Els millors fabricants per a les millors solucions en COMSA98:Alcatel-Lucent Enterprise proporciona solucions personalitzades de [&hellip;]","og_url":"https:\/\/www.comsa98.com\/ca\/fabricants\/","og_site_name":"Comsa98","article_modified_time":"2025-09-03T06:50:53+00:00","twitter_card":"summary_large_image","twitter_misc":{"Temps estimat de lectura":"18 minuts"},"schema":{"@context":"https:\/\/schema.org","@graph":[{"@type":"WebPage","@id":"https:\/\/www.comsa98.com\/ca\/fabricants\/","url":"https:\/\/www.comsa98.com\/ca\/fabricants\/","name":"Fabricants - Comsa98","isPartOf":{"@id":"https:\/\/www.comsa98.com\/ca\/#website"},"datePublished":"2025-03-06T08:51:21+00:00","dateModified":"2025-09-03T06:50:53+00:00","breadcrumb":{"@id":"https:\/\/www.comsa98.com\/ca\/fabricants\/#breadcrumb"},"inLanguage":"ca","potentialAction":[{"@type":"ReadAction","target":["https:\/\/www.comsa98.com\/ca\/fabricants\/"]}]},{"@type":"BreadcrumbList","@id":"https:\/\/www.comsa98.com\/ca\/fabricants\/#breadcrumb","itemListElement":[{"@type":"ListItem","position":1,"name":"Portada","item":"https:\/\/www.comsa98.com\/ca\/"},{"@type":"ListItem","position":2,"name":"Fabricants"}]},{"@type":"WebSite","@id":"https:\/\/www.comsa98.com\/ca\/#website","url":"https:\/\/www.comsa98.com\/ca\/","name":"Comsa98","description":"","potentialAction":[{"@type":"SearchAction","target":{"@type":"EntryPoint","urlTemplate":"https:\/\/www.comsa98.com\/ca\/?s={search_term_string}"},"query-input":{"@type":"PropertyValueSpecification","valueRequired":true,"valueName":"search_term_string"}}],"inLanguage":"ca"}]}},"_links":{"self":[{"href":"https:\/\/www.comsa98.com\/ca\/wp-json\/wp\/v2\/pages\/693","targetHints":{"allow":["GET"]}}],"collection":[{"href":"https:\/\/www.comsa98.com\/ca\/wp-json\/wp\/v2\/pages"}],"about":[{"href":"https:\/\/www.comsa98.com\/ca\/wp-json\/wp\/v2\/types\/page"}],"author":[{"embeddable":true,"href":"https:\/\/www.comsa98.com\/ca\/wp-json\/wp\/v2\/users\/1"}],"replies":[{"embeddable":true,"href":"https:\/\/www.comsa98.com\/ca\/wp-json\/wp\/v2\/comments?post=693"}],"version-history":[{"count":12,"href":"https:\/\/www.comsa98.com\/ca\/wp-json\/wp\/v2\/pages\/693\/revisions"}],"predecessor-version":[{"id":822,"href":"https:\/\/www.comsa98.com\/ca\/wp-json\/wp\/v2\/pages\/693\/revisions\/822"}],"wp:attachment":[{"href":"https:\/\/www.comsa98.com\/ca\/wp-json\/wp\/v2\/media?parent=693"}],"curies":[{"name":"wp","href":"https:\/\/api.w.org\/{rel}","templated":true}]}}