{"id":710,"date":"2025-03-06T10:26:42","date_gmt":"2025-03-06T10:26:42","guid":{"rendered":"https:\/\/www.comsa98.com\/mercats-verticals\/"},"modified":"2025-03-07T10:05:00","modified_gmt":"2025-03-07T10:05:00","slug":"mercats-verticals","status":"publish","type":"page","link":"https:\/\/www.comsa98.com\/ca\/mercats-verticals\/","title":{"rendered":"Mercats Verticals"},"content":{"rendered":"<p>[et_pb_section fb_built=&#8221;1&#8243; _builder_version=&#8221;4.27.4&#8243; _module_preset=&#8221;default&#8221; global_colors_info=&#8221;{}&#8221;][et_pb_row admin_label=&#8221;Fila&#8221; _builder_version=&#8221;4.27.4&#8243; _module_preset=&#8221;default&#8221; global_module=&#8221;154&#8243; global_colors_info=&#8221;{}&#8221;][et_pb_column type=&#8221;4_4&#8243; _builder_version=&#8221;4.27.4&#8243; _module_preset=&#8221;default&#8221; global_colors_info=&#8221;{}&#8221;][et_pb_post_title meta=&#8221;off&#8221; featured_image=&#8221;off&#8221; _builder_version=&#8221;4.27.4&#8243; _module_preset=&#8221;default&#8221; border_width_bottom=&#8221;1px&#8221; border_color_bottom=&#8221;#e5e5e5&#8243; global_colors_info=&#8221;{}&#8221;][\/et_pb_post_title][\/et_pb_column][\/et_pb_row][et_pb_row _builder_version=&#8221;4.27.4&#8243; _module_preset=&#8221;default&#8221; background_color=&#8221;#f9f9f9&#8243; custom_margin=&#8221;||30px||false|false&#8221; custom_padding=&#8221;30px|30px|30px|30px|true|true&#8221; global_colors_info=&#8221;{}&#8221;][et_pb_column type=&#8221;4_4&#8243; _builder_version=&#8221;4.27.4&#8243; _module_preset=&#8221;default&#8221; global_colors_info=&#8221;{}&#8221;][et_pb_text _builder_version=&#8221;4.27.4&#8243; _module_preset=&#8221;default&#8221; global_colors_info=&#8221;{}&#8221;]<\/p>\n<p>Les solucions verticals et permeten satisfer les teves necessitats de negoci amb un alt nivell de personalitzaci\u00f3 gr\u00e0cies a la integraci\u00f3 de productes i aplicacions adaptades a tu. Comptem amb les millors certificacions que avalen la nostra experi\u00e8ncia i professionalitat per oferir les millors solucions per als seg\u00fcents sectors:<\/p>\n<p>[\/et_pb_text][\/et_pb_column][\/et_pb_row][et_pb_row column_structure=&#8221;1_4,1_4,1_4,1_4&#8243; use_custom_gutter=&#8221;on&#8221; gutter_width=&#8221;2&#8243; _builder_version=&#8221;4.27.4&#8243; _module_preset=&#8221;default&#8221; global_module=&#8221;147&#8243; saved_tabs=&#8221;all&#8221; global_colors_info=&#8221;{}&#8221;][et_pb_column type=&#8221;1_4&#8243; _builder_version=&#8221;4.27.4&#8243; _module_preset=&#8221;default&#8221; global_colors_info=&#8221;{}&#8221;][et_pb_blurb title=&#8221;MASS HOTELES&#8221; url=&#8221;https:\/\/www.comsa98.com\/es\/mercados-verticales\/&#8221; image=&#8221;https:\/\/www.comsa98.com\/wp-content\/uploads\/2025\/03\/mass-hoteles.jpg&#8221; module_class=&#8221;cuadros cuadros-portada&#8221; _builder_version=&#8221;4.27.4&#8243; _module_preset=&#8221;default&#8221; background_color=&#8221;#5c267b&#8221; background_layout=&#8221;dark&#8221; link_option_url=&#8221;https:\/\/www.comsa98.com\/es\/mercados-verticales\/&#8221; global_colors_info=&#8221;{}&#8221;]<\/p>\n<p>Hospitalitat i tecnologia al teu hotel per oferir experi\u00e8ncies \u00faniques als hostes<\/p>\n<p>[\/et_pb_blurb][et_pb_text module_class=&#8221;hide&#8221; _builder_version=&#8221;4.27.4&#8243; _module_preset=&#8221;default&#8221; global_colors_info=&#8221;{}&#8221;]<\/p>\n<p>Oferir una gran experi\u00e8ncia per a l&#8217;hoste \u00e9s de vital import\u00e0ncia. Vols aconseguir-ho? Oferim solucions de seguretat, comunicacions, audiovisuals, connectivitat &#8230; Perfectes per diferenciar-se de la compet\u00e8ncia i oferir una gran experi\u00e8ncia per a l&#8217;hoste al teu hotel, casa rural, resort&#8230;<\/p>\n<p>[\/et_pb_text][et_pb_button button_text=&#8221;Veure cat\u00e0leg&#8221; button_alignment=&#8221;center&#8221; module_class=&#8221;hide&#8221; _builder_version=&#8221;4.27.4&#8243; _module_preset=&#8221;default&#8221; hover_enabled=&#8221;0&#8243; custom_css_main_element=&#8221;width:100%;&#8221; global_colors_info=&#8221;{}&#8221; button_url=&#8221;https:\/\/www.comsa98.com\/wp-content\/uploads\/2025\/03\/catalogo_mass-hoteles.pdf&#8221; url_new_window=&#8221;on&#8221; sticky_enabled=&#8221;0&#8243;][\/et_pb_button][\/et_pb_column][et_pb_column type=&#8221;1_4&#8243; _builder_version=&#8221;4.27.4&#8243; _module_preset=&#8221;default&#8221; global_colors_info=&#8221;{}&#8221;][et_pb_blurb title=&#8221;MASS SALUD&#8221; url=&#8221;https:\/\/www.comsa98.com\/es\/mercados-verticales\/&#8221; image=&#8221;https:\/\/www.comsa98.com\/wp-content\/uploads\/2025\/03\/mass-salud-2.jpg&#8221; module_class=&#8221;cuadros cuadros-portada&#8221; _builder_version=&#8221;4.27.4&#8243; _module_preset=&#8221;default&#8221; background_color=&#8221;#009ee3&#8243; background_layout=&#8221;dark&#8221; link_option_url=&#8221;https:\/\/www.comsa98.com\/es\/mercados-verticales\/&#8221; global_colors_info=&#8221;{}&#8221;]<\/p>\n<p>Tecnologia i innovaci\u00f3 per oferir solucions de qualitat al pacient i al resident<\/p>\n<p>[\/et_pb_blurb][et_pb_text module_class=&#8221;hide&#8221; _builder_version=&#8221;4.27.4&#8243; _module_preset=&#8221;default&#8221; global_colors_info=&#8221;{}&#8221;]<\/p>\n<p>Hospitals, resid\u00e8ncies, centres sanitaris, sociosanitaris&#8230; Les conseq\u00fc\u00e8ncies de no disposar solucions segures i de qualitat poden ser fatals. Tenim les millors solucions de la m\u00e0 dels millors fabricants. Tecnologia i innovaci\u00f3 per a la gesti\u00f3 eficient del teu centre.<\/p>\n<p>[\/et_pb_text][et_pb_button button_text=&#8221;Veure cat\u00e0leg&#8221; button_alignment=&#8221;center&#8221; module_class=&#8221;hide&#8221; _builder_version=&#8221;4.27.4&#8243; _module_preset=&#8221;default&#8221; hover_enabled=&#8221;0&#8243; custom_css_main_element=&#8221;width:100%;&#8221; global_colors_info=&#8221;{}&#8221; button_url=&#8221;https:\/\/www.comsa98.com\/wp-content\/uploads\/2025\/03\/catalogo_mass-salud.pdf&#8221; url_new_window=&#8221;on&#8221; sticky_enabled=&#8221;0&#8243;][\/et_pb_button][\/et_pb_column][et_pb_column type=&#8221;1_4&#8243; _builder_version=&#8221;4.27.4&#8243; _module_preset=&#8221;default&#8221; global_colors_info=&#8221;{}&#8221;][et_pb_blurb title=&#8221;MASS TRAFFIC&#8221; url=&#8221;https:\/\/www.comsa98.com\/es\/mercados-verticales\/&#8221; image=&#8221;https:\/\/www.comsa98.com\/wp-content\/uploads\/2025\/03\/mass-traffic.jpg&#8221; module_class=&#8221;cuadros cuadros-portada&#8221; _builder_version=&#8221;4.27.4&#8243; _module_preset=&#8221;default&#8221; background_color=&#8221;#e30513&#8243; background_layout=&#8221;dark&#8221; link_option_url=&#8221;https:\/\/www.comsa98.com\/es\/mercados-verticales\/&#8221; global_colors_info=&#8221;{}&#8221;]<\/p>\n<p>Solucions completes, eficients i exclusives en 3 \u00e0rees: vial, p\u00e0rquing i transport<\/p>\n<p>[\/et_pb_blurb][et_pb_text module_class=&#8221;hide&#8221; _builder_version=&#8221;4.27.4&#8243; _module_preset=&#8221;default&#8221; global_colors_info=&#8221;{}&#8221;]<\/p>\n<p>La ciutat ha de ser un espai c\u00f2mode i comfortable per al ciutad\u00e0. T\u2019oferim solucions integrals orientades a aconseguir l\u2019experi\u00e8ncia m\u00e9s segura i de m\u00e9s qualitat: gesti\u00f3, control i pacificaci\u00f3 del tr\u00e0nsit, control d\u2019accessos, gesti\u00f3 de p\u00e0rquings, lector de matr\u00edcules intel\u00b7ligent\u2026<\/p>\n<p>[\/et_pb_text][et_pb_button button_text=&#8221;Veure cat\u00e0leg&#8221; button_alignment=&#8221;center&#8221; module_class=&#8221;hide&#8221; _builder_version=&#8221;4.27.4&#8243; _module_preset=&#8221;default&#8221; hover_enabled=&#8221;0&#8243; custom_css_main_element=&#8221;width:100%;&#8221; global_colors_info=&#8221;{}&#8221; button_url=&#8221;https:\/\/www.comsa98.com\/wp-content\/uploads\/2025\/03\/catalogo_mass-traffic.pdf&#8221; url_new_window=&#8221;on&#8221; sticky_enabled=&#8221;0&#8243;][\/et_pb_button][\/et_pb_column][et_pb_column type=&#8221;1_4&#8243; _builder_version=&#8221;4.27.4&#8243; _module_preset=&#8221;default&#8221; global_colors_info=&#8221;{}&#8221;][et_pb_blurb title=&#8221;FOOD DEFENSE&#8221; url=&#8221;https:\/\/www.comsa98.com\/es\/mercados-verticales\/&#8221; image=&#8221;https:\/\/www.comsa98.com\/wp-content\/uploads\/2025\/03\/food-defense-soluciones.jpg&#8221; module_class=&#8221;cuadros cuadros-portada&#8221; _builder_version=&#8221;4.27.4&#8243; _module_preset=&#8221;default&#8221; background_color=&#8221;#000000&#8243; background_layout=&#8221;dark&#8221; link_option_url=&#8221;https:\/\/www.comsa98.com\/es\/mercados-verticales\/&#8221; global_colors_info=&#8221;{}&#8221;]<\/p>\n<p>Seguretat per donar resposta als problemes de la teva empresa del sector agroalimentari<\/p>\n<p>[\/et_pb_blurb][et_pb_text module_class=&#8221;hide&#8221; _builder_version=&#8221;4.27.4&#8243; _module_preset=&#8221;default&#8221; global_colors_info=&#8221;{}&#8221;]<\/p>\n<p>La teva empresa \u00e9s del sector d&#8217;alimentaci\u00f3? Coneixes els greus riscos als quals est\u00e0 exposada? T&#8217;oferim solucions de Seguretat Aliment\u00e0ria, Food Defense, Seguretat F\u00edsica, Ciberseguretat, automatitzaci\u00f3, control &#8230; Solucions integrades i globals adaptades a les teves necessitats.<\/p>\n<p>[\/et_pb_text][\/et_pb_column][\/et_pb_row][\/et_pb_section]<\/p>\n","protected":false},"excerpt":{"rendered":"<p>Les solucions verticals et permeten satisfer les teves necessitats de negoci amb un alt nivell de personalitzaci\u00f3 gr\u00e0cies a la integraci\u00f3 de productes i aplicacions adaptades a tu. Comptem amb les millors certificacions que avalen la nostra experi\u00e8ncia i professionalitat per oferir les millors solucions per als seg\u00fcents sectors:Hospitalitat i tecnologia al teu hotel per [&hellip;]<\/p>\n","protected":false},"author":1,"featured_media":0,"parent":0,"menu_order":0,"comment_status":"closed","ping_status":"closed","template":"","meta":{"_acf_changed":false,"_et_pb_use_builder":"on","_et_pb_old_content":"","_et_gb_content_width":"","_monsterinsights_skip_tracking":false,"_monsterinsights_sitenote_active":false,"_monsterinsights_sitenote_note":"","_monsterinsights_sitenote_category":0,"footnotes":""},"class_list":["post-710","page","type-page","status-publish","hentry"],"acf":[],"yoast_head":"<!-- This site is optimized with the Yoast SEO plugin v27.3 - https:\/\/yoast.com\/product\/yoast-seo-wordpress\/ -->\n<title>Mercats Verticals - Comsa98<\/title>\n<meta name=\"robots\" content=\"index, follow, max-snippet:-1, max-image-preview:large, max-video-preview:-1\" \/>\n<link rel=\"canonical\" href=\"https:\/\/www.comsa98.com\/ca\/mercats-verticals\/\" \/>\n<meta property=\"og:locale\" content=\"ca_ES\" \/>\n<meta property=\"og:type\" content=\"article\" \/>\n<meta property=\"og:title\" content=\"Mercats Verticals - Comsa98\" \/>\n<meta property=\"og:description\" content=\"Les solucions verticals et permeten satisfer les teves necessitats de negoci amb un alt nivell de personalitzaci\u00f3 gr\u00e0cies a la integraci\u00f3 de productes i aplicacions adaptades a tu. Comptem amb les millors certificacions que avalen la nostra experi\u00e8ncia i professionalitat per oferir les millors solucions per als seg\u00fcents sectors:Hospitalitat i tecnologia al teu hotel per [&hellip;]\" \/>\n<meta property=\"og:url\" content=\"https:\/\/www.comsa98.com\/ca\/mercats-verticals\/\" \/>\n<meta property=\"og:site_name\" content=\"Comsa98\" \/>\n<meta property=\"article:modified_time\" content=\"2025-03-07T10:05:00+00:00\" \/>\n<meta name=\"twitter:card\" content=\"summary_large_image\" \/>\n<meta name=\"twitter:label1\" content=\"Temps estimat de lectura\" \/>\n\t<meta name=\"twitter:data1\" content=\"5 minuts\" \/>\n<script type=\"application\/ld+json\" class=\"yoast-schema-graph\">{\"@context\":\"https:\\\/\\\/schema.org\",\"@graph\":[{\"@type\":\"WebPage\",\"@id\":\"https:\\\/\\\/www.comsa98.com\\\/ca\\\/mercats-verticals\\\/\",\"url\":\"https:\\\/\\\/www.comsa98.com\\\/ca\\\/mercats-verticals\\\/\",\"name\":\"Mercats Verticals - Comsa98\",\"isPartOf\":{\"@id\":\"https:\\\/\\\/www.comsa98.com\\\/ca\\\/#website\"},\"datePublished\":\"2025-03-06T10:26:42+00:00\",\"dateModified\":\"2025-03-07T10:05:00+00:00\",\"breadcrumb\":{\"@id\":\"https:\\\/\\\/www.comsa98.com\\\/ca\\\/mercats-verticals\\\/#breadcrumb\"},\"inLanguage\":\"ca\",\"potentialAction\":[{\"@type\":\"ReadAction\",\"target\":[\"https:\\\/\\\/www.comsa98.com\\\/ca\\\/mercats-verticals\\\/\"]}]},{\"@type\":\"BreadcrumbList\",\"@id\":\"https:\\\/\\\/www.comsa98.com\\\/ca\\\/mercats-verticals\\\/#breadcrumb\",\"itemListElement\":[{\"@type\":\"ListItem\",\"position\":1,\"name\":\"Portada\",\"item\":\"https:\\\/\\\/www.comsa98.com\\\/ca\\\/\"},{\"@type\":\"ListItem\",\"position\":2,\"name\":\"Mercats Verticals\"}]},{\"@type\":\"WebSite\",\"@id\":\"https:\\\/\\\/www.comsa98.com\\\/ca\\\/#website\",\"url\":\"https:\\\/\\\/www.comsa98.com\\\/ca\\\/\",\"name\":\"Comsa98\",\"description\":\"\",\"potentialAction\":[{\"@type\":\"SearchAction\",\"target\":{\"@type\":\"EntryPoint\",\"urlTemplate\":\"https:\\\/\\\/www.comsa98.com\\\/ca\\\/?s={search_term_string}\"},\"query-input\":{\"@type\":\"PropertyValueSpecification\",\"valueRequired\":true,\"valueName\":\"search_term_string\"}}],\"inLanguage\":\"ca\"}]}<\/script>\n<!-- \/ Yoast SEO plugin. -->","yoast_head_json":{"title":"Mercats Verticals - Comsa98","robots":{"index":"index","follow":"follow","max-snippet":"max-snippet:-1","max-image-preview":"max-image-preview:large","max-video-preview":"max-video-preview:-1"},"canonical":"https:\/\/www.comsa98.com\/ca\/mercats-verticals\/","og_locale":"ca_ES","og_type":"article","og_title":"Mercats Verticals - Comsa98","og_description":"Les solucions verticals et permeten satisfer les teves necessitats de negoci amb un alt nivell de personalitzaci\u00f3 gr\u00e0cies a la integraci\u00f3 de productes i aplicacions adaptades a tu. Comptem amb les millors certificacions que avalen la nostra experi\u00e8ncia i professionalitat per oferir les millors solucions per als seg\u00fcents sectors:Hospitalitat i tecnologia al teu hotel per [&hellip;]","og_url":"https:\/\/www.comsa98.com\/ca\/mercats-verticals\/","og_site_name":"Comsa98","article_modified_time":"2025-03-07T10:05:00+00:00","twitter_card":"summary_large_image","twitter_misc":{"Temps estimat de lectura":"5 minuts"},"schema":{"@context":"https:\/\/schema.org","@graph":[{"@type":"WebPage","@id":"https:\/\/www.comsa98.com\/ca\/mercats-verticals\/","url":"https:\/\/www.comsa98.com\/ca\/mercats-verticals\/","name":"Mercats Verticals - Comsa98","isPartOf":{"@id":"https:\/\/www.comsa98.com\/ca\/#website"},"datePublished":"2025-03-06T10:26:42+00:00","dateModified":"2025-03-07T10:05:00+00:00","breadcrumb":{"@id":"https:\/\/www.comsa98.com\/ca\/mercats-verticals\/#breadcrumb"},"inLanguage":"ca","potentialAction":[{"@type":"ReadAction","target":["https:\/\/www.comsa98.com\/ca\/mercats-verticals\/"]}]},{"@type":"BreadcrumbList","@id":"https:\/\/www.comsa98.com\/ca\/mercats-verticals\/#breadcrumb","itemListElement":[{"@type":"ListItem","position":1,"name":"Portada","item":"https:\/\/www.comsa98.com\/ca\/"},{"@type":"ListItem","position":2,"name":"Mercats Verticals"}]},{"@type":"WebSite","@id":"https:\/\/www.comsa98.com\/ca\/#website","url":"https:\/\/www.comsa98.com\/ca\/","name":"Comsa98","description":"","potentialAction":[{"@type":"SearchAction","target":{"@type":"EntryPoint","urlTemplate":"https:\/\/www.comsa98.com\/ca\/?s={search_term_string}"},"query-input":{"@type":"PropertyValueSpecification","valueRequired":true,"valueName":"search_term_string"}}],"inLanguage":"ca"}]}},"_links":{"self":[{"href":"https:\/\/www.comsa98.com\/ca\/wp-json\/wp\/v2\/pages\/710","targetHints":{"allow":["GET"]}}],"collection":[{"href":"https:\/\/www.comsa98.com\/ca\/wp-json\/wp\/v2\/pages"}],"about":[{"href":"https:\/\/www.comsa98.com\/ca\/wp-json\/wp\/v2\/types\/page"}],"author":[{"embeddable":true,"href":"https:\/\/www.comsa98.com\/ca\/wp-json\/wp\/v2\/users\/1"}],"replies":[{"embeddable":true,"href":"https:\/\/www.comsa98.com\/ca\/wp-json\/wp\/v2\/comments?post=710"}],"version-history":[{"count":2,"href":"https:\/\/www.comsa98.com\/ca\/wp-json\/wp\/v2\/pages\/710\/revisions"}],"predecessor-version":[{"id":712,"href":"https:\/\/www.comsa98.com\/ca\/wp-json\/wp\/v2\/pages\/710\/revisions\/712"}],"wp:attachment":[{"href":"https:\/\/www.comsa98.com\/ca\/wp-json\/wp\/v2\/media?parent=710"}],"curies":[{"name":"wp","href":"https:\/\/api.w.org\/{rel}","templated":true}]}}