{"id":716,"date":"2025-03-06T13:27:29","date_gmt":"2025-03-06T13:27:29","guid":{"rendered":"https:\/\/www.comsa98.com\/audiovisuals\/"},"modified":"2025-03-07T10:12:32","modified_gmt":"2025-03-07T10:12:32","slug":"audiovisuals","status":"publish","type":"page","link":"https:\/\/www.comsa98.com\/ca\/audiovisuals\/","title":{"rendered":"Audiovisuals"},"content":{"rendered":"<p>[et_pb_section fb_built=&#8221;1&#8243; _builder_version=&#8221;4.27.4&#8243; _module_preset=&#8221;default&#8221; background_image=&#8221;https:\/\/www.comsa98.com\/wp-content\/uploads\/2025\/03\/fondo_slide_0.png&#8221; custom_padding=&#8221;0px||0px||false|false&#8221; global_colors_info=&#8221;{}&#8221; theme_builder_area=&#8221;post_content&#8221;][et_pb_row _builder_version=&#8221;4.27.4&#8243; _module_preset=&#8221;default&#8221; background_image=&#8221;https:\/\/www.comsa98.com\/wp-content\/uploads\/2025\/03\/slide_seguridad.png&#8221; min_height=&#8221;345px&#8221; custom_margin=&#8221;0px||0px||false|false&#8221; custom_padding=&#8221;150px||60px||false|false&#8221; animation_style=&#8221;fade&#8221; global_colors_info=&#8221;{}&#8221; theme_builder_area=&#8221;post_content&#8221;][et_pb_column type=&#8221;4_4&#8243; _builder_version=&#8221;4.27.4&#8243; _module_preset=&#8221;default&#8221; background_enable_image=&#8221;off&#8221; global_colors_info=&#8221;{}&#8221; theme_builder_area=&#8221;post_content&#8221;][\/et_pb_column][\/et_pb_row][\/et_pb_section][et_pb_section fb_built=&#8221;1&#8243; _builder_version=&#8221;4.27.4&#8243; _module_preset=&#8221;default&#8221; global_colors_info=&#8221;{}&#8221; theme_builder_area=&#8221;post_content&#8221;][et_pb_row admin_label=&#8221;Fila&#8221; _builder_version=&#8221;4.27.4&#8243; _module_preset=&#8221;default&#8221; global_module=&#8221;154&#8243; global_colors_info=&#8221;{}&#8221; theme_builder_area=&#8221;post_content&#8221;][et_pb_column type=&#8221;4_4&#8243; _builder_version=&#8221;4.27.4&#8243; _module_preset=&#8221;default&#8221; global_colors_info=&#8221;{}&#8221; theme_builder_area=&#8221;post_content&#8221;][et_pb_post_title meta=&#8221;off&#8221; featured_image=&#8221;off&#8221; _builder_version=&#8221;4.27.4&#8243; _module_preset=&#8221;default&#8221; border_width_bottom=&#8221;1px&#8221; border_color_bottom=&#8221;#e5e5e5&#8243; global_colors_info=&#8221;{}&#8221; theme_builder_area=&#8221;post_content&#8221;][\/et_pb_post_title][\/et_pb_column][\/et_pb_row][et_pb_row _builder_version=&#8221;4.27.4&#8243; _module_preset=&#8221;default&#8221; global_colors_info=&#8221;{}&#8221; theme_builder_area=&#8221;post_content&#8221;][et_pb_column type=&#8221;4_4&#8243; _builder_version=&#8221;4.27.4&#8243; _module_preset=&#8221;default&#8221; global_colors_info=&#8221;{}&#8221; theme_builder_area=&#8221;post_content&#8221;][et_pb_heading title=&#8221;APOSTAR PER SOLUCIONS AUDIOVISUALS DE QUALITAT \u00c9S APORTAR VALOR I INNOVACI\u00d3&#8221; _builder_version=&#8221;4.27.4&#8243; _module_preset=&#8221;default&#8221; title_text_color=&#8221;#EC6E00&#8243; hover_enabled=&#8221;0&#8243; global_colors_info=&#8221;{}&#8221; theme_builder_area=&#8221;post_content&#8221; sticky_enabled=&#8221;0&#8243;][\/et_pb_heading][et_pb_text _builder_version=&#8221;4.27.4&#8243; _module_preset=&#8221;default&#8221; hover_enabled=&#8221;0&#8243; global_colors_info=&#8221;{}&#8221; theme_builder_area=&#8221;post_content&#8221; sticky_enabled=&#8221;0&#8243;]<\/p>\n<p>A COMSA98 som experts solucions multim\u00e8dia (\u00e0udio, v\u00eddeo, cartelleria digital, audioconfer\u00e8ncia, videoconfer\u00e8ncia, pantalles, projectors, IPTV &#8230;) que aporten gran valor afegit a les empreses oferint altes prestacions.<\/p>\n<p>[\/et_pb_text][\/et_pb_column][\/et_pb_row][et_pb_row column_structure=&#8221;1_2,1_2&#8243; use_custom_gutter=&#8221;on&#8221; gutter_width=&#8221;2&#8243; make_equal=&#8221;on&#8221; _builder_version=&#8221;4.27.4&#8243; _module_preset=&#8221;default&#8221; global_colors_info=&#8221;{}&#8221; theme_builder_area=&#8221;post_content&#8221;][et_pb_column type=&#8221;1_2&#8243; _builder_version=&#8221;4.27.4&#8243; _module_preset=&#8221;default&#8221; background_color=&#8221;#F9F9F9&#8243; custom_padding=&#8221;30px|30px|30px|30px|false|false&#8221; global_colors_info=&#8221;{}&#8221; theme_builder_area=&#8221;post_content&#8221;][et_pb_heading title=&#8221;Quines solucions t&#039;oferim?&#8221; _builder_version=&#8221;4.27.4&#8243; _module_preset=&#8221;default&#8221; title_level=&#8221;h3&#8243; global_colors_info=&#8221;{}&#8221; theme_builder_area=&#8221;post_content&#8221;][\/et_pb_heading][et_pb_text _builder_version=&#8221;4.27.4&#8243; _module_preset=&#8221;default&#8221; hover_enabled=&#8221;0&#8243; global_colors_info=&#8221;{}&#8221; theme_builder_area=&#8221;post_content&#8221; sticky_enabled=&#8221;0&#8243;]<\/p>\n<p>Les solucions audiovisuals que oferim estan orientades a l&#8217;adaptaci\u00f3 de l&#8217;entorn de forma personalitzada orientant als resultats tots els processos audiovisuals implementats.<\/p>\n<p><strong>Megafonia i plans d&#8217;evacuaci\u00f3.\u00a0<\/strong>El gran avantatge d&#8217;aquest tipus de solucions audiovisuals en aquest tipus de projectes \u00e9s la senzillesa i la facilitat d&#8217;instal\u00b7laci\u00f3 i execuci\u00f3.<\/p>\n<p><strong>Sistemes de cartelleria digital.\u00a0<\/strong>Oferim la implementaci\u00f3 de sistemes que interactuen amb pantalles interactives, treballem amb sensors de moviment i xarxes multiplataforma que ofereixen experi\u00e8ncies de molt alta qualitat.<\/p>\n<p><strong>Sistema d&#8217;audioconfer\u00e8ncia i videoconfer\u00e8ncia.\u00a0<\/strong>Solucions perfectes per a reunions empresarials i formadors que busquen una experi\u00e8ncia amb solucions locals i cloud amb projectors, pantalles, TVs, suports &#8230;<\/p>\n<p><strong>Solucions de televisi\u00f3 en IPTV i EAI.\u00a0<\/strong>Una gran manera d&#8217;aportar valor afegit als clients oferint una experi\u00e8ncia amb gran interacci\u00f3 i complementaci\u00f3 de mitjans com el Tablet o Smartphone.<\/p>\n<p>[\/et_pb_text][\/et_pb_column][et_pb_column type=&#8221;1_2&#8243; _builder_version=&#8221;4.27.4&#8243; _module_preset=&#8221;default&#8221; background_color=&#8221;#F9F9F9&#8243; custom_padding=&#8221;30px|30px|30px|30px|false|false&#8221; global_colors_info=&#8221;{}&#8221; theme_builder_area=&#8221;post_content&#8221;][et_pb_heading title=&#8221;Quins avantatges t&#039;oferim?&#8221; _builder_version=&#8221;4.27.4&#8243; _module_preset=&#8221;default&#8221; title_level=&#8221;h3&#8243; global_colors_info=&#8221;{}&#8221; theme_builder_area=&#8221;post_content&#8221;][\/et_pb_heading][et_pb_text _builder_version=&#8221;4.27.4&#8243; _module_preset=&#8221;default&#8221; hover_enabled=&#8221;0&#8243; global_colors_info=&#8221;{}&#8221; theme_builder_area=&#8221;post_content&#8221; sticky_enabled=&#8221;0&#8243;]<\/p>\n<p><strong>Personalitzaci\u00f3.\u00a0<\/strong>Cada projecte \u00e9s diferent i cal tractar-lo com a tal. Busquem una bona integraci\u00f3 dins de cada empresa en l&#8217;\u00e0mbit audiovisual.<br \/><strong>\u00a0<br \/>Experi\u00e8ncia.<\/strong>\u00a0Treballem implementant solucions a partir d&#8217;una contrastada experi\u00e8ncia que ens permet adaptar els projectes de forma eficient.<br \/><strong>\u00a0<br \/>Escalabilitat.<\/strong>\u00a0L&#8217;entorn empresarial canvia, les necessitats s\u00f3n diferents i treballem solucions que permeten cr\u00e9ixer en el temps garantint una gran adaptabilitat.<br \/><strong>\u00a0<br \/>Qualitat.\u00a0<\/strong>L&#8217;efici\u00e8ncia en la implementaci\u00f3 de solucions audiovisuals garanteix una gran qualitat perqu\u00e8 s&#8217;aconsegueixi assolir els objectius marcats.<\/p>\n<p>[\/et_pb_text][et_pb_image src=&#8221;https:\/\/www.comsa98.com\/wp-content\/uploads\/2025\/03\/img_audiovisuales.jpg&#8221; _builder_version=&#8221;4.27.4&#8243; _module_preset=&#8221;default&#8221; theme_builder_area=&#8221;post_content&#8221; title_text=&#8221;img_audiovisuales&#8221; hover_enabled=&#8221;0&#8243; sticky_enabled=&#8221;0&#8243;][\/et_pb_image][\/et_pb_column][\/et_pb_row][\/et_pb_section]<\/p>\n","protected":false},"excerpt":{"rendered":"<p>A COMSA98 som experts solucions multim\u00e8dia (\u00e0udio, v\u00eddeo, cartelleria digital, audioconfer\u00e8ncia, videoconfer\u00e8ncia, pantalles, projectors, IPTV &#8230;) que aporten gran valor afegit a les empreses oferint altes prestacions.Les solucions audiovisuals que oferim estan orientades a l&#8217;adaptaci\u00f3 de l&#8217;entorn de forma personalitzada orientant als resultats tots els processos audiovisuals implementats. Megafonia i plans d&#8217;evacuaci\u00f3.\u00a0El gran avantatge d&#8217;aquest [&hellip;]<\/p>\n","protected":false},"author":1,"featured_media":0,"parent":0,"menu_order":0,"comment_status":"closed","ping_status":"closed","template":"","meta":{"_acf_changed":false,"_et_pb_use_builder":"on","_et_pb_old_content":"","_et_gb_content_width":"","_monsterinsights_skip_tracking":false,"_monsterinsights_sitenote_active":false,"_monsterinsights_sitenote_note":"","_monsterinsights_sitenote_category":0,"footnotes":""},"class_list":["post-716","page","type-page","status-publish","hentry"],"acf":[],"yoast_head":"<!-- This site is optimized with the Yoast SEO plugin v27.3 - https:\/\/yoast.com\/product\/yoast-seo-wordpress\/ -->\n<title>Audiovisuals - Comsa98<\/title>\n<meta name=\"robots\" content=\"index, follow, max-snippet:-1, max-image-preview:large, max-video-preview:-1\" \/>\n<link rel=\"canonical\" href=\"https:\/\/www.comsa98.com\/ca\/audiovisuals\/\" \/>\n<meta property=\"og:locale\" content=\"ca_ES\" \/>\n<meta property=\"og:type\" content=\"article\" \/>\n<meta property=\"og:title\" content=\"Audiovisuals - Comsa98\" \/>\n<meta property=\"og:description\" content=\"A COMSA98 som experts solucions multim\u00e8dia (\u00e0udio, v\u00eddeo, cartelleria digital, audioconfer\u00e8ncia, videoconfer\u00e8ncia, pantalles, projectors, IPTV ...) que aporten gran valor afegit a les empreses oferint altes prestacions.Les solucions audiovisuals que oferim estan orientades a l&#039;adaptaci\u00f3 de l&#039;entorn de forma personalitzada orientant als resultats tots els processos audiovisuals implementats. Megafonia i plans d&#039;evacuaci\u00f3.\u00a0El gran avantatge d&#039;aquest [&hellip;]\" \/>\n<meta property=\"og:url\" content=\"https:\/\/www.comsa98.com\/ca\/audiovisuals\/\" \/>\n<meta property=\"og:site_name\" content=\"Comsa98\" \/>\n<meta property=\"article:modified_time\" content=\"2025-03-07T10:12:32+00:00\" \/>\n<meta name=\"twitter:card\" content=\"summary_large_image\" \/>\n<meta name=\"twitter:label1\" content=\"Temps estimat de lectura\" \/>\n\t<meta name=\"twitter:data1\" content=\"4 minuts\" \/>\n<script type=\"application\/ld+json\" class=\"yoast-schema-graph\">{\"@context\":\"https:\\\/\\\/schema.org\",\"@graph\":[{\"@type\":\"WebPage\",\"@id\":\"https:\\\/\\\/www.comsa98.com\\\/ca\\\/audiovisuals\\\/\",\"url\":\"https:\\\/\\\/www.comsa98.com\\\/ca\\\/audiovisuals\\\/\",\"name\":\"Audiovisuals - Comsa98\",\"isPartOf\":{\"@id\":\"https:\\\/\\\/www.comsa98.com\\\/ca\\\/#website\"},\"datePublished\":\"2025-03-06T13:27:29+00:00\",\"dateModified\":\"2025-03-07T10:12:32+00:00\",\"breadcrumb\":{\"@id\":\"https:\\\/\\\/www.comsa98.com\\\/ca\\\/audiovisuals\\\/#breadcrumb\"},\"inLanguage\":\"ca\",\"potentialAction\":[{\"@type\":\"ReadAction\",\"target\":[\"https:\\\/\\\/www.comsa98.com\\\/ca\\\/audiovisuals\\\/\"]}]},{\"@type\":\"BreadcrumbList\",\"@id\":\"https:\\\/\\\/www.comsa98.com\\\/ca\\\/audiovisuals\\\/#breadcrumb\",\"itemListElement\":[{\"@type\":\"ListItem\",\"position\":1,\"name\":\"Portada\",\"item\":\"https:\\\/\\\/www.comsa98.com\\\/ca\\\/\"},{\"@type\":\"ListItem\",\"position\":2,\"name\":\"Audiovisuals\"}]},{\"@type\":\"WebSite\",\"@id\":\"https:\\\/\\\/www.comsa98.com\\\/ca\\\/#website\",\"url\":\"https:\\\/\\\/www.comsa98.com\\\/ca\\\/\",\"name\":\"Comsa98\",\"description\":\"\",\"potentialAction\":[{\"@type\":\"SearchAction\",\"target\":{\"@type\":\"EntryPoint\",\"urlTemplate\":\"https:\\\/\\\/www.comsa98.com\\\/ca\\\/?s={search_term_string}\"},\"query-input\":{\"@type\":\"PropertyValueSpecification\",\"valueRequired\":true,\"valueName\":\"search_term_string\"}}],\"inLanguage\":\"ca\"}]}<\/script>\n<!-- \/ Yoast SEO plugin. -->","yoast_head_json":{"title":"Audiovisuals - Comsa98","robots":{"index":"index","follow":"follow","max-snippet":"max-snippet:-1","max-image-preview":"max-image-preview:large","max-video-preview":"max-video-preview:-1"},"canonical":"https:\/\/www.comsa98.com\/ca\/audiovisuals\/","og_locale":"ca_ES","og_type":"article","og_title":"Audiovisuals - Comsa98","og_description":"A COMSA98 som experts solucions multim\u00e8dia (\u00e0udio, v\u00eddeo, cartelleria digital, audioconfer\u00e8ncia, videoconfer\u00e8ncia, pantalles, projectors, IPTV ...) que aporten gran valor afegit a les empreses oferint altes prestacions.Les solucions audiovisuals que oferim estan orientades a l'adaptaci\u00f3 de l'entorn de forma personalitzada orientant als resultats tots els processos audiovisuals implementats. Megafonia i plans d'evacuaci\u00f3.\u00a0El gran avantatge d'aquest [&hellip;]","og_url":"https:\/\/www.comsa98.com\/ca\/audiovisuals\/","og_site_name":"Comsa98","article_modified_time":"2025-03-07T10:12:32+00:00","twitter_card":"summary_large_image","twitter_misc":{"Temps estimat de lectura":"4 minuts"},"schema":{"@context":"https:\/\/schema.org","@graph":[{"@type":"WebPage","@id":"https:\/\/www.comsa98.com\/ca\/audiovisuals\/","url":"https:\/\/www.comsa98.com\/ca\/audiovisuals\/","name":"Audiovisuals - Comsa98","isPartOf":{"@id":"https:\/\/www.comsa98.com\/ca\/#website"},"datePublished":"2025-03-06T13:27:29+00:00","dateModified":"2025-03-07T10:12:32+00:00","breadcrumb":{"@id":"https:\/\/www.comsa98.com\/ca\/audiovisuals\/#breadcrumb"},"inLanguage":"ca","potentialAction":[{"@type":"ReadAction","target":["https:\/\/www.comsa98.com\/ca\/audiovisuals\/"]}]},{"@type":"BreadcrumbList","@id":"https:\/\/www.comsa98.com\/ca\/audiovisuals\/#breadcrumb","itemListElement":[{"@type":"ListItem","position":1,"name":"Portada","item":"https:\/\/www.comsa98.com\/ca\/"},{"@type":"ListItem","position":2,"name":"Audiovisuals"}]},{"@type":"WebSite","@id":"https:\/\/www.comsa98.com\/ca\/#website","url":"https:\/\/www.comsa98.com\/ca\/","name":"Comsa98","description":"","potentialAction":[{"@type":"SearchAction","target":{"@type":"EntryPoint","urlTemplate":"https:\/\/www.comsa98.com\/ca\/?s={search_term_string}"},"query-input":{"@type":"PropertyValueSpecification","valueRequired":true,"valueName":"search_term_string"}}],"inLanguage":"ca"}]}},"_links":{"self":[{"href":"https:\/\/www.comsa98.com\/ca\/wp-json\/wp\/v2\/pages\/716","targetHints":{"allow":["GET"]}}],"collection":[{"href":"https:\/\/www.comsa98.com\/ca\/wp-json\/wp\/v2\/pages"}],"about":[{"href":"https:\/\/www.comsa98.com\/ca\/wp-json\/wp\/v2\/types\/page"}],"author":[{"embeddable":true,"href":"https:\/\/www.comsa98.com\/ca\/wp-json\/wp\/v2\/users\/1"}],"replies":[{"embeddable":true,"href":"https:\/\/www.comsa98.com\/ca\/wp-json\/wp\/v2\/comments?post=716"}],"version-history":[{"count":2,"href":"https:\/\/www.comsa98.com\/ca\/wp-json\/wp\/v2\/pages\/716\/revisions"}],"predecessor-version":[{"id":718,"href":"https:\/\/www.comsa98.com\/ca\/wp-json\/wp\/v2\/pages\/716\/revisions\/718"}],"wp:attachment":[{"href":"https:\/\/www.comsa98.com\/ca\/wp-json\/wp\/v2\/media?parent=716"}],"curies":[{"name":"wp","href":"https:\/\/api.w.org\/{rel}","templated":true}]}}