{"id":722,"date":"2025-03-06T12:39:56","date_gmt":"2025-03-06T12:39:56","guid":{"rendered":"https:\/\/www.comsa98.com\/informatica-2\/"},"modified":"2025-03-07T10:15:40","modified_gmt":"2025-03-07T10:15:40","slug":"informatica-2","status":"publish","type":"page","link":"https:\/\/www.comsa98.com\/ca\/informatica-2\/","title":{"rendered":"Inform\u00e0tica"},"content":{"rendered":"<p>[et_pb_section fb_built=&#8221;1&#8243; _builder_version=&#8221;4.27.4&#8243; _module_preset=&#8221;default&#8221; background_image=&#8221;https:\/\/www.comsa98.com\/wp-content\/uploads\/2025\/03\/fondo_slide_0.png&#8221; custom_padding=&#8221;0px||0px||false|false&#8221; global_colors_info=&#8221;{}&#8221; theme_builder_area=&#8221;post_content&#8221;][et_pb_row _builder_version=&#8221;4.27.4&#8243; _module_preset=&#8221;default&#8221; background_image=&#8221;https:\/\/www.comsa98.com\/wp-content\/uploads\/2025\/03\/slide_networking.png&#8221; min_height=&#8221;345px&#8221; custom_margin=&#8221;0px||0px||false|false&#8221; custom_padding=&#8221;150px||60px||false|false&#8221; animation_style=&#8221;fade&#8221; hover_enabled=&#8221;0&#8243; global_colors_info=&#8221;{}&#8221; theme_builder_area=&#8221;post_content&#8221; title_text=&#8221;slide_networking&#8221; sticky_enabled=&#8221;0&#8243;][et_pb_column type=&#8221;4_4&#8243; _builder_version=&#8221;4.27.4&#8243; _module_preset=&#8221;default&#8221; background_enable_image=&#8221;off&#8221; global_colors_info=&#8221;{}&#8221; theme_builder_area=&#8221;post_content&#8221;][\/et_pb_column][\/et_pb_row][\/et_pb_section][et_pb_section fb_built=&#8221;1&#8243; _builder_version=&#8221;4.27.4&#8243; _module_preset=&#8221;default&#8221; global_colors_info=&#8221;{}&#8221; theme_builder_area=&#8221;post_content&#8221;][et_pb_row admin_label=&#8221;Fila&#8221; _builder_version=&#8221;4.27.4&#8243; _module_preset=&#8221;default&#8221; global_module=&#8221;154&#8243; global_colors_info=&#8221;{}&#8221; theme_builder_area=&#8221;post_content&#8221;][et_pb_column type=&#8221;4_4&#8243; _builder_version=&#8221;4.27.4&#8243; _module_preset=&#8221;default&#8221; global_colors_info=&#8221;{}&#8221; theme_builder_area=&#8221;post_content&#8221;][et_pb_post_title meta=&#8221;off&#8221; featured_image=&#8221;off&#8221; _builder_version=&#8221;4.27.4&#8243; _module_preset=&#8221;default&#8221; border_width_bottom=&#8221;1px&#8221; border_color_bottom=&#8221;#e5e5e5&#8243; global_colors_info=&#8221;{}&#8221; theme_builder_area=&#8221;post_content&#8221;][\/et_pb_post_title][\/et_pb_column][\/et_pb_row][et_pb_row _builder_version=&#8221;4.27.4&#8243; _module_preset=&#8221;default&#8221; global_colors_info=&#8221;{}&#8221; theme_builder_area=&#8221;post_content&#8221;][et_pb_column type=&#8221;4_4&#8243; _builder_version=&#8221;4.27.4&#8243; _module_preset=&#8221;default&#8221; global_colors_info=&#8221;{}&#8221; theme_builder_area=&#8221;post_content&#8221;][et_pb_heading title=&#8221;SOLUCIONS ESCALABLES i ADAPTADES AMB XARXES INTEL\u00b7LIGENTS EN RECERCA DE RESULTATS I EFICI\u00c8NCIA &#8221; _builder_version=&#8221;4.27.4&#8243; _module_preset=&#8221;default&#8221; title_text_color=&#8221;#EC6E00&#8243; hover_enabled=&#8221;0&#8243; global_colors_info=&#8221;{}&#8221; theme_builder_area=&#8221;post_content&#8221; sticky_enabled=&#8221;0&#8243;][\/et_pb_heading][et_pb_text _builder_version=&#8221;4.27.4&#8243; _module_preset=&#8221;default&#8221; hover_enabled=&#8221;0&#8243; global_colors_info=&#8221;{}&#8221; theme_builder_area=&#8221;post_content&#8221; sticky_enabled=&#8221;0&#8243;]<\/p>\n<p>A COMSA98 oferim solucions de xarxa intel\u00b7ligents que permeten afrontar de manera global els reptes estrat\u00e8gics de cada un dels projectes amb qu\u00e8 treballem.<\/p>\n<p>Aix\u00f2 permet assegurar un gran rendiment i ajuda a cobrir riscos relacionats amb la seguretat, cosa vital per a qualsevol empresa.<\/p>\n<p>[\/et_pb_text][\/et_pb_column][\/et_pb_row][et_pb_row column_structure=&#8221;1_2,1_2&#8243; use_custom_gutter=&#8221;on&#8221; gutter_width=&#8221;2&#8243; make_equal=&#8221;on&#8221; _builder_version=&#8221;4.27.4&#8243; _module_preset=&#8221;default&#8221; global_colors_info=&#8221;{}&#8221; theme_builder_area=&#8221;post_content&#8221;][et_pb_column type=&#8221;1_2&#8243; _builder_version=&#8221;4.27.4&#8243; _module_preset=&#8221;default&#8221; background_color=&#8221;#F9F9F9&#8243; custom_padding=&#8221;30px|30px|30px|30px|false|false&#8221; global_colors_info=&#8221;{}&#8221; theme_builder_area=&#8221;post_content&#8221;][et_pb_heading title=&#8221;Quines solucions t&#039;oferim?&#8221; _builder_version=&#8221;4.27.4&#8243; _module_preset=&#8221;default&#8221; title_level=&#8221;h3&#8243; global_colors_info=&#8221;{}&#8221; theme_builder_area=&#8221;post_content&#8221;][\/et_pb_heading][et_pb_text _builder_version=&#8221;4.27.4&#8243; _module_preset=&#8221;default&#8221; hover_enabled=&#8221;0&#8243; global_colors_info=&#8221;{}&#8221; theme_builder_area=&#8221;post_content&#8221; sticky_enabled=&#8221;0&#8243;]<\/p>\n<p><strong>Commutadors LAN<\/strong>\u00a0que permeten altes velocitats d&#8217;interf\u00edcie, f\u00e0cils de gestionar perfectes per a entorns empresarials.<\/p>\n<p><strong>Solucions WLAN<\/strong>\u00a0que suporten els est\u00e0ndards m\u00e9s recents (IEEE 802.11ac) que permeten oferir una experi\u00e8ncia d&#8217;usuari molt avan\u00e7ada i amb una gran capacitat d&#8217;ampliaci\u00f3.<\/p>\n<p><strong>Sistemes de gesti\u00f3 de xarxes<\/strong>\u00a0per poder supervisar l&#8217;activitat de les mateixes i realitzar qualsevol tipus de configuraci\u00f3 o solucionar problemes relacionats amb elles.<\/p>\n<p><strong>Routers<\/strong>\u00a0que s\u00f3n capa\u00e7os d&#8217;oferir diferents serveis en una soluci\u00f3 \u00fanica. D&#8217;aquesta manera l&#8217;efici\u00e8ncia en recursos per a l&#8217;empresa \u00e9s realment important.<\/p>\n<p><strong>Firewalls<\/strong>\u00a0per detectar amenaces i aportar un plus de seguretat i protegir la teva empresa davant amenaces.<\/p>\n<p><strong>Solucions BYOD<\/strong>\u00a0per aconseguir que tant la xarxa sense fils com la xarxa per cable siguin gestionades de forma unificada assegurant els mateixos serveis amb el m\u00e0xim nivell de seguretat.<\/p>\n<p><strong>Autenticaci\u00f3 i autoritzaci\u00f3 unificada\u00a0<\/strong>d&#8217;amenaces en els sistemes per comprovar una correcta identificaci\u00f3 dels dispositius.<\/p>\n<p><strong>Data Center\u00a0<\/strong>amb tecnologia Intelligent Fabric.<\/p>\n<p>[\/et_pb_text][\/et_pb_column][et_pb_column type=&#8221;1_2&#8243; _builder_version=&#8221;4.27.4&#8243; _module_preset=&#8221;default&#8221; background_color=&#8221;#F9F9F9&#8243; custom_padding=&#8221;30px|30px|30px|30px|false|false&#8221; global_colors_info=&#8221;{}&#8221; theme_builder_area=&#8221;post_content&#8221;][et_pb_heading title=&#8221;Quins avantatges t&#039;oferim?&#8221; _builder_version=&#8221;4.27.4&#8243; _module_preset=&#8221;default&#8221; title_level=&#8221;h3&#8243; global_colors_info=&#8221;{}&#8221; theme_builder_area=&#8221;post_content&#8221;][\/et_pb_heading][et_pb_text _builder_version=&#8221;4.27.4&#8243; _module_preset=&#8221;default&#8221; hover_enabled=&#8221;0&#8243; global_colors_info=&#8221;{}&#8221; theme_builder_area=&#8221;post_content&#8221; sticky_enabled=&#8221;0&#8243;]<\/p>\n<p><strong>Funcionalitat.\u00a0<\/strong>La implementaci\u00f3 de solucions eficients suposa millorar l&#8217;experi\u00e8ncia d&#8217;usuaris per a clients i aportar valor afegit a qualsevol \u00e0rea empresarial.<\/p>\n<p><strong>Seguretat.<\/strong>\u00a0Respondre amb solucions de networking requereix aplicar els m\u00e9s alts est\u00e0ndards de seguretat per aconseguir construir solucions din\u00e0miques i adaptables.<\/p>\n<p><strong>Flexibilitat.<\/strong>\u00a0Els sistemes de xarxa han de ser flexibles i \u00e0gils per assegurar que la infraestructura sigui resistent i tingui capacitat per afrontar els reptes.<\/p>\n<p><strong>Personalitzaci\u00f3.<\/strong>\u00a0Adaptar les solucions de networking a cada projecte \u00e9s necessari si volem assegurar el bon funcionament de les xarxes intel\u00b7ligents dins de l&#8217;empresa.<\/p>\n<p>[\/et_pb_text][et_pb_image src=&#8221;https:\/\/www.comsa98.com\/wp-content\/uploads\/2025\/03\/img_networking.jpg&#8221; title_text=&#8221;img_networking&#8221; _builder_version=&#8221;4.27.4&#8243; _module_preset=&#8221;default&#8221; hover_enabled=&#8221;0&#8243; global_colors_info=&#8221;{}&#8221; theme_builder_area=&#8221;post_content&#8221; sticky_enabled=&#8221;0&#8243;][\/et_pb_image][\/et_pb_column][\/et_pb_row][\/et_pb_section]<\/p>\n","protected":false},"excerpt":{"rendered":"<p>A COMSA98 oferim solucions de xarxa intel\u00b7ligents que permeten afrontar de manera global els reptes estrat\u00e8gics de cada un dels projectes amb qu\u00e8 treballem. Aix\u00f2 permet assegurar un gran rendiment i ajuda a cobrir riscos relacionats amb la seguretat, cosa vital per a qualsevol empresa.Commutadors LAN\u00a0que permeten altes velocitats d&#8217;interf\u00edcie, f\u00e0cils de gestionar perfectes per [&hellip;]<\/p>\n","protected":false},"author":1,"featured_media":0,"parent":0,"menu_order":0,"comment_status":"closed","ping_status":"closed","template":"","meta":{"_acf_changed":false,"_et_pb_use_builder":"on","_et_pb_old_content":"","_et_gb_content_width":"","_monsterinsights_skip_tracking":false,"_monsterinsights_sitenote_active":false,"_monsterinsights_sitenote_note":"","_monsterinsights_sitenote_category":0,"footnotes":""},"class_list":["post-722","page","type-page","status-publish","hentry"],"acf":[],"yoast_head":"<!-- This site is optimized with the Yoast SEO plugin v27.3 - https:\/\/yoast.com\/product\/yoast-seo-wordpress\/ -->\n<title>Inform\u00e0tica - Comsa98<\/title>\n<meta name=\"robots\" content=\"index, follow, max-snippet:-1, max-image-preview:large, max-video-preview:-1\" \/>\n<link rel=\"canonical\" href=\"https:\/\/www.comsa98.com\/ca\/informatica-2\/\" \/>\n<meta property=\"og:locale\" content=\"ca_ES\" \/>\n<meta property=\"og:type\" content=\"article\" \/>\n<meta property=\"og:title\" content=\"Inform\u00e0tica - Comsa98\" \/>\n<meta property=\"og:description\" content=\"A COMSA98 oferim solucions de xarxa intel\u00b7ligents que permeten afrontar de manera global els reptes estrat\u00e8gics de cada un dels projectes amb qu\u00e8 treballem. Aix\u00f2 permet assegurar un gran rendiment i ajuda a cobrir riscos relacionats amb la seguretat, cosa vital per a qualsevol empresa.Commutadors LAN\u00a0que permeten altes velocitats d&#039;interf\u00edcie, f\u00e0cils de gestionar perfectes per [&hellip;]\" \/>\n<meta property=\"og:url\" content=\"https:\/\/www.comsa98.com\/ca\/informatica-2\/\" \/>\n<meta property=\"og:site_name\" content=\"Comsa98\" \/>\n<meta property=\"article:modified_time\" content=\"2025-03-07T10:15:40+00:00\" \/>\n<meta name=\"twitter:card\" content=\"summary_large_image\" \/>\n<meta name=\"twitter:label1\" content=\"Temps estimat de lectura\" \/>\n\t<meta name=\"twitter:data1\" content=\"4 minuts\" \/>\n<script type=\"application\/ld+json\" class=\"yoast-schema-graph\">{\"@context\":\"https:\\\/\\\/schema.org\",\"@graph\":[{\"@type\":\"WebPage\",\"@id\":\"https:\\\/\\\/www.comsa98.com\\\/ca\\\/informatica-2\\\/\",\"url\":\"https:\\\/\\\/www.comsa98.com\\\/ca\\\/informatica-2\\\/\",\"name\":\"Inform\u00e0tica - Comsa98\",\"isPartOf\":{\"@id\":\"https:\\\/\\\/www.comsa98.com\\\/ca\\\/#website\"},\"datePublished\":\"2025-03-06T12:39:56+00:00\",\"dateModified\":\"2025-03-07T10:15:40+00:00\",\"breadcrumb\":{\"@id\":\"https:\\\/\\\/www.comsa98.com\\\/ca\\\/informatica-2\\\/#breadcrumb\"},\"inLanguage\":\"ca\",\"potentialAction\":[{\"@type\":\"ReadAction\",\"target\":[\"https:\\\/\\\/www.comsa98.com\\\/ca\\\/informatica-2\\\/\"]}]},{\"@type\":\"BreadcrumbList\",\"@id\":\"https:\\\/\\\/www.comsa98.com\\\/ca\\\/informatica-2\\\/#breadcrumb\",\"itemListElement\":[{\"@type\":\"ListItem\",\"position\":1,\"name\":\"Portada\",\"item\":\"https:\\\/\\\/www.comsa98.com\\\/ca\\\/\"},{\"@type\":\"ListItem\",\"position\":2,\"name\":\"Inform\u00e0tica\"}]},{\"@type\":\"WebSite\",\"@id\":\"https:\\\/\\\/www.comsa98.com\\\/ca\\\/#website\",\"url\":\"https:\\\/\\\/www.comsa98.com\\\/ca\\\/\",\"name\":\"Comsa98\",\"description\":\"\",\"potentialAction\":[{\"@type\":\"SearchAction\",\"target\":{\"@type\":\"EntryPoint\",\"urlTemplate\":\"https:\\\/\\\/www.comsa98.com\\\/ca\\\/?s={search_term_string}\"},\"query-input\":{\"@type\":\"PropertyValueSpecification\",\"valueRequired\":true,\"valueName\":\"search_term_string\"}}],\"inLanguage\":\"ca\"}]}<\/script>\n<!-- \/ Yoast SEO plugin. -->","yoast_head_json":{"title":"Inform\u00e0tica - Comsa98","robots":{"index":"index","follow":"follow","max-snippet":"max-snippet:-1","max-image-preview":"max-image-preview:large","max-video-preview":"max-video-preview:-1"},"canonical":"https:\/\/www.comsa98.com\/ca\/informatica-2\/","og_locale":"ca_ES","og_type":"article","og_title":"Inform\u00e0tica - Comsa98","og_description":"A COMSA98 oferim solucions de xarxa intel\u00b7ligents que permeten afrontar de manera global els reptes estrat\u00e8gics de cada un dels projectes amb qu\u00e8 treballem. Aix\u00f2 permet assegurar un gran rendiment i ajuda a cobrir riscos relacionats amb la seguretat, cosa vital per a qualsevol empresa.Commutadors LAN\u00a0que permeten altes velocitats d'interf\u00edcie, f\u00e0cils de gestionar perfectes per [&hellip;]","og_url":"https:\/\/www.comsa98.com\/ca\/informatica-2\/","og_site_name":"Comsa98","article_modified_time":"2025-03-07T10:15:40+00:00","twitter_card":"summary_large_image","twitter_misc":{"Temps estimat de lectura":"4 minuts"},"schema":{"@context":"https:\/\/schema.org","@graph":[{"@type":"WebPage","@id":"https:\/\/www.comsa98.com\/ca\/informatica-2\/","url":"https:\/\/www.comsa98.com\/ca\/informatica-2\/","name":"Inform\u00e0tica - Comsa98","isPartOf":{"@id":"https:\/\/www.comsa98.com\/ca\/#website"},"datePublished":"2025-03-06T12:39:56+00:00","dateModified":"2025-03-07T10:15:40+00:00","breadcrumb":{"@id":"https:\/\/www.comsa98.com\/ca\/informatica-2\/#breadcrumb"},"inLanguage":"ca","potentialAction":[{"@type":"ReadAction","target":["https:\/\/www.comsa98.com\/ca\/informatica-2\/"]}]},{"@type":"BreadcrumbList","@id":"https:\/\/www.comsa98.com\/ca\/informatica-2\/#breadcrumb","itemListElement":[{"@type":"ListItem","position":1,"name":"Portada","item":"https:\/\/www.comsa98.com\/ca\/"},{"@type":"ListItem","position":2,"name":"Inform\u00e0tica"}]},{"@type":"WebSite","@id":"https:\/\/www.comsa98.com\/ca\/#website","url":"https:\/\/www.comsa98.com\/ca\/","name":"Comsa98","description":"","potentialAction":[{"@type":"SearchAction","target":{"@type":"EntryPoint","urlTemplate":"https:\/\/www.comsa98.com\/ca\/?s={search_term_string}"},"query-input":{"@type":"PropertyValueSpecification","valueRequired":true,"valueName":"search_term_string"}}],"inLanguage":"ca"}]}},"_links":{"self":[{"href":"https:\/\/www.comsa98.com\/ca\/wp-json\/wp\/v2\/pages\/722","targetHints":{"allow":["GET"]}}],"collection":[{"href":"https:\/\/www.comsa98.com\/ca\/wp-json\/wp\/v2\/pages"}],"about":[{"href":"https:\/\/www.comsa98.com\/ca\/wp-json\/wp\/v2\/types\/page"}],"author":[{"embeddable":true,"href":"https:\/\/www.comsa98.com\/ca\/wp-json\/wp\/v2\/users\/1"}],"replies":[{"embeddable":true,"href":"https:\/\/www.comsa98.com\/ca\/wp-json\/wp\/v2\/comments?post=722"}],"version-history":[{"count":2,"href":"https:\/\/www.comsa98.com\/ca\/wp-json\/wp\/v2\/pages\/722\/revisions"}],"predecessor-version":[{"id":724,"href":"https:\/\/www.comsa98.com\/ca\/wp-json\/wp\/v2\/pages\/722\/revisions\/724"}],"wp:attachment":[{"href":"https:\/\/www.comsa98.com\/ca\/wp-json\/wp\/v2\/media?parent=722"}],"curies":[{"name":"wp","href":"https:\/\/api.w.org\/{rel}","templated":true}]}}