{"id":121,"date":"2025-03-06T09:51:21","date_gmt":"2025-03-06T09:51:21","guid":{"rendered":"https:\/\/www.comsa98.com\/?page_id=121"},"modified":"2025-09-03T10:31:57","modified_gmt":"2025-09-03T08:31:57","slug":"fabricantes","status":"publish","type":"page","link":"https:\/\/www.comsa98.com\/es\/fabricantes\/","title":{"rendered":"Fabricantes"},"content":{"rendered":"<p>[et_pb_section fb_built=\u00bb1&#8243; _builder_version=\u00bb4.27.4&#8243; _module_preset=\u00bbdefault\u00bb global_colors_info=\u00bb{}\u00bb][et_pb_row admin_label=\u00bbFila\u00bb _builder_version=\u00bb4.27.4&#8243; _module_preset=\u00bbdefault\u00bb global_module=\u00bb154&#8243; global_colors_info=\u00bb{}\u00bb][et_pb_column type=\u00bb4_4&#8243; _builder_version=\u00bb4.27.4&#8243; _module_preset=\u00bbdefault\u00bb global_colors_info=\u00bb{}\u00bb][et_pb_post_title meta=\u00bboff\u00bb featured_image=\u00bboff\u00bb _builder_version=\u00bb4.27.4&#8243; _module_preset=\u00bbdefault\u00bb border_width_bottom=\u00bb1px\u00bb border_color_bottom=\u00bb#e5e5e5&#8243; global_colors_info=\u00bb{}\u00bb][\/et_pb_post_title][\/et_pb_column][\/et_pb_row][et_pb_row _builder_version=\u00bb4.27.4&#8243; _module_preset=\u00bbdefault\u00bb global_colors_info=\u00bb{}\u00bb][et_pb_column type=\u00bb4_4&#8243; _builder_version=\u00bb4.27.4&#8243; _module_preset=\u00bbdefault\u00bb global_colors_info=\u00bb{}\u00bb][et_pb_text _builder_version=\u00bb4.27.4&#8243; _module_preset=\u00bbdefault\u00bb global_colors_info=\u00bb{}\u00bb]<\/p>\n<p>\u201cOfrecer<span>\u00a0<\/span><strong>soluciones fiables<\/strong><span>\u00a0<\/span>y adaptadas a cada proyecto en el<span>\u00a0<\/span><strong>sector de las telecomunicaciones<\/strong><span>\u00a0<\/span>requiere trabajar con altos est\u00e1ndares de calidad. En COMSA98 trabajamos con los mejores y m\u00e1s experimentados fabricantes con el fin de conseguir la eficiencia, calidad, exigencia y personalizaci\u00f3n necesaria para alcanzar los objetivos marcados.<\/p>\n<p><strong>Los mejores fabricantes para las mejores soluciones en COMSA98:<\/strong><\/p>\n<p>[\/et_pb_text][\/et_pb_column][\/et_pb_row][et_pb_row column_structure=\u00bb1_2,1_2&#8243; make_equal=\u00bbon\u00bb _builder_version=\u00bb4.27.4&#8243; _module_preset=\u00bbdefault\u00bb background_color=\u00bb#F9F9F9&#8243; custom_padding=\u00bb30px||30px||false|false\u00bb global_module=\u00bb185&#8243; saved_tabs=\u00bball\u00bb global_colors_info=\u00bb{}\u00bb][et_pb_column type=\u00bb1_2&#8243; _builder_version=\u00bb4.27.4&#8243; _module_preset=\u00bbdefault\u00bb custom_css_main_element=\u00bbmargin:auto;\u00bb global_colors_info=\u00bb{}\u00bb][et_pb_image src=\u00bbhttps:\/\/www.comsa98.com\/wp-content\/uploads\/2025\/03\/alcatel-lucent_enterpise.png\u00bb title_text=\u00bbalcatel-lucent_enterpise\u00bb align=\u00bbcenter\u00bb _builder_version=\u00bb4.27.4&#8243; _module_preset=\u00bbdefault\u00bb width=\u00bb60%\u00bb global_colors_info=\u00bb{}\u00bb][\/et_pb_image][\/et_pb_column][et_pb_column type=\u00bb1_2&#8243; _builder_version=\u00bb4.27.4&#8243; _module_preset=\u00bbdefault\u00bb custom_padding=\u00bb|30px||30px|false|false\u00bb global_colors_info=\u00bb{}\u00bb][et_pb_text _builder_version=\u00bb4.27.4&#8243; _module_preset=\u00bbdefault\u00bb global_colors_info=\u00bb{}\u00bb]<\/p>\n<p><span>Alcatel-Lucent Enterprise proporciona soluciones personalizadas de comunicaciones de colaboraci\u00f3n, redes inteligentes y cloud para PYMES y grandes empresas.<\/span><\/p>\n<p>[\/et_pb_text][et_pb_button button_url=\u00bbhttps:\/\/www.comsa98.com\/es\/alcatel-lucent-enterprise\/\u00bb button_text=\u00bbSoluciones Alcatel-Lucent Enterprise que te ofrece Comsa98&#8243; _builder_version=\u00bb4.27.4&#8243; _module_preset=\u00bbdefault\u00bb background_layout=\u00bbdark\u00bb global_colors_info=\u00bb{}\u00bb][\/et_pb_button][\/et_pb_column][\/et_pb_row][et_pb_row column_structure=\u00bb1_2,1_2&#8243; make_equal=\u00bbon\u00bb _builder_version=\u00bb4.27.4&#8243; _module_preset=\u00bbdefault\u00bb background_color=\u00bb#F9F9F9&#8243; custom_padding=\u00bb30px||30px||false|false\u00bb global_module=\u00bb186&#8243; saved_tabs=\u00bball\u00bb global_colors_info=\u00bb{}\u00bb][et_pb_column type=\u00bb1_2&#8243; _builder_version=\u00bb4.27.4&#8243; _module_preset=\u00bbdefault\u00bb custom_css_main_element=\u00bbmargin:auto;\u00bb global_colors_info=\u00bb{}\u00bb][et_pb_image src=\u00bbhttps:\/\/www.comsa98.com\/wp-content\/uploads\/2025\/09\/innovaphone-logo.webp\u00bb alt=\u00bbInnovaphone\u00bb title_text=\u00bbInnovaphone\u00bb align=\u00bbcenter\u00bb _builder_version=\u00bb4.27.4&#8243; _module_preset=\u00bbdefault\u00bb width=\u00bb60%\u00bb global_colors_info=\u00bb{}\u00bb][\/et_pb_image][\/et_pb_column][et_pb_column type=\u00bb1_2&#8243; _builder_version=\u00bb4.27.4&#8243; _module_preset=\u00bbdefault\u00bb custom_padding=\u00bb|30px||30px|false|false\u00bb global_colors_info=\u00bb{}\u00bb][et_pb_text _builder_version=\u00bb4.27.4&#8243; _module_preset=\u00bbdefault\u00bb hover_enabled=\u00bb0&#8243; global_colors_info=\u00bb{}\u00bb sticky_enabled=\u00bb0&#8243;]<\/p>\n<p>Startup innovadora, pioneros de VoIP, empresa tecnol\u00f3gica alemana, especialistas en UCC, media empresa de alta tecnologia: son solo algunas de las definiciones e hitos que definen la trayectoria de la empresa innovaphone AG.<\/p>\n<p>[\/et_pb_text][et_pb_button button_url=\u00bbhttps:\/\/www.comsa98.com\/ca\/innovaphone\/\u00bb button_text=\u00bbConoce las soluciones Innovaphone que te ofrece Comsa98&#8243; _builder_version=\u00bb4.27.4&#8243; _module_preset=\u00bbdefault\u00bb background_layout=\u00bbdark\u00bb hover_enabled=\u00bb0&#8243; global_colors_info=\u00bb{}\u00bb sticky_enabled=\u00bb0&#8243;][\/et_pb_button][\/et_pb_column][\/et_pb_row][\/et_pb_section][et_pb_section fb_built=\u00bb1&#8243; _builder_version=\u00bb4.27.4&#8243; _module_preset=\u00bbdefault\u00bb custom_padding=\u00bb||0px|||\u00bb global_colors_info=\u00bb{}\u00bb][et_pb_row column_structure=\u00bb1_6,1_6,1_6,1_6,1_6,1_6&#8243; use_custom_gutter=\u00bbon\u00bb gutter_width=\u00bb2&#8243; _builder_version=\u00bb4.27.4&#8243; _module_preset=\u00bbdefault\u00bb custom_padding=\u00bb0px||||false|false\u00bb global_colors_info=\u00bb{}\u00bb][et_pb_column type=\u00bb1_6&#8243; _builder_version=\u00bb4.27.4&#8243; _module_preset=\u00bbdefault\u00bb global_colors_info=\u00bb{}\u00bb][et_pb_button button_text=\u00bbver todos\u00bb button_alignment=\u00bbcenter\u00bb module_class=\u00bbdf-button\u00bb _builder_version=\u00bb4.27.4&#8243; _module_preset=\u00bbdefault\u00bb custom_button=\u00bbon\u00bb button_text_color=\u00bb#EC6E00&#8243; button_bg_color=\u00bb#F9F9F9&#8243; button_border_width=\u00bb2px\u00bb button_border_color=\u00bb#EC6E00&#8243; custom_css_main_element=\u00bbwidth:100%;\u00bb global_colors_info=\u00bb{}\u00bb][\/et_pb_button][\/et_pb_column][et_pb_column type=\u00bb1_6&#8243; _builder_version=\u00bb4.27.4&#8243; _module_preset=\u00bbdefault\u00bb global_colors_info=\u00bb{}\u00bb][et_pb_button button_text=\u00bbcomunicaciones\u00bb button_alignment=\u00bbcenter\u00bb module_class=\u00bbdf-button dfc-comunicaciones\u00bb _builder_version=\u00bb4.27.4&#8243; _module_preset=\u00bbdefault\u00bb custom_css_main_element=\u00bbwidth:100%;\u00bb global_colors_info=\u00bb{}\u00bb][\/et_pb_button][\/et_pb_column][et_pb_column type=\u00bb1_6&#8243; _builder_version=\u00bb4.27.4&#8243; _module_preset=\u00bbdefault\u00bb global_colors_info=\u00bb{}\u00bb][et_pb_button button_text=\u00bbinformatica\u00bb button_alignment=\u00bbcenter\u00bb module_class=\u00bbdf-button dfc-informatica\u00bb _builder_version=\u00bb4.27.4&#8243; _module_preset=\u00bbdefault\u00bb custom_css_main_element=\u00bbwidth:100%;\u00bb global_colors_info=\u00bb{}\u00bb][\/et_pb_button][\/et_pb_column][et_pb_column type=\u00bb1_6&#8243; _builder_version=\u00bb4.27.4&#8243; _module_preset=\u00bbdefault\u00bb global_colors_info=\u00bb{}\u00bb][et_pb_button button_text=\u00bbaudiovisuales\u00bb button_alignment=\u00bbcenter\u00bb module_class=\u00bbdf-button dfc-audiovisuales\u00bb _builder_version=\u00bb4.27.4&#8243; _module_preset=\u00bbdefault\u00bb custom_css_main_element=\u00bbwidth:100%;\u00bb global_colors_info=\u00bb{}\u00bb][\/et_pb_button][\/et_pb_column][et_pb_column type=\u00bb1_6&#8243; _builder_version=\u00bb4.27.4&#8243; _module_preset=\u00bbdefault\u00bb global_colors_info=\u00bb{}\u00bb][et_pb_button button_text=\u00bbnetworking\u00bb button_alignment=\u00bbcenter\u00bb module_class=\u00bbdf-button dfc-networking\u00bb _builder_version=\u00bb4.27.4&#8243; _module_preset=\u00bbdefault\u00bb custom_css_main_element=\u00bbwidth:100%;\u00bb global_colors_info=\u00bb{}\u00bb][\/et_pb_button][\/et_pb_column][et_pb_column type=\u00bb1_6&#8243; _builder_version=\u00bb4.27.4&#8243; _module_preset=\u00bbdefault\u00bb global_colors_info=\u00bb{}\u00bb][et_pb_button button_text=\u00bbseguridad\u00bb button_alignment=\u00bbcenter\u00bb module_class=\u00bbdf-button dfc-seguridad\u00bb _builder_version=\u00bb4.27.4&#8243; _module_preset=\u00bbdefault\u00bb custom_css_main_element=\u00bbwidth:100%;\u00bb global_colors_info=\u00bb{}\u00bb][\/et_pb_button][\/et_pb_column][\/et_pb_row][\/et_pb_section][et_pb_section fb_built=\u00bb1&#8243; module_class=\u00bbdf-area df-post\u00bb _builder_version=\u00bb4.27.4&#8243; _module_preset=\u00bbdefault\u00bb custom_padding=\u00bb0px|||||\u00bb global_colors_info=\u00bb{}\u00bb][et_pb_row _builder_version=\u00bb4.27.4&#8243; _module_preset=\u00bbdefault\u00bb global_colors_info=\u00bb{}\u00bb][et_pb_column type=\u00bb4_4&#8243; _builder_version=\u00bb4.27.4&#8243; _module_preset=\u00bbdefault\u00bb global_colors_info=\u00bb{}\u00bb][et_pb_blog post_type=\u00bbfabricante\u00bb posts_number=\u00bb99999&#8243; show_author=\u00bboff\u00bb show_date=\u00bboff\u00bb show_categories=\u00bboff\u00bb show_excerpt=\u00bboff\u00bb show_pagination=\u00bboff\u00bb module_class=\u00bbfabricantes-grid\u00bb _builder_version=\u00bb4.27.4&#8243; _module_preset=\u00bbdefault\u00bb global_colors_info=\u00bb{}\u00bb][\/et_pb_blog][\/et_pb_column][\/et_pb_row][\/et_pb_section]<\/p>\n","protected":false},"excerpt":{"rendered":"<p>\u201cOfrecer\u00a0soluciones fiables\u00a0y adaptadas a cada proyecto en el\u00a0sector de las telecomunicaciones\u00a0requiere trabajar con altos est\u00e1ndares de calidad. En COMSA98 trabajamos con los mejores y m\u00e1s experimentados fabricantes con el fin de conseguir la eficiencia, calidad, exigencia y personalizaci\u00f3n necesaria para alcanzar los objetivos marcados. Los mejores fabricantes para las mejores soluciones en COMSA98:Alcatel-Lucent Enterprise proporciona [&hellip;]<\/p>\n","protected":false},"author":1,"featured_media":0,"parent":0,"menu_order":0,"comment_status":"closed","ping_status":"closed","template":"","meta":{"_acf_changed":false,"_et_pb_use_builder":"on","_et_pb_old_content":"","_et_gb_content_width":"","_monsterinsights_skip_tracking":false,"_monsterinsights_sitenote_active":false,"_monsterinsights_sitenote_note":"","_monsterinsights_sitenote_category":0,"footnotes":""},"class_list":["post-121","page","type-page","status-publish","hentry"],"acf":[],"yoast_head":"<!-- This site is optimized with the Yoast SEO plugin v27.3 - https:\/\/yoast.com\/product\/yoast-seo-wordpress\/ -->\n<title>Fabricantes - Comsa98<\/title>\n<meta name=\"robots\" content=\"index, follow, max-snippet:-1, max-image-preview:large, max-video-preview:-1\" \/>\n<link rel=\"canonical\" href=\"https:\/\/www.comsa98.com\/es\/fabricantes\/\" \/>\n<meta property=\"og:locale\" content=\"es_ES\" \/>\n<meta property=\"og:type\" content=\"article\" \/>\n<meta property=\"og:title\" content=\"Fabricantes - Comsa98\" \/>\n<meta property=\"og:description\" content=\"\u201cOfrecer\u00a0soluciones fiables\u00a0y adaptadas a cada proyecto en el\u00a0sector de las telecomunicaciones\u00a0requiere trabajar con altos est\u00e1ndares de calidad. En COMSA98 trabajamos con los mejores y m\u00e1s experimentados fabricantes con el fin de conseguir la eficiencia, calidad, exigencia y personalizaci\u00f3n necesaria para alcanzar los objetivos marcados. Los mejores fabricantes para las mejores soluciones en COMSA98:Alcatel-Lucent Enterprise proporciona [&hellip;]\" \/>\n<meta property=\"og:url\" content=\"https:\/\/www.comsa98.com\/es\/fabricantes\/\" \/>\n<meta property=\"og:site_name\" content=\"Comsa98\" \/>\n<meta property=\"article:modified_time\" content=\"2025-09-03T08:31:57+00:00\" \/>\n<meta name=\"twitter:card\" content=\"summary_large_image\" \/>\n<script type=\"application\/ld+json\" class=\"yoast-schema-graph\">{\"@context\":\"https:\\\/\\\/schema.org\",\"@graph\":[{\"@type\":\"WebPage\",\"@id\":\"https:\\\/\\\/www.comsa98.com\\\/es\\\/fabricantes\\\/\",\"url\":\"https:\\\/\\\/www.comsa98.com\\\/es\\\/fabricantes\\\/\",\"name\":\"Fabricantes - Comsa98\",\"isPartOf\":{\"@id\":\"https:\\\/\\\/www.comsa98.com\\\/es\\\/#website\"},\"datePublished\":\"2025-03-06T09:51:21+00:00\",\"dateModified\":\"2025-09-03T08:31:57+00:00\",\"breadcrumb\":{\"@id\":\"https:\\\/\\\/www.comsa98.com\\\/es\\\/fabricantes\\\/#breadcrumb\"},\"inLanguage\":\"es\",\"potentialAction\":[{\"@type\":\"ReadAction\",\"target\":[\"https:\\\/\\\/www.comsa98.com\\\/es\\\/fabricantes\\\/\"]}]},{\"@type\":\"BreadcrumbList\",\"@id\":\"https:\\\/\\\/www.comsa98.com\\\/es\\\/fabricantes\\\/#breadcrumb\",\"itemListElement\":[{\"@type\":\"ListItem\",\"position\":1,\"name\":\"Portada\",\"item\":\"https:\\\/\\\/www.comsa98.com\\\/es\\\/\"},{\"@type\":\"ListItem\",\"position\":2,\"name\":\"Fabricantes\"}]},{\"@type\":\"WebSite\",\"@id\":\"https:\\\/\\\/www.comsa98.com\\\/es\\\/#website\",\"url\":\"https:\\\/\\\/www.comsa98.com\\\/es\\\/\",\"name\":\"Comsa98\",\"description\":\"\",\"potentialAction\":[{\"@type\":\"SearchAction\",\"target\":{\"@type\":\"EntryPoint\",\"urlTemplate\":\"https:\\\/\\\/www.comsa98.com\\\/es\\\/?s={search_term_string}\"},\"query-input\":{\"@type\":\"PropertyValueSpecification\",\"valueRequired\":true,\"valueName\":\"search_term_string\"}}],\"inLanguage\":\"es\"}]}<\/script>\n<!-- \/ Yoast SEO plugin. -->","yoast_head_json":{"title":"Fabricantes - Comsa98","robots":{"index":"index","follow":"follow","max-snippet":"max-snippet:-1","max-image-preview":"max-image-preview:large","max-video-preview":"max-video-preview:-1"},"canonical":"https:\/\/www.comsa98.com\/es\/fabricantes\/","og_locale":"es_ES","og_type":"article","og_title":"Fabricantes - Comsa98","og_description":"\u201cOfrecer\u00a0soluciones fiables\u00a0y adaptadas a cada proyecto en el\u00a0sector de las telecomunicaciones\u00a0requiere trabajar con altos est\u00e1ndares de calidad. En COMSA98 trabajamos con los mejores y m\u00e1s experimentados fabricantes con el fin de conseguir la eficiencia, calidad, exigencia y personalizaci\u00f3n necesaria para alcanzar los objetivos marcados. Los mejores fabricantes para las mejores soluciones en COMSA98:Alcatel-Lucent Enterprise proporciona [&hellip;]","og_url":"https:\/\/www.comsa98.com\/es\/fabricantes\/","og_site_name":"Comsa98","article_modified_time":"2025-09-03T08:31:57+00:00","twitter_card":"summary_large_image","schema":{"@context":"https:\/\/schema.org","@graph":[{"@type":"WebPage","@id":"https:\/\/www.comsa98.com\/es\/fabricantes\/","url":"https:\/\/www.comsa98.com\/es\/fabricantes\/","name":"Fabricantes - Comsa98","isPartOf":{"@id":"https:\/\/www.comsa98.com\/es\/#website"},"datePublished":"2025-03-06T09:51:21+00:00","dateModified":"2025-09-03T08:31:57+00:00","breadcrumb":{"@id":"https:\/\/www.comsa98.com\/es\/fabricantes\/#breadcrumb"},"inLanguage":"es","potentialAction":[{"@type":"ReadAction","target":["https:\/\/www.comsa98.com\/es\/fabricantes\/"]}]},{"@type":"BreadcrumbList","@id":"https:\/\/www.comsa98.com\/es\/fabricantes\/#breadcrumb","itemListElement":[{"@type":"ListItem","position":1,"name":"Portada","item":"https:\/\/www.comsa98.com\/es\/"},{"@type":"ListItem","position":2,"name":"Fabricantes"}]},{"@type":"WebSite","@id":"https:\/\/www.comsa98.com\/es\/#website","url":"https:\/\/www.comsa98.com\/es\/","name":"Comsa98","description":"","potentialAction":[{"@type":"SearchAction","target":{"@type":"EntryPoint","urlTemplate":"https:\/\/www.comsa98.com\/es\/?s={search_term_string}"},"query-input":{"@type":"PropertyValueSpecification","valueRequired":true,"valueName":"search_term_string"}}],"inLanguage":"es"}]}},"_links":{"self":[{"href":"https:\/\/www.comsa98.com\/es\/wp-json\/wp\/v2\/pages\/121","targetHints":{"allow":["GET"]}}],"collection":[{"href":"https:\/\/www.comsa98.com\/es\/wp-json\/wp\/v2\/pages"}],"about":[{"href":"https:\/\/www.comsa98.com\/es\/wp-json\/wp\/v2\/types\/page"}],"author":[{"embeddable":true,"href":"https:\/\/www.comsa98.com\/es\/wp-json\/wp\/v2\/users\/1"}],"replies":[{"embeddable":true,"href":"https:\/\/www.comsa98.com\/es\/wp-json\/wp\/v2\/comments?post=121"}],"version-history":[{"count":19,"href":"https:\/\/www.comsa98.com\/es\/wp-json\/wp\/v2\/pages\/121\/revisions"}],"predecessor-version":[{"id":825,"href":"https:\/\/www.comsa98.com\/es\/wp-json\/wp\/v2\/pages\/121\/revisions\/825"}],"wp:attachment":[{"href":"https:\/\/www.comsa98.com\/es\/wp-json\/wp\/v2\/media?parent=121"}],"curies":[{"name":"wp","href":"https:\/\/api.w.org\/{rel}","templated":true}]}}