{"id":149,"date":"2025-03-06T10:26:42","date_gmt":"2025-03-06T10:26:42","guid":{"rendered":"https:\/\/www.comsa98.com\/?page_id=149"},"modified":"2025-03-06T12:52:58","modified_gmt":"2025-03-06T12:52:58","slug":"mercados-verticales","status":"publish","type":"page","link":"https:\/\/www.comsa98.com\/es\/mercados-verticales\/","title":{"rendered":"Mercados Verticales"},"content":{"rendered":"<p>[et_pb_section fb_built=\u00bb1&#8243; _builder_version=\u00bb4.27.4&#8243; _module_preset=\u00bbdefault\u00bb global_colors_info=\u00bb{}\u00bb][et_pb_row admin_label=\u00bbFila\u00bb _builder_version=\u00bb4.27.4&#8243; _module_preset=\u00bbdefault\u00bb global_module=\u00bb154&#8243; global_colors_info=\u00bb{}\u00bb][et_pb_column type=\u00bb4_4&#8243; _builder_version=\u00bb4.27.4&#8243; _module_preset=\u00bbdefault\u00bb global_colors_info=\u00bb{}\u00bb][et_pb_post_title meta=\u00bboff\u00bb featured_image=\u00bboff\u00bb _builder_version=\u00bb4.27.4&#8243; _module_preset=\u00bbdefault\u00bb border_width_bottom=\u00bb1px\u00bb border_color_bottom=\u00bb#e5e5e5&#8243; global_colors_info=\u00bb{}\u00bb][\/et_pb_post_title][\/et_pb_column][\/et_pb_row][et_pb_row _builder_version=\u00bb4.27.4&#8243; _module_preset=\u00bbdefault\u00bb background_color=\u00bb#f9f9f9&#8243; custom_margin=\u00bb||30px||false|false\u00bb custom_padding=\u00bb30px|30px|30px|30px|true|true\u00bb global_colors_info=\u00bb{}\u00bb][et_pb_column type=\u00bb4_4&#8243; _builder_version=\u00bb4.27.4&#8243; _module_preset=\u00bbdefault\u00bb global_colors_info=\u00bb{}\u00bb][et_pb_text _builder_version=\u00bb4.27.4&#8243; _module_preset=\u00bbdefault\u00bb global_colors_info=\u00bb{}\u00bb]<\/p>\n<p><span>Las soluciones verticales te permiten satisfacer tus necesidades de negocio con un alto nivel de personalizaci\u00f3n gracias a la integraci\u00f3n de productos y aplicaciones adaptadas a ti. Contamos con las mejores certificaciones que abalan nuestra experiencia y profesionalidad para ofrecer las mejores soluciones para los siguientes sectores:<\/span><\/p>\n<p>[\/et_pb_text][\/et_pb_column][\/et_pb_row][et_pb_row column_structure=\u00bb1_4,1_4,1_4,1_4&#8243; use_custom_gutter=\u00bbon\u00bb gutter_width=\u00bb2&#8243; _builder_version=\u00bb4.27.4&#8243; _module_preset=\u00bbdefault\u00bb global_module=\u00bb147&#8243; saved_tabs=\u00bball\u00bb global_colors_info=\u00bb{}\u00bb][et_pb_column type=\u00bb1_4&#8243; _builder_version=\u00bb4.27.4&#8243; _module_preset=\u00bbdefault\u00bb global_colors_info=\u00bb{}\u00bb][et_pb_blurb title=\u00bbMASS HOTELES\u00bb url=\u00bb\/es\/mercados-verticales\/\u00bb image=\u00bbhttps:\/\/www.comsa98.com\/wp-content\/uploads\/2025\/03\/mass-hoteles.jpg\u00bb module_class=\u00bbcuadros cuadros-portada\u00bb _builder_version=\u00bb4.27.4&#8243; _module_preset=\u00bbdefault\u00bb background_color=\u00bb#5c267b\u00bb background_layout=\u00bbdark\u00bb link_option_url=\u00bb\/es\/mercados-verticales\/\u00bb global_colors_info=\u00bb{}\u00bb]<\/p>\n<p>Hospitalidad y tecnolog\u00eda en tu hotel para ofrecer experiencias \u00fanicas a los hu\u00e9spedes<\/p>\n<p>[\/et_pb_blurb][et_pb_text module_class=\u00bbhide\u00bb _builder_version=\u00bb4.27.4&#8243; _module_preset=\u00bbdefault\u00bb global_colors_info=\u00bb{}\u00bb]<\/p>\n<p><span>Ofrecer una gran experiencia para el hu\u00e9sped es de vital importancia. \u00bfQuieres conseguirlo? Ofrecemos soluciones de seguridad, comunicaciones, audiovisuales, conectividad\u2026Perfectas para diferenciarse de la competencia y ofrecer una gran experiencia para el hu\u00e9sped en tu hotel, casa rural, resort&#8230;<\/span><\/p>\n<p>[\/et_pb_text][et_pb_button button_text=\u00bbVer cat\u00e1logo\u00bb button_alignment=\u00bbcenter\u00bb module_class=\u00bbhide\u00bb _builder_version=\u00bb4.27.4&#8243; _module_preset=\u00bbdefault\u00bb hover_enabled=\u00bb0&#8243; custom_css_main_element=\u00bbwidth:100%;\u00bb global_colors_info=\u00bb{}\u00bb button_url=\u00bbhttps:\/\/www.comsa98.com\/wp-content\/uploads\/2025\/03\/catalogo_mass-hoteles.pdf\u00bb url_new_window=\u00bbon\u00bb sticky_enabled=\u00bb0&#8243;][\/et_pb_button][\/et_pb_column][et_pb_column type=\u00bb1_4&#8243; _builder_version=\u00bb4.27.4&#8243; _module_preset=\u00bbdefault\u00bb global_colors_info=\u00bb{}\u00bb][et_pb_blurb title=\u00bbMASS SALUD\u00bb url=\u00bb\/es\/mercados-verticales\/\u00bb image=\u00bbhttps:\/\/www.comsa98.com\/wp-content\/uploads\/2025\/03\/mass-salud-2.jpg\u00bb module_class=\u00bbcuadros cuadros-portada\u00bb _builder_version=\u00bb4.27.4&#8243; _module_preset=\u00bbdefault\u00bb background_color=\u00bb#009ee3&#8243; background_layout=\u00bbdark\u00bb link_option_url=\u00bb\/es\/mercados-verticales\/\u00bb global_colors_info=\u00bb{}\u00bb]<\/p>\n<p>Tecnolog\u00eda e innovaci\u00f3n para ofrecer soluciones de calidad al paciente y al residente<\/p>\n<p>[\/et_pb_blurb][et_pb_text module_class=\u00bbhide\u00bb _builder_version=\u00bb4.27.4&#8243; _module_preset=\u00bbdefault\u00bb global_colors_info=\u00bb{}\u00bb]<\/p>\n<p><span>Hospitales, residencias, centros sanitarios, socio sanitarios\u2026 Las consecuencias de no disponer soluciones seguras y de calidad pueden ser fatales. Tenemos las mejores soluciones de la mano de los mejores fabricantes. Tecnolog\u00eda e innovaci\u00f3n para la gesti\u00f3n eficiente de tu centro.<\/span><\/p>\n<p>[\/et_pb_text][et_pb_button button_text=\u00bbVer cat\u00e1logo\u00bb button_alignment=\u00bbcenter\u00bb module_class=\u00bbhide\u00bb _builder_version=\u00bb4.27.4&#8243; _module_preset=\u00bbdefault\u00bb hover_enabled=\u00bb0&#8243; custom_css_main_element=\u00bbwidth:100%;\u00bb global_colors_info=\u00bb{}\u00bb button_url=\u00bbhttps:\/\/www.comsa98.com\/wp-content\/uploads\/2025\/03\/catalogo_mass-salud.pdf\u00bb url_new_window=\u00bbon\u00bb sticky_enabled=\u00bb0&#8243;][\/et_pb_button][\/et_pb_column][et_pb_column type=\u00bb1_4&#8243; _builder_version=\u00bb4.27.4&#8243; _module_preset=\u00bbdefault\u00bb global_colors_info=\u00bb{}\u00bb][et_pb_blurb title=\u00bbMASS TRAFFIC\u00bb url=\u00bb\/es\/mercados-verticales\/\u00bb image=\u00bbhttps:\/\/www.comsa98.com\/wp-content\/uploads\/2025\/03\/mass-traffic.jpg\u00bb module_class=\u00bbcuadros cuadros-portada\u00bb _builder_version=\u00bb4.27.4&#8243; _module_preset=\u00bbdefault\u00bb background_color=\u00bb#e30513&#8243; background_layout=\u00bbdark\u00bb link_option_url=\u00bb\/es\/mercados-verticales\/\u00bb global_colors_info=\u00bb{}\u00bb]<\/p>\n<p>Soluciones completas, eficientes y exclusivas en 3 \u00e1reas: vial, parking y transporte<\/p>\n<p>[\/et_pb_blurb][et_pb_text module_class=\u00bbhide\u00bb _builder_version=\u00bb4.27.4&#8243; _module_preset=\u00bbdefault\u00bb global_colors_info=\u00bb{}\u00bb]<\/p>\n<p><span>La ciudad debe ser un espacio c\u00f3modo y confortable para el ciudadano. Te ofrecemos soluciones integrales orientadas a conseguir la experiencia m\u00e1s segura y de mayor calidad: gesti\u00f3n, control y pacificaci\u00f3n del tr\u00e1fico, control de accesos, gesti\u00f3n de parkings, lector de matr\u00edculas inteligente\u2026<\/span><\/p>\n<p>[\/et_pb_text][et_pb_button button_text=\u00bbVer cat\u00e1logo\u00bb button_alignment=\u00bbcenter\u00bb module_class=\u00bbhide\u00bb _builder_version=\u00bb4.27.4&#8243; _module_preset=\u00bbdefault\u00bb hover_enabled=\u00bb0&#8243; custom_css_main_element=\u00bbwidth:100%;\u00bb global_colors_info=\u00bb{}\u00bb button_url=\u00bbhttps:\/\/www.comsa98.com\/wp-content\/uploads\/2025\/03\/catalogo_mass-traffic.pdf\u00bb url_new_window=\u00bbon\u00bb sticky_enabled=\u00bb0&#8243;][\/et_pb_button][\/et_pb_column][et_pb_column type=\u00bb1_4&#8243; _builder_version=\u00bb4.27.4&#8243; _module_preset=\u00bbdefault\u00bb global_colors_info=\u00bb{}\u00bb][et_pb_blurb title=\u00bbFOOD DEFENSE\u00bb url=\u00bb\/es\/mercados-verticales\/\u00bb image=\u00bbhttps:\/\/www.comsa98.com\/wp-content\/uploads\/2025\/03\/food-defense-soluciones.jpg\u00bb module_class=\u00bbcuadros cuadros-portada\u00bb _builder_version=\u00bb4.27.4&#8243; _module_preset=\u00bbdefault\u00bb background_color=\u00bb#000000&#8243; background_layout=\u00bbdark\u00bb link_option_url=\u00bb\/es\/mercados-verticales\/\u00bb global_colors_info=\u00bb{}\u00bb]<\/p>\n<p>Seguridad para dar respuesta a los problemas de tu empresa del sector agroalimentario<\/p>\n<p>[\/et_pb_blurb][et_pb_text module_class=\u00bbhide\u00bb _builder_version=\u00bb4.27.4&#8243; _module_preset=\u00bbdefault\u00bb global_colors_info=\u00bb{}\u00bb]<\/p>\n<p><span>\u00bfTu empresa es del sector de alimentaci\u00f3n? \u00bfConoces los graves riesgos a los que est\u00e1 expuesta? Te ofrecemos soluciones de Seguridad Alimentaria, Food Defense, Seguridad F\u00edsica, Ciberseguridad, automatizaci\u00f3n, control\u2026 Soluciones integradas y globales adaptadas a tus necesidades.<\/span><\/p>\n<p>[\/et_pb_text][\/et_pb_column][\/et_pb_row][\/et_pb_section]<\/p>\n","protected":false},"excerpt":{"rendered":"<p>Las soluciones verticales te permiten satisfacer tus necesidades de negocio con un alto nivel de personalizaci\u00f3n gracias a la integraci\u00f3n de productos y aplicaciones adaptadas a ti. Contamos con las mejores certificaciones que abalan nuestra experiencia y profesionalidad para ofrecer las mejores soluciones para los siguientes sectores:Hospitalidad y tecnolog\u00eda en tu hotel para ofrecer experiencias [&hellip;]<\/p>\n","protected":false},"author":1,"featured_media":0,"parent":0,"menu_order":0,"comment_status":"closed","ping_status":"closed","template":"","meta":{"_acf_changed":false,"_et_pb_use_builder":"on","_et_pb_old_content":"","_et_gb_content_width":"","_monsterinsights_skip_tracking":false,"_monsterinsights_sitenote_active":false,"_monsterinsights_sitenote_note":"","_monsterinsights_sitenote_category":0,"footnotes":""},"class_list":["post-149","page","type-page","status-publish","hentry"],"acf":[],"yoast_head":"<!-- This site is optimized with the Yoast SEO plugin v27.3 - https:\/\/yoast.com\/product\/yoast-seo-wordpress\/ -->\n<title>Mercados Verticales - Comsa98<\/title>\n<meta name=\"robots\" content=\"index, follow, max-snippet:-1, max-image-preview:large, max-video-preview:-1\" \/>\n<link rel=\"canonical\" href=\"https:\/\/www.comsa98.com\/es\/mercados-verticales\/\" \/>\n<meta property=\"og:locale\" content=\"es_ES\" \/>\n<meta property=\"og:type\" content=\"article\" \/>\n<meta property=\"og:title\" content=\"Mercados Verticales - Comsa98\" \/>\n<meta property=\"og:description\" content=\"Las soluciones verticales te permiten satisfacer tus necesidades de negocio con un alto nivel de personalizaci\u00f3n gracias a la integraci\u00f3n de productos y aplicaciones adaptadas a ti. Contamos con las mejores certificaciones que abalan nuestra experiencia y profesionalidad para ofrecer las mejores soluciones para los siguientes sectores:Hospitalidad y tecnolog\u00eda en tu hotel para ofrecer experiencias [&hellip;]\" \/>\n<meta property=\"og:url\" content=\"https:\/\/www.comsa98.com\/es\/mercados-verticales\/\" \/>\n<meta property=\"og:site_name\" content=\"Comsa98\" \/>\n<meta property=\"article:modified_time\" content=\"2025-03-06T12:52:58+00:00\" \/>\n<meta name=\"twitter:card\" content=\"summary_large_image\" \/>\n<script type=\"application\/ld+json\" class=\"yoast-schema-graph\">{\"@context\":\"https:\\\/\\\/schema.org\",\"@graph\":[{\"@type\":\"WebPage\",\"@id\":\"https:\\\/\\\/www.comsa98.com\\\/es\\\/mercados-verticales\\\/\",\"url\":\"https:\\\/\\\/www.comsa98.com\\\/es\\\/mercados-verticales\\\/\",\"name\":\"Mercados Verticales - Comsa98\",\"isPartOf\":{\"@id\":\"https:\\\/\\\/www.comsa98.com\\\/es\\\/#website\"},\"datePublished\":\"2025-03-06T10:26:42+00:00\",\"dateModified\":\"2025-03-06T12:52:58+00:00\",\"breadcrumb\":{\"@id\":\"https:\\\/\\\/www.comsa98.com\\\/es\\\/mercados-verticales\\\/#breadcrumb\"},\"inLanguage\":\"es\",\"potentialAction\":[{\"@type\":\"ReadAction\",\"target\":[\"https:\\\/\\\/www.comsa98.com\\\/es\\\/mercados-verticales\\\/\"]}]},{\"@type\":\"BreadcrumbList\",\"@id\":\"https:\\\/\\\/www.comsa98.com\\\/es\\\/mercados-verticales\\\/#breadcrumb\",\"itemListElement\":[{\"@type\":\"ListItem\",\"position\":1,\"name\":\"Portada\",\"item\":\"https:\\\/\\\/www.comsa98.com\\\/es\\\/\"},{\"@type\":\"ListItem\",\"position\":2,\"name\":\"Mercados Verticales\"}]},{\"@type\":\"WebSite\",\"@id\":\"https:\\\/\\\/www.comsa98.com\\\/es\\\/#website\",\"url\":\"https:\\\/\\\/www.comsa98.com\\\/es\\\/\",\"name\":\"Comsa98\",\"description\":\"\",\"potentialAction\":[{\"@type\":\"SearchAction\",\"target\":{\"@type\":\"EntryPoint\",\"urlTemplate\":\"https:\\\/\\\/www.comsa98.com\\\/es\\\/?s={search_term_string}\"},\"query-input\":{\"@type\":\"PropertyValueSpecification\",\"valueRequired\":true,\"valueName\":\"search_term_string\"}}],\"inLanguage\":\"es\"}]}<\/script>\n<!-- \/ Yoast SEO plugin. -->","yoast_head_json":{"title":"Mercados Verticales - Comsa98","robots":{"index":"index","follow":"follow","max-snippet":"max-snippet:-1","max-image-preview":"max-image-preview:large","max-video-preview":"max-video-preview:-1"},"canonical":"https:\/\/www.comsa98.com\/es\/mercados-verticales\/","og_locale":"es_ES","og_type":"article","og_title":"Mercados Verticales - Comsa98","og_description":"Las soluciones verticales te permiten satisfacer tus necesidades de negocio con un alto nivel de personalizaci\u00f3n gracias a la integraci\u00f3n de productos y aplicaciones adaptadas a ti. Contamos con las mejores certificaciones que abalan nuestra experiencia y profesionalidad para ofrecer las mejores soluciones para los siguientes sectores:Hospitalidad y tecnolog\u00eda en tu hotel para ofrecer experiencias [&hellip;]","og_url":"https:\/\/www.comsa98.com\/es\/mercados-verticales\/","og_site_name":"Comsa98","article_modified_time":"2025-03-06T12:52:58+00:00","twitter_card":"summary_large_image","schema":{"@context":"https:\/\/schema.org","@graph":[{"@type":"WebPage","@id":"https:\/\/www.comsa98.com\/es\/mercados-verticales\/","url":"https:\/\/www.comsa98.com\/es\/mercados-verticales\/","name":"Mercados Verticales - Comsa98","isPartOf":{"@id":"https:\/\/www.comsa98.com\/es\/#website"},"datePublished":"2025-03-06T10:26:42+00:00","dateModified":"2025-03-06T12:52:58+00:00","breadcrumb":{"@id":"https:\/\/www.comsa98.com\/es\/mercados-verticales\/#breadcrumb"},"inLanguage":"es","potentialAction":[{"@type":"ReadAction","target":["https:\/\/www.comsa98.com\/es\/mercados-verticales\/"]}]},{"@type":"BreadcrumbList","@id":"https:\/\/www.comsa98.com\/es\/mercados-verticales\/#breadcrumb","itemListElement":[{"@type":"ListItem","position":1,"name":"Portada","item":"https:\/\/www.comsa98.com\/es\/"},{"@type":"ListItem","position":2,"name":"Mercados Verticales"}]},{"@type":"WebSite","@id":"https:\/\/www.comsa98.com\/es\/#website","url":"https:\/\/www.comsa98.com\/es\/","name":"Comsa98","description":"","potentialAction":[{"@type":"SearchAction","target":{"@type":"EntryPoint","urlTemplate":"https:\/\/www.comsa98.com\/es\/?s={search_term_string}"},"query-input":{"@type":"PropertyValueSpecification","valueRequired":true,"valueName":"search_term_string"}}],"inLanguage":"es"}]}},"_links":{"self":[{"href":"https:\/\/www.comsa98.com\/es\/wp-json\/wp\/v2\/pages\/149","targetHints":{"allow":["GET"]}}],"collection":[{"href":"https:\/\/www.comsa98.com\/es\/wp-json\/wp\/v2\/pages"}],"about":[{"href":"https:\/\/www.comsa98.com\/es\/wp-json\/wp\/v2\/types\/page"}],"author":[{"embeddable":true,"href":"https:\/\/www.comsa98.com\/es\/wp-json\/wp\/v2\/users\/1"}],"replies":[{"embeddable":true,"href":"https:\/\/www.comsa98.com\/es\/wp-json\/wp\/v2\/comments?post=149"}],"version-history":[{"count":7,"href":"https:\/\/www.comsa98.com\/es\/wp-json\/wp\/v2\/pages\/149\/revisions"}],"predecessor-version":[{"id":261,"href":"https:\/\/www.comsa98.com\/es\/wp-json\/wp\/v2\/pages\/149\/revisions\/261"}],"wp:attachment":[{"href":"https:\/\/www.comsa98.com\/es\/wp-json\/wp\/v2\/media?parent=149"}],"curies":[{"name":"wp","href":"https:\/\/api.w.org\/{rel}","templated":true}]}}