{"id":201,"date":"2025-03-06T12:27:07","date_gmt":"2025-03-06T12:27:07","guid":{"rendered":"https:\/\/www.comsa98.com\/?page_id=201"},"modified":"2025-03-06T12:31:13","modified_gmt":"2025-03-06T12:31:13","slug":"informatica","status":"publish","type":"page","link":"https:\/\/www.comsa98.com\/es\/informatica\/","title":{"rendered":"Inform\u00e1tica"},"content":{"rendered":"<p>[et_pb_section fb_built=\u00bb1&#8243; _builder_version=\u00bb4.27.4&#8243; _module_preset=\u00bbdefault\u00bb background_image=\u00bbhttps:\/\/www.comsa98.com\/wp-content\/uploads\/2025\/03\/fondo_slide_0.png\u00bb custom_padding=\u00bb0px||0px||false|false\u00bb global_colors_info=\u00bb{}\u00bb][et_pb_row _builder_version=\u00bb4.27.4&#8243; _module_preset=\u00bbdefault\u00bb background_image=\u00bbhttps:\/\/www.comsa98.com\/wp-content\/uploads\/2025\/03\/slide_informatica.png\u00bb min_height=\u00bb345px\u00bb custom_margin=\u00bb0px||0px||false|false\u00bb custom_padding=\u00bb150px||60px||false|false\u00bb animation_style=\u00bbfade\u00bb hover_enabled=\u00bb0&#8243; global_colors_info=\u00bb{}\u00bb title_text=\u00bbslide_informatica\u00bb sticky_enabled=\u00bb0&#8243;][et_pb_column type=\u00bb4_4&#8243; _builder_version=\u00bb4.27.4&#8243; _module_preset=\u00bbdefault\u00bb background_enable_image=\u00bboff\u00bb global_colors_info=\u00bb{}\u00bb][\/et_pb_column][\/et_pb_row][\/et_pb_section][et_pb_section fb_built=\u00bb1&#8243; _builder_version=\u00bb4.27.4&#8243; _module_preset=\u00bbdefault\u00bb global_colors_info=\u00bb{}\u00bb][et_pb_row admin_label=\u00bbFila\u00bb _builder_version=\u00bb4.27.4&#8243; _module_preset=\u00bbdefault\u00bb global_module=\u00bb154&#8243; global_colors_info=\u00bb{}\u00bb][et_pb_column type=\u00bb4_4&#8243; _builder_version=\u00bb4.27.4&#8243; _module_preset=\u00bbdefault\u00bb global_colors_info=\u00bb{}\u00bb][et_pb_post_title meta=\u00bboff\u00bb featured_image=\u00bboff\u00bb _builder_version=\u00bb4.27.4&#8243; _module_preset=\u00bbdefault\u00bb border_width_bottom=\u00bb1px\u00bb border_color_bottom=\u00bb#e5e5e5&#8243; global_colors_info=\u00bb{}\u00bb][\/et_pb_post_title][\/et_pb_column][\/et_pb_row][et_pb_row _builder_version=\u00bb4.27.4&#8243; _module_preset=\u00bbdefault\u00bb global_colors_info=\u00bb{}\u00bb][et_pb_column type=\u00bb4_4&#8243; _builder_version=\u00bb4.27.4&#8243; _module_preset=\u00bbdefault\u00bb global_colors_info=\u00bb{}\u00bb][et_pb_heading title=\u00bb\u00bfIMAGINAS EN LA ACTUALIDAD UNA EMPRESA SIN BUENAS SOLUCIONES INFORM\u00c1TICAS IMPLEMENTADAS EN SU D\u00cdA A D\u00cdA? NOSOTROS TAMPOCO. \u00c9STA ES NUESTRA PROPUESTA\u00bb _builder_version=\u00bb4.27.4&#8243; _module_preset=\u00bbdefault\u00bb title_text_color=\u00bb#EC6E00&#8243; global_colors_info=\u00bb{}\u00bb][\/et_pb_heading][et_pb_text _builder_version=\u00bb4.27.4&#8243; _module_preset=\u00bbdefault\u00bb global_colors_info=\u00bb{}\u00bb]<\/p>\n<p>En COMSA98 somos expertos en soluciones inform\u00e1ticas y las integramos en tu empresa de una forma eficiente y personalizada.<\/p>\n<p>Somos especialistas en la instalaci\u00f3n, reparaci\u00f3n y mantenimiento de todo tipo de material inform\u00e1tico y conseguimos que todos tus ordenadores, monitores, perif\u00e9ricos y resto de componentes funcionen cumpliendo todas tus expectativas.<\/p>\n<p>[\/et_pb_text][\/et_pb_column][\/et_pb_row][et_pb_row column_structure=\u00bb1_2,1_2&#8243; use_custom_gutter=\u00bbon\u00bb gutter_width=\u00bb2&#8243; make_equal=\u00bbon\u00bb _builder_version=\u00bb4.27.4&#8243; _module_preset=\u00bbdefault\u00bb global_colors_info=\u00bb{}\u00bb][et_pb_column type=\u00bb1_2&#8243; _builder_version=\u00bb4.27.4&#8243; _module_preset=\u00bbdefault\u00bb background_color=\u00bb#F9F9F9&#8243; custom_padding=\u00bb30px|30px|30px|30px|false|false\u00bb global_colors_info=\u00bb{}\u00bb][et_pb_heading title=\u00bb\u00bfQu\u00e9 soluciones te ofrecemos?\u00bb _builder_version=\u00bb4.27.4&#8243; _module_preset=\u00bbdefault\u00bb title_level=\u00bbh3&#8243; global_colors_info=\u00bb{}\u00bb][\/et_pb_heading][et_pb_text _builder_version=\u00bb4.27.4&#8243; _module_preset=\u00bbdefault\u00bb global_colors_info=\u00bb{}\u00bb]<\/p>\n<p><strong>Ordenadores \u00a0y Port\u00e1tiles.<\/strong><span>\u00a0<\/span>La movilidad y flexibilidad que aporta un ordenador port\u00e1til de \u00faltima generaci\u00f3n a tu empresa es clave en el d\u00eda a d\u00eda. Te ayudamos a cubrir las necesidades que tengas con una buena elecci\u00f3n.<\/p>\n<p><strong>Ofim\u00e1tica<\/strong>. Tenemos la soluci\u00f3n perfecta en equipos e impresoras multifunci\u00f3n (Esc\u00e1ner, fotocopiadora, fax, e-mail\u2026) para integrar en tu empresa.<\/p>\n<p><strong>Sistemas antivirus y sistemas inform\u00e1ticos de seguridad<span>\u00a0<\/span><\/strong>(Firewall). Con la seguridad no debes escatimar recursos y te ofrecemos control y gesti\u00f3n al m\u00e1ximo nivel.<\/p>\n<p><strong>Tpv<\/strong>. Incorpora una soluci\u00f3n para tus ventas r\u00e1pida, \u00e1gil, t\u00e1ctil, c\u00f3moda y sencilla para ti y tus clientes. La venta eficiente con un terminal punto de venta adecuado es posible.<\/p>\n<p><strong>CashDro<\/strong>. Tener un dispensador de billetes y monedas en tu empresa aporta la seguridad necesaria para reducir las posibilidades de hurto y hacer que las transacciones de cobro sean \u00e1giles.<\/p>\n<p>Igualmente y dado nuestro car\u00e1cter global podemos adaptar soluciones relacionadas con servidores, servicios webs como la creaci\u00f3n de p\u00e1ginas, registro del dominio o dominios pertinentes, alojamiento de los mismos, posicionamiento web en buscadores SEO\/SEM\u2026<\/p>\n<p>[\/et_pb_text][\/et_pb_column][et_pb_column type=\u00bb1_2&#8243; _builder_version=\u00bb4.27.4&#8243; _module_preset=\u00bbdefault\u00bb background_color=\u00bb#F9F9F9&#8243; custom_padding=\u00bb30px|30px|30px|30px|false|false\u00bb global_colors_info=\u00bb{}\u00bb][et_pb_heading title=\u00bb\u00bfQu\u00e9 ventajas te ofrecemos?\u00bb _builder_version=\u00bb4.27.4&#8243; _module_preset=\u00bbdefault\u00bb title_level=\u00bbh3&#8243; global_colors_info=\u00bb{}\u00bb][\/et_pb_heading][et_pb_text _builder_version=\u00bb4.27.4&#8243; _module_preset=\u00bbdefault\u00bb global_colors_info=\u00bb{}\u00bb]<\/p>\n<p><strong>Plan integral.<\/strong><span>\u00a0<\/span>Para que una soluci\u00f3n sea completa se necesita que el soporte se ajuste e integre en todas las \u00e1reas necesarias de la empresa. Nosotros te la ofrecemos.<\/p>\n<p><strong>Soluciones globales.<\/strong><span>\u00a0<\/span>Tener un proveedor global de soluciones IP hace que tu empresa funcione de forma \u00e1gil y eficiente.<\/p>\n<p><strong>Personalizaci\u00f3n<\/strong>. Adaptamos completamente nuestras soluciones a tu empresa. Cubrir tus necesidades es posible con un estudio detallado de las mismas.<\/p>\n<p><strong>Calidad<\/strong>. Las soluciones inform\u00e1ticas requieren de profesionalidad y experiencia para poder implementar las soluciones de forma adecuada.<\/p>\n<p>\u00bfEst\u00e1s buscando un proveedor de servicios inform\u00e1ticos? No dudes en contactar con nosotros.<\/p>\n<p>[\/et_pb_text][et_pb_image src=\u00bbhttps:\/\/www.comsa98.com\/wp-content\/uploads\/2025\/03\/img_informatica.jpg\u00bb title_text=\u00bbimg_informatica\u00bb _builder_version=\u00bb4.27.4&#8243; _module_preset=\u00bbdefault\u00bb global_colors_info=\u00bb{}\u00bb][\/et_pb_image][\/et_pb_column][\/et_pb_row][\/et_pb_section]<\/p>\n","protected":false},"excerpt":{"rendered":"<p>En COMSA98 somos expertos en soluciones inform\u00e1ticas y las integramos en tu empresa de una forma eficiente y personalizada. Somos especialistas en la instalaci\u00f3n, reparaci\u00f3n y mantenimiento de todo tipo de material inform\u00e1tico y conseguimos que todos tus ordenadores, monitores, perif\u00e9ricos y resto de componentes funcionen cumpliendo todas tus expectativas.Ordenadores \u00a0y Port\u00e1tiles.\u00a0La movilidad y flexibilidad [&hellip;]<\/p>\n","protected":false},"author":1,"featured_media":0,"parent":0,"menu_order":0,"comment_status":"closed","ping_status":"closed","template":"","meta":{"_acf_changed":false,"_et_pb_use_builder":"on","_et_pb_old_content":"","_et_gb_content_width":"","_monsterinsights_skip_tracking":false,"_monsterinsights_sitenote_active":false,"_monsterinsights_sitenote_note":"","_monsterinsights_sitenote_category":0,"footnotes":""},"class_list":["post-201","page","type-page","status-publish","hentry"],"acf":[],"yoast_head":"<!-- This site is optimized with the Yoast SEO plugin v27.3 - https:\/\/yoast.com\/product\/yoast-seo-wordpress\/ -->\n<title>Inform\u00e1tica - Comsa98<\/title>\n<meta name=\"robots\" content=\"index, follow, max-snippet:-1, max-image-preview:large, max-video-preview:-1\" \/>\n<link rel=\"canonical\" href=\"https:\/\/www.comsa98.com\/es\/informatica\/\" \/>\n<meta property=\"og:locale\" content=\"es_ES\" \/>\n<meta property=\"og:type\" content=\"article\" \/>\n<meta property=\"og:title\" content=\"Inform\u00e1tica - Comsa98\" \/>\n<meta property=\"og:description\" content=\"En COMSA98 somos expertos en soluciones inform\u00e1ticas y las integramos en tu empresa de una forma eficiente y personalizada. Somos especialistas en la instalaci\u00f3n, reparaci\u00f3n y mantenimiento de todo tipo de material inform\u00e1tico y conseguimos que todos tus ordenadores, monitores, perif\u00e9ricos y resto de componentes funcionen cumpliendo todas tus expectativas.Ordenadores \u00a0y Port\u00e1tiles.\u00a0La movilidad y flexibilidad [&hellip;]\" \/>\n<meta property=\"og:url\" content=\"https:\/\/www.comsa98.com\/es\/informatica\/\" \/>\n<meta property=\"og:site_name\" content=\"Comsa98\" \/>\n<meta property=\"article:modified_time\" content=\"2025-03-06T12:31:13+00:00\" \/>\n<meta name=\"twitter:card\" content=\"summary_large_image\" \/>\n<script type=\"application\/ld+json\" class=\"yoast-schema-graph\">{\"@context\":\"https:\\\/\\\/schema.org\",\"@graph\":[{\"@type\":\"WebPage\",\"@id\":\"https:\\\/\\\/www.comsa98.com\\\/es\\\/informatica\\\/\",\"url\":\"https:\\\/\\\/www.comsa98.com\\\/es\\\/informatica\\\/\",\"name\":\"Inform\u00e1tica - Comsa98\",\"isPartOf\":{\"@id\":\"https:\\\/\\\/www.comsa98.com\\\/es\\\/#website\"},\"datePublished\":\"2025-03-06T12:27:07+00:00\",\"dateModified\":\"2025-03-06T12:31:13+00:00\",\"breadcrumb\":{\"@id\":\"https:\\\/\\\/www.comsa98.com\\\/es\\\/informatica\\\/#breadcrumb\"},\"inLanguage\":\"es\",\"potentialAction\":[{\"@type\":\"ReadAction\",\"target\":[\"https:\\\/\\\/www.comsa98.com\\\/es\\\/informatica\\\/\"]}]},{\"@type\":\"BreadcrumbList\",\"@id\":\"https:\\\/\\\/www.comsa98.com\\\/es\\\/informatica\\\/#breadcrumb\",\"itemListElement\":[{\"@type\":\"ListItem\",\"position\":1,\"name\":\"Portada\",\"item\":\"https:\\\/\\\/www.comsa98.com\\\/es\\\/\"},{\"@type\":\"ListItem\",\"position\":2,\"name\":\"Inform\u00e1tica\"}]},{\"@type\":\"WebSite\",\"@id\":\"https:\\\/\\\/www.comsa98.com\\\/es\\\/#website\",\"url\":\"https:\\\/\\\/www.comsa98.com\\\/es\\\/\",\"name\":\"Comsa98\",\"description\":\"\",\"potentialAction\":[{\"@type\":\"SearchAction\",\"target\":{\"@type\":\"EntryPoint\",\"urlTemplate\":\"https:\\\/\\\/www.comsa98.com\\\/es\\\/?s={search_term_string}\"},\"query-input\":{\"@type\":\"PropertyValueSpecification\",\"valueRequired\":true,\"valueName\":\"search_term_string\"}}],\"inLanguage\":\"es\"}]}<\/script>\n<!-- \/ Yoast SEO plugin. -->","yoast_head_json":{"title":"Inform\u00e1tica - Comsa98","robots":{"index":"index","follow":"follow","max-snippet":"max-snippet:-1","max-image-preview":"max-image-preview:large","max-video-preview":"max-video-preview:-1"},"canonical":"https:\/\/www.comsa98.com\/es\/informatica\/","og_locale":"es_ES","og_type":"article","og_title":"Inform\u00e1tica - Comsa98","og_description":"En COMSA98 somos expertos en soluciones inform\u00e1ticas y las integramos en tu empresa de una forma eficiente y personalizada. Somos especialistas en la instalaci\u00f3n, reparaci\u00f3n y mantenimiento de todo tipo de material inform\u00e1tico y conseguimos que todos tus ordenadores, monitores, perif\u00e9ricos y resto de componentes funcionen cumpliendo todas tus expectativas.Ordenadores \u00a0y Port\u00e1tiles.\u00a0La movilidad y flexibilidad [&hellip;]","og_url":"https:\/\/www.comsa98.com\/es\/informatica\/","og_site_name":"Comsa98","article_modified_time":"2025-03-06T12:31:13+00:00","twitter_card":"summary_large_image","schema":{"@context":"https:\/\/schema.org","@graph":[{"@type":"WebPage","@id":"https:\/\/www.comsa98.com\/es\/informatica\/","url":"https:\/\/www.comsa98.com\/es\/informatica\/","name":"Inform\u00e1tica - Comsa98","isPartOf":{"@id":"https:\/\/www.comsa98.com\/es\/#website"},"datePublished":"2025-03-06T12:27:07+00:00","dateModified":"2025-03-06T12:31:13+00:00","breadcrumb":{"@id":"https:\/\/www.comsa98.com\/es\/informatica\/#breadcrumb"},"inLanguage":"es","potentialAction":[{"@type":"ReadAction","target":["https:\/\/www.comsa98.com\/es\/informatica\/"]}]},{"@type":"BreadcrumbList","@id":"https:\/\/www.comsa98.com\/es\/informatica\/#breadcrumb","itemListElement":[{"@type":"ListItem","position":1,"name":"Portada","item":"https:\/\/www.comsa98.com\/es\/"},{"@type":"ListItem","position":2,"name":"Inform\u00e1tica"}]},{"@type":"WebSite","@id":"https:\/\/www.comsa98.com\/es\/#website","url":"https:\/\/www.comsa98.com\/es\/","name":"Comsa98","description":"","potentialAction":[{"@type":"SearchAction","target":{"@type":"EntryPoint","urlTemplate":"https:\/\/www.comsa98.com\/es\/?s={search_term_string}"},"query-input":{"@type":"PropertyValueSpecification","valueRequired":true,"valueName":"search_term_string"}}],"inLanguage":"es"}]}},"_links":{"self":[{"href":"https:\/\/www.comsa98.com\/es\/wp-json\/wp\/v2\/pages\/201","targetHints":{"allow":["GET"]}}],"collection":[{"href":"https:\/\/www.comsa98.com\/es\/wp-json\/wp\/v2\/pages"}],"about":[{"href":"https:\/\/www.comsa98.com\/es\/wp-json\/wp\/v2\/types\/page"}],"author":[{"embeddable":true,"href":"https:\/\/www.comsa98.com\/es\/wp-json\/wp\/v2\/users\/1"}],"replies":[{"embeddable":true,"href":"https:\/\/www.comsa98.com\/es\/wp-json\/wp\/v2\/comments?post=201"}],"version-history":[{"count":5,"href":"https:\/\/www.comsa98.com\/es\/wp-json\/wp\/v2\/pages\/201\/revisions"}],"predecessor-version":[{"id":211,"href":"https:\/\/www.comsa98.com\/es\/wp-json\/wp\/v2\/pages\/201\/revisions\/211"}],"wp:attachment":[{"href":"https:\/\/www.comsa98.com\/es\/wp-json\/wp\/v2\/media?parent=201"}],"curies":[{"name":"wp","href":"https:\/\/api.w.org\/{rel}","templated":true}]}}