{"id":220,"date":"2025-03-06T12:39:56","date_gmt":"2025-03-06T12:39:56","guid":{"rendered":"https:\/\/www.comsa98.com\/?page_id=220"},"modified":"2025-03-06T12:41:28","modified_gmt":"2025-03-06T12:41:28","slug":"networking","status":"publish","type":"page","link":"https:\/\/www.comsa98.com\/es\/networking\/","title":{"rendered":"Networking"},"content":{"rendered":"<p>[et_pb_section fb_built=\u00bb1&#8243; _builder_version=\u00bb4.27.4&#8243; _module_preset=\u00bbdefault\u00bb background_image=\u00bbhttps:\/\/www.comsa98.com\/wp-content\/uploads\/2025\/03\/fondo_slide_0.png\u00bb custom_padding=\u00bb0px||0px||false|false\u00bb global_colors_info=\u00bb{}\u00bb theme_builder_area=\u00bbpost_content\u00bb][et_pb_row _builder_version=\u00bb4.27.4&#8243; _module_preset=\u00bbdefault\u00bb background_image=\u00bbhttps:\/\/www.comsa98.com\/wp-content\/uploads\/2025\/03\/slide_networking.png\u00bb min_height=\u00bb345px\u00bb custom_margin=\u00bb0px||0px||false|false\u00bb custom_padding=\u00bb150px||60px||false|false\u00bb animation_style=\u00bbfade\u00bb hover_enabled=\u00bb0&#8243; global_colors_info=\u00bb{}\u00bb theme_builder_area=\u00bbpost_content\u00bb title_text=\u00bbslide_networking\u00bb sticky_enabled=\u00bb0&#8243;][et_pb_column type=\u00bb4_4&#8243; _builder_version=\u00bb4.27.4&#8243; _module_preset=\u00bbdefault\u00bb background_enable_image=\u00bboff\u00bb global_colors_info=\u00bb{}\u00bb theme_builder_area=\u00bbpost_content\u00bb][\/et_pb_column][\/et_pb_row][\/et_pb_section][et_pb_section fb_built=\u00bb1&#8243; _builder_version=\u00bb4.27.4&#8243; _module_preset=\u00bbdefault\u00bb global_colors_info=\u00bb{}\u00bb theme_builder_area=\u00bbpost_content\u00bb][et_pb_row admin_label=\u00bbFila\u00bb _builder_version=\u00bb4.27.4&#8243; _module_preset=\u00bbdefault\u00bb global_module=\u00bb154&#8243; global_colors_info=\u00bb{}\u00bb theme_builder_area=\u00bbpost_content\u00bb][et_pb_column type=\u00bb4_4&#8243; _builder_version=\u00bb4.27.4&#8243; _module_preset=\u00bbdefault\u00bb global_colors_info=\u00bb{}\u00bb theme_builder_area=\u00bbpost_content\u00bb][et_pb_post_title meta=\u00bboff\u00bb featured_image=\u00bboff\u00bb _builder_version=\u00bb4.27.4&#8243; _module_preset=\u00bbdefault\u00bb border_width_bottom=\u00bb1px\u00bb border_color_bottom=\u00bb#e5e5e5&#8243; global_colors_info=\u00bb{}\u00bb theme_builder_area=\u00bbpost_content\u00bb][\/et_pb_post_title][\/et_pb_column][\/et_pb_row][et_pb_row _builder_version=\u00bb4.27.4&#8243; _module_preset=\u00bbdefault\u00bb global_colors_info=\u00bb{}\u00bb theme_builder_area=\u00bbpost_content\u00bb][et_pb_column type=\u00bb4_4&#8243; _builder_version=\u00bb4.27.4&#8243; _module_preset=\u00bbdefault\u00bb global_colors_info=\u00bb{}\u00bb theme_builder_area=\u00bbpost_content\u00bb][et_pb_heading title=\u00bbSOLUCIONES ESCALABLES Y ADAPTADAS CON REDES INTELIGENTES EN B\u00daSQUEDA DE RESULTADOS Y EFICIENCIA\u00bb _builder_version=\u00bb4.27.4&#8243; _module_preset=\u00bbdefault\u00bb title_text_color=\u00bb#EC6E00&#8243; hover_enabled=\u00bb0&#8243; global_colors_info=\u00bb{}\u00bb theme_builder_area=\u00bbpost_content\u00bb sticky_enabled=\u00bb0&#8243;][\/et_pb_heading][et_pb_text _builder_version=\u00bb4.27.4&#8243; _module_preset=\u00bbdefault\u00bb hover_enabled=\u00bb0&#8243; global_colors_info=\u00bb{}\u00bb theme_builder_area=\u00bbpost_content\u00bb sticky_enabled=\u00bb0&#8243;]<\/p>\n<p>En COMSA98 ofrecemos soluciones de red inteligentes que permiten afrontar de forma global los retos estrat\u00e9gicos de cada uno de los proyectos con los que trabajamos.<\/p>\n<p>Esto permite asegurar un gran rendimiento y ayuda a cubrir riesgos relacionados con la seguridad, algo vital para cualquier empresa.<\/p>\n<p>[\/et_pb_text][\/et_pb_column][\/et_pb_row][et_pb_row column_structure=\u00bb1_2,1_2&#8243; use_custom_gutter=\u00bbon\u00bb gutter_width=\u00bb2&#8243; make_equal=\u00bbon\u00bb _builder_version=\u00bb4.27.4&#8243; _module_preset=\u00bbdefault\u00bb global_colors_info=\u00bb{}\u00bb theme_builder_area=\u00bbpost_content\u00bb][et_pb_column type=\u00bb1_2&#8243; _builder_version=\u00bb4.27.4&#8243; _module_preset=\u00bbdefault\u00bb background_color=\u00bb#F9F9F9&#8243; custom_padding=\u00bb30px|30px|30px|30px|false|false\u00bb global_colors_info=\u00bb{}\u00bb theme_builder_area=\u00bbpost_content\u00bb][et_pb_heading title=\u00bb\u00bfQu\u00e9 soluciones te ofrecemos?\u00bb _builder_version=\u00bb4.27.4&#8243; _module_preset=\u00bbdefault\u00bb title_level=\u00bbh3&#8243; global_colors_info=\u00bb{}\u00bb theme_builder_area=\u00bbpost_content\u00bb][\/et_pb_heading][et_pb_text _builder_version=\u00bb4.27.4&#8243; _module_preset=\u00bbdefault\u00bb hover_enabled=\u00bb0&#8243; global_colors_info=\u00bb{}\u00bb theme_builder_area=\u00bbpost_content\u00bb sticky_enabled=\u00bb0&#8243;]<\/p>\n<p><strong>Conmutadores LAN<span>\u00a0<\/span><\/strong>que permiten altas velocidades de interfaz, f\u00e1ciles de gestionar perfectas para entornos empresariales.<\/p>\n<p><strong>Soluciones WLAN<span>\u00a0<\/span><\/strong>que soportan los est\u00e1ndares m\u00e1s recientes (IEEE 802.11ac) que permiten\u00a0 ofrecer una experiencia de usuario muy avanzada y con una gran capacidad de ampliaci\u00f3n.<\/p>\n<p><strong>Sistemas de gesti\u00f3n de redes<\/strong><span>\u00a0<\/span>para poder supervisar la actividad de las mismas y realizar cualquier tipo de configuraci\u00f3n o solucionar problemas relacionados con ellas.<\/p>\n<p><strong>Routers<\/strong><span>\u00a0<\/span>que son capaces de ofrecer diferentes servicios en una soluci\u00f3n \u00fanica. De esta manera la eficiencia en recursos para la empresa es realmente importante.<\/p>\n<p><strong>Firewalls<\/strong><span>\u00a0<\/span>para detectar amenazas y aportar un plus de seguridad y proteger tu empresa frente a amenazas.<\/p>\n<p>Soluciones<span>\u00a0<\/span><strong>BYOD<\/strong><span>\u00a0<\/span>para conseguir que tanto la red inal\u00e1mbrica como la red por cable sean gestionadas de forma unificada asegurando los mismos servicios con el m\u00e1ximo nivel de seguridad.<\/p>\n<p><strong>Autenticaci\u00f3n y autorizaci\u00f3n unificada<\/strong><span>\u00a0<\/span>de amenazas en los sistemas para comprobar una correcta identificaci\u00f3n de los dispositivos.<\/p>\n<p><strong>Data Center<span>\u00a0<\/span><\/strong>con tecnolog\u00eda Intelligent Fabric.<\/p>\n<p>[\/et_pb_text][\/et_pb_column][et_pb_column type=\u00bb1_2&#8243; _builder_version=\u00bb4.27.4&#8243; _module_preset=\u00bbdefault\u00bb background_color=\u00bb#F9F9F9&#8243; custom_padding=\u00bb30px|30px|30px|30px|false|false\u00bb global_colors_info=\u00bb{}\u00bb theme_builder_area=\u00bbpost_content\u00bb][et_pb_heading title=\u00bb\u00bfQu\u00e9 ventajas te ofrecemos?\u00bb _builder_version=\u00bb4.27.4&#8243; _module_preset=\u00bbdefault\u00bb title_level=\u00bbh3&#8243; global_colors_info=\u00bb{}\u00bb theme_builder_area=\u00bbpost_content\u00bb][\/et_pb_heading][et_pb_text _builder_version=\u00bb4.27.4&#8243; _module_preset=\u00bbdefault\u00bb hover_enabled=\u00bb0&#8243; global_colors_info=\u00bb{}\u00bb theme_builder_area=\u00bbpost_content\u00bb sticky_enabled=\u00bb0&#8243;]<\/p>\n<p><strong>Funcionalidad.<span>\u00a0<\/span><\/strong>La implementaci\u00f3n de soluciones eficientes supone mejorar la experiencia de usuarios para clientes y aportar valor a\u00f1adido en cualquier \u00e1rea empresarial.<\/p>\n<p><strong>Seguridad<\/strong>. Responder con soluciones de networking requiere aplicar los m\u00e1s altos est\u00e1ndares de seguridad para conseguir construir soluciones din\u00e1micas y adaptables.<\/p>\n<p><strong>Flexibilidad<\/strong>. Los sistemas de red deben ser flexibles y \u00e1giles para asegurar que la infraestructura sea resistente y tenga capacidad para afrontar los retos.<\/p>\n<p><strong>Personalizaci\u00f3n.<span>\u00a0<\/span><\/strong>Adaptar las soluciones de networking a cada proyecto es necesario si queremos asegurar el buen funcionamiento de las redes inteligentes dentro de la empresa.<\/p>\n<p>[\/et_pb_text][et_pb_image src=\u00bbhttps:\/\/www.comsa98.com\/wp-content\/uploads\/2025\/03\/img_networking.jpg\u00bb title_text=\u00bbimg_networking\u00bb _builder_version=\u00bb4.27.4&#8243; _module_preset=\u00bbdefault\u00bb hover_enabled=\u00bb0&#8243; global_colors_info=\u00bb{}\u00bb theme_builder_area=\u00bbpost_content\u00bb sticky_enabled=\u00bb0&#8243;][\/et_pb_image][\/et_pb_column][\/et_pb_row][\/et_pb_section]<\/p>\n","protected":false},"excerpt":{"rendered":"<p>En COMSA98 ofrecemos soluciones de red inteligentes que permiten afrontar de forma global los retos estrat\u00e9gicos de cada uno de los proyectos con los que trabajamos. Esto permite asegurar un gran rendimiento y ayuda a cubrir riesgos relacionados con la seguridad, algo vital para cualquier empresa.Conmutadores LAN\u00a0que permiten altas velocidades de interfaz, f\u00e1ciles de gestionar [&hellip;]<\/p>\n","protected":false},"author":1,"featured_media":0,"parent":0,"menu_order":0,"comment_status":"closed","ping_status":"closed","template":"","meta":{"_acf_changed":false,"_et_pb_use_builder":"on","_et_pb_old_content":"","_et_gb_content_width":"","_monsterinsights_skip_tracking":false,"_monsterinsights_sitenote_active":false,"_monsterinsights_sitenote_note":"","_monsterinsights_sitenote_category":0,"footnotes":""},"class_list":["post-220","page","type-page","status-publish","hentry"],"acf":[],"yoast_head":"<!-- This site is optimized with the Yoast SEO plugin v27.3 - https:\/\/yoast.com\/product\/yoast-seo-wordpress\/ -->\n<title>Networking - Comsa98<\/title>\n<meta name=\"robots\" content=\"index, follow, max-snippet:-1, max-image-preview:large, max-video-preview:-1\" \/>\n<link rel=\"canonical\" href=\"https:\/\/www.comsa98.com\/es\/networking\/\" \/>\n<meta property=\"og:locale\" content=\"es_ES\" \/>\n<meta property=\"og:type\" content=\"article\" \/>\n<meta property=\"og:title\" content=\"Networking - Comsa98\" \/>\n<meta property=\"og:description\" content=\"En COMSA98 ofrecemos soluciones de red inteligentes que permiten afrontar de forma global los retos estrat\u00e9gicos de cada uno de los proyectos con los que trabajamos. Esto permite asegurar un gran rendimiento y ayuda a cubrir riesgos relacionados con la seguridad, algo vital para cualquier empresa.Conmutadores LAN\u00a0que permiten altas velocidades de interfaz, f\u00e1ciles de gestionar [&hellip;]\" \/>\n<meta property=\"og:url\" content=\"https:\/\/www.comsa98.com\/es\/networking\/\" \/>\n<meta property=\"og:site_name\" content=\"Comsa98\" \/>\n<meta property=\"article:modified_time\" content=\"2025-03-06T12:41:28+00:00\" \/>\n<meta name=\"twitter:card\" content=\"summary_large_image\" \/>\n<script type=\"application\/ld+json\" class=\"yoast-schema-graph\">{\"@context\":\"https:\\\/\\\/schema.org\",\"@graph\":[{\"@type\":\"WebPage\",\"@id\":\"https:\\\/\\\/www.comsa98.com\\\/es\\\/networking\\\/\",\"url\":\"https:\\\/\\\/www.comsa98.com\\\/es\\\/networking\\\/\",\"name\":\"Networking - Comsa98\",\"isPartOf\":{\"@id\":\"https:\\\/\\\/www.comsa98.com\\\/es\\\/#website\"},\"datePublished\":\"2025-03-06T12:39:56+00:00\",\"dateModified\":\"2025-03-06T12:41:28+00:00\",\"breadcrumb\":{\"@id\":\"https:\\\/\\\/www.comsa98.com\\\/es\\\/networking\\\/#breadcrumb\"},\"inLanguage\":\"es\",\"potentialAction\":[{\"@type\":\"ReadAction\",\"target\":[\"https:\\\/\\\/www.comsa98.com\\\/es\\\/networking\\\/\"]}]},{\"@type\":\"BreadcrumbList\",\"@id\":\"https:\\\/\\\/www.comsa98.com\\\/es\\\/networking\\\/#breadcrumb\",\"itemListElement\":[{\"@type\":\"ListItem\",\"position\":1,\"name\":\"Portada\",\"item\":\"https:\\\/\\\/www.comsa98.com\\\/es\\\/\"},{\"@type\":\"ListItem\",\"position\":2,\"name\":\"Networking\"}]},{\"@type\":\"WebSite\",\"@id\":\"https:\\\/\\\/www.comsa98.com\\\/es\\\/#website\",\"url\":\"https:\\\/\\\/www.comsa98.com\\\/es\\\/\",\"name\":\"Comsa98\",\"description\":\"\",\"potentialAction\":[{\"@type\":\"SearchAction\",\"target\":{\"@type\":\"EntryPoint\",\"urlTemplate\":\"https:\\\/\\\/www.comsa98.com\\\/es\\\/?s={search_term_string}\"},\"query-input\":{\"@type\":\"PropertyValueSpecification\",\"valueRequired\":true,\"valueName\":\"search_term_string\"}}],\"inLanguage\":\"es\"}]}<\/script>\n<!-- \/ Yoast SEO plugin. -->","yoast_head_json":{"title":"Networking - Comsa98","robots":{"index":"index","follow":"follow","max-snippet":"max-snippet:-1","max-image-preview":"max-image-preview:large","max-video-preview":"max-video-preview:-1"},"canonical":"https:\/\/www.comsa98.com\/es\/networking\/","og_locale":"es_ES","og_type":"article","og_title":"Networking - Comsa98","og_description":"En COMSA98 ofrecemos soluciones de red inteligentes que permiten afrontar de forma global los retos estrat\u00e9gicos de cada uno de los proyectos con los que trabajamos. Esto permite asegurar un gran rendimiento y ayuda a cubrir riesgos relacionados con la seguridad, algo vital para cualquier empresa.Conmutadores LAN\u00a0que permiten altas velocidades de interfaz, f\u00e1ciles de gestionar [&hellip;]","og_url":"https:\/\/www.comsa98.com\/es\/networking\/","og_site_name":"Comsa98","article_modified_time":"2025-03-06T12:41:28+00:00","twitter_card":"summary_large_image","schema":{"@context":"https:\/\/schema.org","@graph":[{"@type":"WebPage","@id":"https:\/\/www.comsa98.com\/es\/networking\/","url":"https:\/\/www.comsa98.com\/es\/networking\/","name":"Networking - Comsa98","isPartOf":{"@id":"https:\/\/www.comsa98.com\/es\/#website"},"datePublished":"2025-03-06T12:39:56+00:00","dateModified":"2025-03-06T12:41:28+00:00","breadcrumb":{"@id":"https:\/\/www.comsa98.com\/es\/networking\/#breadcrumb"},"inLanguage":"es","potentialAction":[{"@type":"ReadAction","target":["https:\/\/www.comsa98.com\/es\/networking\/"]}]},{"@type":"BreadcrumbList","@id":"https:\/\/www.comsa98.com\/es\/networking\/#breadcrumb","itemListElement":[{"@type":"ListItem","position":1,"name":"Portada","item":"https:\/\/www.comsa98.com\/es\/"},{"@type":"ListItem","position":2,"name":"Networking"}]},{"@type":"WebSite","@id":"https:\/\/www.comsa98.com\/es\/#website","url":"https:\/\/www.comsa98.com\/es\/","name":"Comsa98","description":"","potentialAction":[{"@type":"SearchAction","target":{"@type":"EntryPoint","urlTemplate":"https:\/\/www.comsa98.com\/es\/?s={search_term_string}"},"query-input":{"@type":"PropertyValueSpecification","valueRequired":true,"valueName":"search_term_string"}}],"inLanguage":"es"}]}},"_links":{"self":[{"href":"https:\/\/www.comsa98.com\/es\/wp-json\/wp\/v2\/pages\/220","targetHints":{"allow":["GET"]}}],"collection":[{"href":"https:\/\/www.comsa98.com\/es\/wp-json\/wp\/v2\/pages"}],"about":[{"href":"https:\/\/www.comsa98.com\/es\/wp-json\/wp\/v2\/types\/page"}],"author":[{"embeddable":true,"href":"https:\/\/www.comsa98.com\/es\/wp-json\/wp\/v2\/users\/1"}],"replies":[{"embeddable":true,"href":"https:\/\/www.comsa98.com\/es\/wp-json\/wp\/v2\/comments?post=220"}],"version-history":[{"count":5,"href":"https:\/\/www.comsa98.com\/es\/wp-json\/wp\/v2\/pages\/220\/revisions"}],"predecessor-version":[{"id":227,"href":"https:\/\/www.comsa98.com\/es\/wp-json\/wp\/v2\/pages\/220\/revisions\/227"}],"wp:attachment":[{"href":"https:\/\/www.comsa98.com\/es\/wp-json\/wp\/v2\/media?parent=220"}],"curies":[{"name":"wp","href":"https:\/\/api.w.org\/{rel}","templated":true}]}}