{"id":292,"date":"2025-03-06T13:27:29","date_gmt":"2025-03-06T13:27:29","guid":{"rendered":"https:\/\/www.comsa98.com\/?page_id=292"},"modified":"2025-03-06T13:29:01","modified_gmt":"2025-03-06T13:29:01","slug":"audiovisuales","status":"publish","type":"page","link":"https:\/\/www.comsa98.com\/es\/audiovisuales\/","title":{"rendered":"Audiovisuales"},"content":{"rendered":"<p>[et_pb_section fb_built=\u00bb1&#8243; _builder_version=\u00bb4.27.4&#8243; _module_preset=\u00bbdefault\u00bb background_image=\u00bbhttps:\/\/www.comsa98.com\/wp-content\/uploads\/2025\/03\/fondo_slide_0.png\u00bb custom_padding=\u00bb0px||0px||false|false\u00bb global_colors_info=\u00bb{}\u00bb theme_builder_area=\u00bbpost_content\u00bb][et_pb_row _builder_version=\u00bb4.27.4&#8243; _module_preset=\u00bbdefault\u00bb background_image=\u00bbhttps:\/\/www.comsa98.com\/wp-content\/uploads\/2025\/03\/slide_seguridad.png\u00bb min_height=\u00bb345px\u00bb custom_margin=\u00bb0px||0px||false|false\u00bb custom_padding=\u00bb150px||60px||false|false\u00bb animation_style=\u00bbfade\u00bb global_colors_info=\u00bb{}\u00bb theme_builder_area=\u00bbpost_content\u00bb][et_pb_column type=\u00bb4_4&#8243; _builder_version=\u00bb4.27.4&#8243; _module_preset=\u00bbdefault\u00bb background_enable_image=\u00bboff\u00bb global_colors_info=\u00bb{}\u00bb theme_builder_area=\u00bbpost_content\u00bb][\/et_pb_column][\/et_pb_row][\/et_pb_section][et_pb_section fb_built=\u00bb1&#8243; _builder_version=\u00bb4.27.4&#8243; _module_preset=\u00bbdefault\u00bb global_colors_info=\u00bb{}\u00bb theme_builder_area=\u00bbpost_content\u00bb][et_pb_row admin_label=\u00bbFila\u00bb _builder_version=\u00bb4.27.4&#8243; _module_preset=\u00bbdefault\u00bb global_module=\u00bb154&#8243; global_colors_info=\u00bb{}\u00bb theme_builder_area=\u00bbpost_content\u00bb][et_pb_column type=\u00bb4_4&#8243; _builder_version=\u00bb4.27.4&#8243; _module_preset=\u00bbdefault\u00bb global_colors_info=\u00bb{}\u00bb theme_builder_area=\u00bbpost_content\u00bb][et_pb_post_title meta=\u00bboff\u00bb featured_image=\u00bboff\u00bb _builder_version=\u00bb4.27.4&#8243; _module_preset=\u00bbdefault\u00bb border_width_bottom=\u00bb1px\u00bb border_color_bottom=\u00bb#e5e5e5&#8243; global_colors_info=\u00bb{}\u00bb theme_builder_area=\u00bbpost_content\u00bb][\/et_pb_post_title][\/et_pb_column][\/et_pb_row][et_pb_row _builder_version=\u00bb4.27.4&#8243; _module_preset=\u00bbdefault\u00bb global_colors_info=\u00bb{}\u00bb theme_builder_area=\u00bbpost_content\u00bb][et_pb_column type=\u00bb4_4&#8243; _builder_version=\u00bb4.27.4&#8243; _module_preset=\u00bbdefault\u00bb global_colors_info=\u00bb{}\u00bb theme_builder_area=\u00bbpost_content\u00bb][et_pb_heading title=\u00bbAPOSTAR POR SOLUCIONES AUDIOVISUALES DE CALIDAD ES APORTAR VALOR E INNOVACI\u00d3N\u00bb _builder_version=\u00bb4.27.4&#8243; _module_preset=\u00bbdefault\u00bb title_text_color=\u00bb#EC6E00&#8243; hover_enabled=\u00bb0&#8243; global_colors_info=\u00bb{}\u00bb theme_builder_area=\u00bbpost_content\u00bb sticky_enabled=\u00bb0&#8243;][\/et_pb_heading][et_pb_text _builder_version=\u00bb4.27.4&#8243; _module_preset=\u00bbdefault\u00bb hover_enabled=\u00bb0&#8243; global_colors_info=\u00bb{}\u00bb theme_builder_area=\u00bbpost_content\u00bb sticky_enabled=\u00bb0&#8243;]<\/p>\n<p><span>En COMSA98 somos expertos soluciones multimedia (audio, v\u00eddeo, carteler\u00eda digital, audioconferencia, videoconferencia, pantallas, proyectores, IPTV\u2026) que aportan gran valor a\u00f1adido a las empresas ofreciendo altas prestaciones.<\/span><\/p>\n<p>[\/et_pb_text][\/et_pb_column][\/et_pb_row][et_pb_row column_structure=\u00bb1_2,1_2&#8243; use_custom_gutter=\u00bbon\u00bb gutter_width=\u00bb2&#8243; make_equal=\u00bbon\u00bb _builder_version=\u00bb4.27.4&#8243; _module_preset=\u00bbdefault\u00bb global_colors_info=\u00bb{}\u00bb theme_builder_area=\u00bbpost_content\u00bb][et_pb_column type=\u00bb1_2&#8243; _builder_version=\u00bb4.27.4&#8243; _module_preset=\u00bbdefault\u00bb background_color=\u00bb#F9F9F9&#8243; custom_padding=\u00bb30px|30px|30px|30px|false|false\u00bb global_colors_info=\u00bb{}\u00bb theme_builder_area=\u00bbpost_content\u00bb][et_pb_heading title=\u00bb\u00bfQu\u00e9 soluciones te ofrecemos?\u00bb _builder_version=\u00bb4.27.4&#8243; _module_preset=\u00bbdefault\u00bb title_level=\u00bbh3&#8243; global_colors_info=\u00bb{}\u00bb theme_builder_area=\u00bbpost_content\u00bb][\/et_pb_heading][et_pb_text _builder_version=\u00bb4.27.4&#8243; _module_preset=\u00bbdefault\u00bb hover_enabled=\u00bb0&#8243; global_colors_info=\u00bb{}\u00bb theme_builder_area=\u00bbpost_content\u00bb sticky_enabled=\u00bb0&#8243;]<\/p>\n<p>Las soluciones audiovisuales que ofrecemos est\u00e1n orientadas a la adaptaci\u00f3n del entorno de forma personalizada orientando a los resultados todos los procesos audiovisuales implementados.<\/p>\n<p><strong>Megafon\u00eda y planes de evacuaci\u00f3n.<\/strong><span>\u00a0<\/span>La gran ventaja de este tipo de soluciones audiovisuales en este tipo de proyectos es la sencillez y la facilidad de instalaci\u00f3n y ejecuci\u00f3n.<\/p>\n<p><strong>Sistemas de carteler\u00eda digital.<\/strong><span>\u00a0<\/span>Ofrecemos la implementaci\u00f3n de sistemas que interact\u00faan con pantallas interactivas, trabajamos con sensores de movimiento y redes multiplataforma que ofrecen experiencias de muy alta calidad.<\/p>\n<p><strong>Sistema de audioconferencia y videoconferencia.<\/strong><span>\u00a0<\/span>Soluciones perfectas para reuniones empresariales y formadores que buscan una experiencia con soluciones locales y cloud con proyectores, pantallas, TVs, soportes\u2026<\/p>\n<p><strong>Soluciones de televisi\u00f3n en IPTV y EAI.<\/strong><span>\u00a0<\/span>Una gran manera de aportar valor a\u00f1adido a los clientes ofreciendo una experiencia con gran interacci\u00f3n y complementaci\u00f3n de medios como el Tablet o Smartphone.<\/p>\n<p>[\/et_pb_text][\/et_pb_column][et_pb_column type=\u00bb1_2&#8243; _builder_version=\u00bb4.27.4&#8243; _module_preset=\u00bbdefault\u00bb background_color=\u00bb#F9F9F9&#8243; custom_padding=\u00bb30px|30px|30px|30px|false|false\u00bb global_colors_info=\u00bb{}\u00bb theme_builder_area=\u00bbpost_content\u00bb][et_pb_heading title=\u00bb\u00bfQu\u00e9 ventajas te ofrecemos?\u00bb _builder_version=\u00bb4.27.4&#8243; _module_preset=\u00bbdefault\u00bb title_level=\u00bbh3&#8243; global_colors_info=\u00bb{}\u00bb theme_builder_area=\u00bbpost_content\u00bb][\/et_pb_heading][et_pb_text _builder_version=\u00bb4.27.4&#8243; _module_preset=\u00bbdefault\u00bb hover_enabled=\u00bb0&#8243; global_colors_info=\u00bb{}\u00bb theme_builder_area=\u00bbpost_content\u00bb sticky_enabled=\u00bb0&#8243;]<\/p>\n<p><strong>Personalizaci\u00f3n<\/strong>. Cada proyecto es diferente y hay que tratarlo como tal. Buscamos una buena integraci\u00f3n dentro de cada empresa en el \u00e1mbito audiovisual.<\/p>\n<p><strong>Experiencia<\/strong>. Trabajamos implementando soluciones en base a una contrastada experiencia que nos permite adaptar los proyectos de forma eficiente.<\/p>\n<p><strong>Escalabilidad<\/strong>. El entorno empresarial cambia, las necesidades son diferentes y trabajamos soluciones que permiten crecer en el tiempo garantizando una gran adaptabilidad.<\/p>\n<p><strong>Calidad<\/strong>. La eficiencia en la implementaci\u00f3n de soluciones audiovisuales garantiza una gran calidad para que se consiga alcanzar los objetivos marcados.\u00a0<\/p>\n<p>[\/et_pb_text][et_pb_image src=\u00bbhttps:\/\/www.comsa98.com\/wp-content\/uploads\/2025\/03\/img_audiovisuales.jpg\u00bb _builder_version=\u00bb4.27.4&#8243; _module_preset=\u00bbdefault\u00bb theme_builder_area=\u00bbpost_content\u00bb title_text=\u00bbimg_audiovisuales\u00bb hover_enabled=\u00bb0&#8243; sticky_enabled=\u00bb0&#8243;][\/et_pb_image][\/et_pb_column][\/et_pb_row][\/et_pb_section]<\/p>\n","protected":false},"excerpt":{"rendered":"<p>En COMSA98 somos expertos soluciones multimedia (audio, v\u00eddeo, carteler\u00eda digital, audioconferencia, videoconferencia, pantallas, proyectores, IPTV\u2026) que aportan gran valor a\u00f1adido a las empresas ofreciendo altas prestaciones.Las soluciones audiovisuales que ofrecemos est\u00e1n orientadas a la adaptaci\u00f3n del entorno de forma personalizada orientando a los resultados todos los procesos audiovisuales implementados. Megafon\u00eda y planes de evacuaci\u00f3n.\u00a0La gran [&hellip;]<\/p>\n","protected":false},"author":1,"featured_media":0,"parent":0,"menu_order":0,"comment_status":"closed","ping_status":"closed","template":"","meta":{"_acf_changed":false,"_et_pb_use_builder":"on","_et_pb_old_content":"","_et_gb_content_width":"","_monsterinsights_skip_tracking":false,"_monsterinsights_sitenote_active":false,"_monsterinsights_sitenote_note":"","_monsterinsights_sitenote_category":0,"footnotes":""},"class_list":["post-292","page","type-page","status-publish","hentry"],"acf":[],"yoast_head":"<!-- This site is optimized with the Yoast SEO plugin v27.4 - https:\/\/yoast.com\/product\/yoast-seo-wordpress\/ -->\n<title>Audiovisuales - Comsa98<\/title>\n<meta name=\"robots\" content=\"index, follow, max-snippet:-1, max-image-preview:large, max-video-preview:-1\" \/>\n<link rel=\"canonical\" href=\"https:\/\/www.comsa98.com\/es\/audiovisuales\/\" \/>\n<meta property=\"og:locale\" content=\"es_ES\" \/>\n<meta property=\"og:type\" content=\"article\" \/>\n<meta property=\"og:title\" content=\"Audiovisuales - Comsa98\" \/>\n<meta property=\"og:description\" content=\"En COMSA98 somos expertos soluciones multimedia (audio, v\u00eddeo, carteler\u00eda digital, audioconferencia, videoconferencia, pantallas, proyectores, IPTV\u2026) que aportan gran valor a\u00f1adido a las empresas ofreciendo altas prestaciones.Las soluciones audiovisuales que ofrecemos est\u00e1n orientadas a la adaptaci\u00f3n del entorno de forma personalizada orientando a los resultados todos los procesos audiovisuales implementados. Megafon\u00eda y planes de evacuaci\u00f3n.\u00a0La gran [&hellip;]\" \/>\n<meta property=\"og:url\" content=\"https:\/\/www.comsa98.com\/es\/audiovisuales\/\" \/>\n<meta property=\"og:site_name\" content=\"Comsa98\" \/>\n<meta property=\"article:modified_time\" content=\"2025-03-06T13:29:01+00:00\" \/>\n<meta name=\"twitter:card\" content=\"summary_large_image\" \/>\n<script type=\"application\/ld+json\" class=\"yoast-schema-graph\">{\"@context\":\"https:\\\/\\\/schema.org\",\"@graph\":[{\"@type\":\"WebPage\",\"@id\":\"https:\\\/\\\/www.comsa98.com\\\/es\\\/audiovisuales\\\/\",\"url\":\"https:\\\/\\\/www.comsa98.com\\\/es\\\/audiovisuales\\\/\",\"name\":\"Audiovisuales - Comsa98\",\"isPartOf\":{\"@id\":\"https:\\\/\\\/www.comsa98.com\\\/es\\\/#website\"},\"datePublished\":\"2025-03-06T13:27:29+00:00\",\"dateModified\":\"2025-03-06T13:29:01+00:00\",\"breadcrumb\":{\"@id\":\"https:\\\/\\\/www.comsa98.com\\\/es\\\/audiovisuales\\\/#breadcrumb\"},\"inLanguage\":\"es\",\"potentialAction\":[{\"@type\":\"ReadAction\",\"target\":[\"https:\\\/\\\/www.comsa98.com\\\/es\\\/audiovisuales\\\/\"]}]},{\"@type\":\"BreadcrumbList\",\"@id\":\"https:\\\/\\\/www.comsa98.com\\\/es\\\/audiovisuales\\\/#breadcrumb\",\"itemListElement\":[{\"@type\":\"ListItem\",\"position\":1,\"name\":\"Portada\",\"item\":\"https:\\\/\\\/www.comsa98.com\\\/es\\\/\"},{\"@type\":\"ListItem\",\"position\":2,\"name\":\"Audiovisuales\"}]},{\"@type\":\"WebSite\",\"@id\":\"https:\\\/\\\/www.comsa98.com\\\/es\\\/#website\",\"url\":\"https:\\\/\\\/www.comsa98.com\\\/es\\\/\",\"name\":\"Comsa98\",\"description\":\"\",\"potentialAction\":[{\"@type\":\"SearchAction\",\"target\":{\"@type\":\"EntryPoint\",\"urlTemplate\":\"https:\\\/\\\/www.comsa98.com\\\/es\\\/?s={search_term_string}\"},\"query-input\":{\"@type\":\"PropertyValueSpecification\",\"valueRequired\":true,\"valueName\":\"search_term_string\"}}],\"inLanguage\":\"es\"}]}<\/script>\n<!-- \/ Yoast SEO plugin. -->","yoast_head_json":{"title":"Audiovisuales - Comsa98","robots":{"index":"index","follow":"follow","max-snippet":"max-snippet:-1","max-image-preview":"max-image-preview:large","max-video-preview":"max-video-preview:-1"},"canonical":"https:\/\/www.comsa98.com\/es\/audiovisuales\/","og_locale":"es_ES","og_type":"article","og_title":"Audiovisuales - Comsa98","og_description":"En COMSA98 somos expertos soluciones multimedia (audio, v\u00eddeo, carteler\u00eda digital, audioconferencia, videoconferencia, pantallas, proyectores, IPTV\u2026) que aportan gran valor a\u00f1adido a las empresas ofreciendo altas prestaciones.Las soluciones audiovisuales que ofrecemos est\u00e1n orientadas a la adaptaci\u00f3n del entorno de forma personalizada orientando a los resultados todos los procesos audiovisuales implementados. Megafon\u00eda y planes de evacuaci\u00f3n.\u00a0La gran [&hellip;]","og_url":"https:\/\/www.comsa98.com\/es\/audiovisuales\/","og_site_name":"Comsa98","article_modified_time":"2025-03-06T13:29:01+00:00","twitter_card":"summary_large_image","schema":{"@context":"https:\/\/schema.org","@graph":[{"@type":"WebPage","@id":"https:\/\/www.comsa98.com\/es\/audiovisuales\/","url":"https:\/\/www.comsa98.com\/es\/audiovisuales\/","name":"Audiovisuales - Comsa98","isPartOf":{"@id":"https:\/\/www.comsa98.com\/es\/#website"},"datePublished":"2025-03-06T13:27:29+00:00","dateModified":"2025-03-06T13:29:01+00:00","breadcrumb":{"@id":"https:\/\/www.comsa98.com\/es\/audiovisuales\/#breadcrumb"},"inLanguage":"es","potentialAction":[{"@type":"ReadAction","target":["https:\/\/www.comsa98.com\/es\/audiovisuales\/"]}]},{"@type":"BreadcrumbList","@id":"https:\/\/www.comsa98.com\/es\/audiovisuales\/#breadcrumb","itemListElement":[{"@type":"ListItem","position":1,"name":"Portada","item":"https:\/\/www.comsa98.com\/es\/"},{"@type":"ListItem","position":2,"name":"Audiovisuales"}]},{"@type":"WebSite","@id":"https:\/\/www.comsa98.com\/es\/#website","url":"https:\/\/www.comsa98.com\/es\/","name":"Comsa98","description":"","potentialAction":[{"@type":"SearchAction","target":{"@type":"EntryPoint","urlTemplate":"https:\/\/www.comsa98.com\/es\/?s={search_term_string}"},"query-input":{"@type":"PropertyValueSpecification","valueRequired":true,"valueName":"search_term_string"}}],"inLanguage":"es"}]}},"_links":{"self":[{"href":"https:\/\/www.comsa98.com\/es\/wp-json\/wp\/v2\/pages\/292","targetHints":{"allow":["GET"]}}],"collection":[{"href":"https:\/\/www.comsa98.com\/es\/wp-json\/wp\/v2\/pages"}],"about":[{"href":"https:\/\/www.comsa98.com\/es\/wp-json\/wp\/v2\/types\/page"}],"author":[{"embeddable":true,"href":"https:\/\/www.comsa98.com\/es\/wp-json\/wp\/v2\/users\/1"}],"replies":[{"embeddable":true,"href":"https:\/\/www.comsa98.com\/es\/wp-json\/wp\/v2\/comments?post=292"}],"version-history":[{"count":4,"href":"https:\/\/www.comsa98.com\/es\/wp-json\/wp\/v2\/pages\/292\/revisions"}],"predecessor-version":[{"id":298,"href":"https:\/\/www.comsa98.com\/es\/wp-json\/wp\/v2\/pages\/292\/revisions\/298"}],"wp:attachment":[{"href":"https:\/\/www.comsa98.com\/es\/wp-json\/wp\/v2\/media?parent=292"}],"curies":[{"name":"wp","href":"https:\/\/api.w.org\/{rel}","templated":true}]}}